{"id":1112,"date":"2019-07-11T11:50:44","date_gmt":"2019-07-11T09:50:44","guid":{"rendered":"http:\/\/www.krapf-lex.de\/?page_id=1112"},"modified":"2019-07-15T13:38:25","modified_gmt":"2019-07-15T11:38:25","slug":"el-equipo","status":"publish","type":"page","link":"https:\/\/www.krapf-lex.de\/es\/empresa\/el-equipo\/","title":{"rendered":"El equipo"},"content":{"rendered":"<div class=\"wpb-content-wrapper\"><p>[vc_row][vc_column][vc_column_text]<\/p>\n<h2>Personas de contacto para ustedes<\/h2>\n<p>[\/vc_column_text][\/vc_column][\/vc_row][vc_row][vc_column width=\u00bb1\/2&#8243;][vc_row_inner][vc_column_inner width=\u00bb1\/2&#8243;][vc_single_image image=\u00bb487&#8243; img_size=\u00bbfull\u00bb][\/vc_column_inner][vc_column_inner width=\u00bb1\/2&#8243;][vc_column_text]<\/p>\n<div class=\"csc-textpicHeader csc-textpicHeader-26\">\n<h3>Servicio de informaci\u00f3n de los clie<\/h3>\n<\/div>\n<p><b>Se\u00f1or<\/b><b> Martin Schulz<\/b><\/p>\n<p>Tel\u00e9fono +49 (0) 9 61 \/ 6 34 84 &#8211; 51<br \/>\nFax\u00a0+49 (0) 9 61 \/ 6 34 84 &#8211; 54<\/p>\n<p><span lang=\"ES\">E-Mail<\/span>: <a class=\"mail\" href=\"mailto:m.schulz@krapf-lex.de\">m.schulz(at)krapf-lex(dot)de<\/a>[\/vc_column_text][\/vc_column_inner][\/vc_row_inner][\/vc_column][vc_column width=\u00bb1\/2&#8243;][vc_row_inner][vc_column_inner width=\u00bb1\/2&#8243;][vc_single_image image=\u00bb514&#8243; img_size=\u00bbfull\u00bb][\/vc_column_inner][vc_column_inner width=\u00bb1\/2&#8243;][vc_column_text]<\/p>\n<div class=\"csc-textpicHeader csc-textpicHeader-26\">\n<div class=\"csc-textpicHeader csc-textpicHeader-26\">\n<h3>Servicio de informati\u00f3n de los clientes<\/h3>\n<\/div>\n<p><b>Se\u00f1ora\u00a0Bettina Scherm<\/b><\/p>\n<p>Tel\u00e9fono +49 (0) 9 61 \/ 6 34 84 &#8211; 31<br \/>\nFax +49 (0) 9 61 \/ 6 34 84 &#8211; 54<\/p>\n<p><span lang=\"ES\">E-Mail<\/span>: <a class=\"mail\" href=\"mailto:b.scherm@krapf-lex.de\">b.scherm(at)krapf-lex(dot)de<\/a><\/p>\n<\/div>\n<p>[\/vc_column_text][\/vc_column_inner][\/vc_row_inner][\/vc_column][\/vc_row][vc_row][vc_column width=\u00bb1\/2&#8243;][vc_row_inner][vc_column_inner width=\u00bb1\/2&#8243;][vc_single_image image=\u00bb467&#8243; img_size=\u00bbfull\u00bb][\/vc_column_inner][vc_column_inner width=\u00bb1\/2&#8243;][vc_column_text]<\/p>\n<div class=\"csc-textpicHeader csc-textpicHeader-26\">\n<div class=\"csc-textpicHeader csc-textpicHeader-26\">\n<h3>Servicio de informaci\u00f3n de los clientes<\/h3>\n<\/div>\n<p><b>Se\u00f1or<\/b><b> Andreas Seelbach<\/b><\/p>\n<p>Tel\u00e9fono +49 (0) 9 61 \/ 6 34 84 &#8211; 59<br \/>\nFax\u00a0+49 (0) 9 61 \/ 6 34 84 &#8211; 54<\/p>\n<p><span lang=\"ES\">E-Mail<\/span>: <a class=\"mail\" href=\"mailto:a.seelbach@krapf-lex.de\">a.seelbach(at)krapf-lex(dot)de<\/a><\/p>\n<h3><\/h3>\n<\/div>\n<p>[\/vc_column_text][\/vc_column_inner][\/vc_row_inner][\/vc_column][vc_column width=\u00bb1\/2&#8243;][vc_row_inner][vc_column_inner width=\u00bb1\/2&#8243;][vc_single_image image=\u00bb502&#8243; img_size=\u00bbfull\u00bb][\/vc_column_inner][vc_column_inner width=\u00bb1\/2&#8243;][vc_column_text]<\/p>\n<div class=\"csc-textpicHeader csc-textpicHeader-26\">\n<div class=\"csc-textpicHeader csc-textpicHeader-26\">\n<h3>Servicio de informaci\u00f3n de los clientes<\/h3>\n<\/div>\n<p><b>Se\u00f1or<\/b><b> Robert Schulz<\/b><\/p>\n<p>Tel\u00e9fono +49 (0) 9 61 \/ 6 34 84 &#8211; 52<br \/>\nFax\u00a0+49 (0) 9 61 \/ 6 34 84 &#8211; 54<\/p>\n<p><span lang=\"ES\">E-Mail<\/span>: <a href=\"mailto:r.schulz@krapf-lex.de\">r.schulz(at)krapf-lex(dot)de<\/a><\/p>\n<\/div>\n<p>[\/vc_column_text][\/vc_column_inner][\/vc_row_inner][\/vc_column][\/vc_row][vc_row][vc_column width=\u00bb1\/2&#8243;][vc_row_inner][vc_column_inner width=\u00bb1\/2&#8243;][vc_single_image image=\u00bb507&#8243; img_size=\u00bbfull\u00bb][\/vc_column_inner][vc_column_inner width=\u00bb1\/2&#8243;][vc_column_text]<\/p>\n<div class=\"csc-textpicHeader csc-textpicHeader-26\">\n<h3>Servicio al cliente<\/h3>\n<\/div>\n<p><b>Se\u00f1ora Thi Thu Trang Riedel-Do<\/b><\/p>\n<p>Tel\u00e9fono +49 (0) 9 61 \/ 6 34 84 &#8211; 50<br \/>\nFax +49 (0) 9 61 \/ 6 34 84 &#8211; 54<\/p>\n<p>E-Mail: <a class=\"mail\" href=\"mailto:p.heymann@krapf-lex.de\">t.riedel-do@krapf-lex.de<\/a>[\/vc_column_text][\/vc_column_inner][\/vc_row_inner][\/vc_column][vc_column width=\u00bb1\/2&#8243;][vc_row_inner][vc_column_inner width=\u00bb1\/2&#8243;][vc_single_image image=\u00bb462&#8243; img_size=\u00bbfull\u00bb][\/vc_column_inner][vc_column_inner width=\u00bb1\/2&#8243;][vc_column_text]<\/p>\n<div class=\"csc-textpicHeader csc-textpicHeader-26\">\n<div class=\"csc-textpicHeader csc-textpicHeader-26\">\n<h3>Director de construcci\u00f3n<\/h3>\n<\/div>\n<p><b>Se\u00f1or<\/b>\u00a0<b>Dirk Hinrichsmeyer<\/b><\/p>\n<p>Tel\u00e9fono +49 (0) 9 61 \/ 6 34 84 &#8211; 55<br \/>\nFax +49 (0) 9 61 \/ 6 34 84 &#8211; 54<\/p>\n<p><span lang=\"ES\">E-Mail<\/span>: <a class=\"mail\" href=\"mailto:d.hinrichsmeyer@krapf-lex.de\">d.hinrichsmeyer(at)krapf-lex(dot)de<\/a><\/p>\n<h3><\/h3>\n<\/div>\n<p>[\/vc_column_text][\/vc_column_inner][\/vc_row_inner][\/vc_column][\/vc_row][vc_row][vc_column width=\u00bb1\/2&#8243;][\/vc_column][vc_column width=\u00bb1\/2&#8243;][\/vc_column][\/vc_row]<\/p>\n<\/div>","protected":false},"excerpt":{"rendered":"<p>[vc_row][vc_column][vc_column_text] Personas de contacto para ustedes [\/vc_column_text][\/vc_column][\/vc_row][vc_row][vc_column width=\u00bb1\/2&#8243;][vc_row_inner][vc_column_inner width=\u00bb1\/2&#8243;][vc_single_image image=\u00bb487&#8243; img_size=\u00bbfull\u00bb][\/vc_column_inner][vc_column_inner width=\u00bb1\/2&#8243;][vc_column_text] Servicio de informaci\u00f3n de los clie Se\u00f1or Martin Schulz Tel\u00e9fono +49 (0) 9 61 \/ 6 34 84 &#8211; 51 Fax\u00a0+49 (0) 9 61 \/ 6 34 84 &#8211; 54 E-Mail: m.schulz(at)krapf-lex(dot)de[\/vc_column_text][\/vc_column_inner][\/vc_row_inner][\/vc_column][vc_column width=\u00bb1\/2&#8243;][vc_row_inner][vc_column_inner width=\u00bb1\/2&#8243;][vc_single_image image=\u00bb514&#8243; img_size=\u00bbfull\u00bb][\/vc_column_inner][vc_column_inner width=\u00bb1\/2&#8243;][vc_column_text] Servicio de informati\u00f3n de los clientes&hellip;<\/p>\n","protected":false},"author":3,"featured_media":0,"parent":1110,"menu_order":0,"comment_status":"closed","ping_status":"closed","template":"","meta":{"footnotes":""},"class_list":["post-1112","page","type-page","status-publish","hentry","description-off"],"yoast_head":"<!-- This site is optimized with the Yoast SEO plugin v26.9 - https:\/\/yoast.com\/product\/yoast-seo-wordpress\/ -->\n<title>El equipo - Krapf &amp; Lex<\/title>\n<meta name=\"robots\" content=\"index, follow, max-snippet:-1, max-image-preview:large, max-video-preview:-1\" \/>\n<link rel=\"canonical\" href=\"https:\/\/www.krapf-lex.de\/es\/empresa\/el-equipo\/\" \/>\n<meta property=\"og:locale\" content=\"es_ES\" \/>\n<meta property=\"og:type\" content=\"article\" \/>\n<meta property=\"og:title\" content=\"El equipo - Krapf &amp; Lex\" \/>\n<meta property=\"og:description\" content=\"[vc_row][vc_column][vc_column_text] Personas de contacto para ustedes [\/vc_column_text][\/vc_column][\/vc_row][vc_row][vc_column width=\u00bb1\/2&#8243;][vc_row_inner][vc_column_inner width=\u00bb1\/2&#8243;][vc_single_image image=\u00bb487&#8243; img_size=\u00bbfull\u00bb][\/vc_column_inner][vc_column_inner width=\u00bb1\/2&#8243;][vc_column_text] Servicio de informaci\u00f3n de los clie Se\u00f1or Martin Schulz Tel\u00e9fono +49 (0) 9 61 \/ 6 34 84 &#8211; 51 Fax\u00a0+49 (0) 9 61 \/ 6 34 84 &#8211; 54 E-Mail: m.schulz(at)krapf-lex(dot)de[\/vc_column_text][\/vc_column_inner][\/vc_row_inner][\/vc_column][vc_column width=\u00bb1\/2&#8243;][vc_row_inner][vc_column_inner width=\u00bb1\/2&#8243;][vc_single_image image=\u00bb514&#8243; img_size=\u00bbfull\u00bb][\/vc_column_inner][vc_column_inner width=\u00bb1\/2&#8243;][vc_column_text] Servicio de informati\u00f3n de los clientes&hellip;\" \/>\n<meta property=\"og:url\" content=\"https:\/\/www.krapf-lex.de\/es\/empresa\/el-equipo\/\" \/>\n<meta property=\"og:site_name\" content=\"Krapf &amp; Lex\" \/>\n<meta property=\"article:modified_time\" content=\"2019-07-15T11:38:25+00:00\" \/>\n<meta name=\"twitter:card\" content=\"summary_large_image\" \/>\n<meta name=\"twitter:label1\" content=\"Tiempo de lectura\" \/>\n\t<meta name=\"twitter:data1\" content=\"2 minutos\" \/>\n<script type=\"application\/ld+json\" class=\"yoast-schema-graph\">{\"@context\":\"https:\/\/schema.org\",\"@graph\":[{\"@type\":\"WebPage\",\"@id\":\"https:\/\/www.krapf-lex.de\/es\/empresa\/el-equipo\/\",\"url\":\"https:\/\/www.krapf-lex.de\/es\/empresa\/el-equipo\/\",\"name\":\"El equipo - Krapf &amp; Lex\",\"isPartOf\":{\"@id\":\"https:\/\/www.krapf-lex.de\/es\/#website\"},\"datePublished\":\"2019-07-11T09:50:44+00:00\",\"dateModified\":\"2019-07-15T11:38:25+00:00\",\"breadcrumb\":{\"@id\":\"https:\/\/www.krapf-lex.de\/es\/empresa\/el-equipo\/#breadcrumb\"},\"inLanguage\":\"es\",\"potentialAction\":[{\"@type\":\"ReadAction\",\"target\":[\"https:\/\/www.krapf-lex.de\/es\/empresa\/el-equipo\/\"]}]},{\"@type\":\"BreadcrumbList\",\"@id\":\"https:\/\/www.krapf-lex.de\/es\/empresa\/el-equipo\/#breadcrumb\",\"itemListElement\":[{\"@type\":\"ListItem\",\"position\":1,\"name\":\"Startseite\",\"item\":\"https:\/\/www.krapf-lex.de\/es\/\"},{\"@type\":\"ListItem\",\"position\":2,\"name\":\"Empresa\",\"item\":\"https:\/\/www.krapf-lex.de\/es\/empresa\/\"},{\"@type\":\"ListItem\",\"position\":3,\"name\":\"El equipo\"}]},{\"@type\":\"WebSite\",\"@id\":\"https:\/\/www.krapf-lex.de\/es\/#website\",\"url\":\"https:\/\/www.krapf-lex.de\/es\/\",\"name\":\"Krapf &amp; Lex\",\"description\":\"Weiden i. d. Oberpfalz\",\"potentialAction\":[{\"@type\":\"SearchAction\",\"target\":{\"@type\":\"EntryPoint\",\"urlTemplate\":\"https:\/\/www.krapf-lex.de\/es\/?s={search_term_string}\"},\"query-input\":{\"@type\":\"PropertyValueSpecification\",\"valueRequired\":true,\"valueName\":\"search_term_string\"}}],\"inLanguage\":\"es\"}]}<\/script>\n<!-- \/ Yoast SEO plugin. -->","yoast_head_json":{"title":"El equipo - Krapf &amp; Lex","robots":{"index":"index","follow":"follow","max-snippet":"max-snippet:-1","max-image-preview":"max-image-preview:large","max-video-preview":"max-video-preview:-1"},"canonical":"https:\/\/www.krapf-lex.de\/es\/empresa\/el-equipo\/","og_locale":"es_ES","og_type":"article","og_title":"El equipo - Krapf &amp; Lex","og_description":"[vc_row][vc_column][vc_column_text] Personas de contacto para ustedes [\/vc_column_text][\/vc_column][\/vc_row][vc_row][vc_column width=\u00bb1\/2&#8243;][vc_row_inner][vc_column_inner width=\u00bb1\/2&#8243;][vc_single_image image=\u00bb487&#8243; img_size=\u00bbfull\u00bb][\/vc_column_inner][vc_column_inner width=\u00bb1\/2&#8243;][vc_column_text] Servicio de informaci\u00f3n de los clie Se\u00f1or Martin Schulz Tel\u00e9fono +49 (0) 9 61 \/ 6 34 84 &#8211; 51 Fax\u00a0+49 (0) 9 61 \/ 6 34 84 &#8211; 54 E-Mail: m.schulz(at)krapf-lex(dot)de[\/vc_column_text][\/vc_column_inner][\/vc_row_inner][\/vc_column][vc_column width=\u00bb1\/2&#8243;][vc_row_inner][vc_column_inner width=\u00bb1\/2&#8243;][vc_single_image image=\u00bb514&#8243; img_size=\u00bbfull\u00bb][\/vc_column_inner][vc_column_inner width=\u00bb1\/2&#8243;][vc_column_text] Servicio de informati\u00f3n de los clientes&hellip;","og_url":"https:\/\/www.krapf-lex.de\/es\/empresa\/el-equipo\/","og_site_name":"Krapf &amp; Lex","article_modified_time":"2019-07-15T11:38:25+00:00","twitter_card":"summary_large_image","twitter_misc":{"Tiempo de lectura":"2 minutos"},"schema":{"@context":"https:\/\/schema.org","@graph":[{"@type":"WebPage","@id":"https:\/\/www.krapf-lex.de\/es\/empresa\/el-equipo\/","url":"https:\/\/www.krapf-lex.de\/es\/empresa\/el-equipo\/","name":"El equipo - Krapf &amp; Lex","isPartOf":{"@id":"https:\/\/www.krapf-lex.de\/es\/#website"},"datePublished":"2019-07-11T09:50:44+00:00","dateModified":"2019-07-15T11:38:25+00:00","breadcrumb":{"@id":"https:\/\/www.krapf-lex.de\/es\/empresa\/el-equipo\/#breadcrumb"},"inLanguage":"es","potentialAction":[{"@type":"ReadAction","target":["https:\/\/www.krapf-lex.de\/es\/empresa\/el-equipo\/"]}]},{"@type":"BreadcrumbList","@id":"https:\/\/www.krapf-lex.de\/es\/empresa\/el-equipo\/#breadcrumb","itemListElement":[{"@type":"ListItem","position":1,"name":"Startseite","item":"https:\/\/www.krapf-lex.de\/es\/"},{"@type":"ListItem","position":2,"name":"Empresa","item":"https:\/\/www.krapf-lex.de\/es\/empresa\/"},{"@type":"ListItem","position":3,"name":"El equipo"}]},{"@type":"WebSite","@id":"https:\/\/www.krapf-lex.de\/es\/#website","url":"https:\/\/www.krapf-lex.de\/es\/","name":"Krapf &amp; Lex","description":"Weiden i. d. Oberpfalz","potentialAction":[{"@type":"SearchAction","target":{"@type":"EntryPoint","urlTemplate":"https:\/\/www.krapf-lex.de\/es\/?s={search_term_string}"},"query-input":{"@type":"PropertyValueSpecification","valueRequired":true,"valueName":"search_term_string"}}],"inLanguage":"es"}]}},"_links":{"self":[{"href":"https:\/\/www.krapf-lex.de\/es\/wp-json\/wp\/v2\/pages\/1112","targetHints":{"allow":["GET"]}}],"collection":[{"href":"https:\/\/www.krapf-lex.de\/es\/wp-json\/wp\/v2\/pages"}],"about":[{"href":"https:\/\/www.krapf-lex.de\/es\/wp-json\/wp\/v2\/types\/page"}],"author":[{"embeddable":true,"href":"https:\/\/www.krapf-lex.de\/es\/wp-json\/wp\/v2\/users\/3"}],"replies":[{"embeddable":true,"href":"https:\/\/www.krapf-lex.de\/es\/wp-json\/wp\/v2\/comments?post=1112"}],"version-history":[{"count":3,"href":"https:\/\/www.krapf-lex.de\/es\/wp-json\/wp\/v2\/pages\/1112\/revisions"}],"predecessor-version":[{"id":1241,"href":"https:\/\/www.krapf-lex.de\/es\/wp-json\/wp\/v2\/pages\/1112\/revisions\/1241"}],"up":[{"embeddable":true,"href":"https:\/\/www.krapf-lex.de\/es\/wp-json\/wp\/v2\/pages\/1110"}],"wp:attachment":[{"href":"https:\/\/www.krapf-lex.de\/es\/wp-json\/wp\/v2\/media?parent=1112"}],"curies":[{"name":"wp","href":"https:\/\/api.w.org\/{rel}","templated":true}]}}