{"id":1115,"date":"2019-07-11T11:51:57","date_gmt":"2019-07-11T09:51:57","guid":{"rendered":"http:\/\/www.krapf-lex.de\/?page_id=1115"},"modified":"2023-01-24T09:07:14","modified_gmt":"2023-01-24T08:07:14","slug":"krapf-lex","status":"publish","type":"page","link":"https:\/\/www.krapf-lex.de\/es\/empresa\/krapf-lex\/","title":{"rendered":"Krapf &#038; Lex"},"content":{"rendered":"<div class=\"wpb-content-wrapper\"><p>[vc_row][vc_column width=\u00bb1\/2&#8243;][vc_column_text]Krapf &amp; Lex <span lang=\"ES\">desarrolla y produce desde hace m\u00e1s de cincuenta a\u00f1os filtros efectivos, rejillas de ventilaci\u00f3n y sistemas de protecci\u00f3n de presi\u00f3n para sistemas de aire exterior y sistemas de aire de escape en veh\u00edculos ferroviarios.<\/span>[\/vc_column_text][vc_column_text]<\/p>\n<p style=\"text-align: justify;\">Para evitar la penetraci\u00f3n de polvo, agua y nieve en el interior de los veh\u00edculos, se desarrollan y se producen, basados en una experiencia de muchos a\u00f1os y en estrecha cooperaci\u00f3n con el cliente, eficaces sistemas de filtro para el aire exterior y el aire de escape de instalaciones de aire acondicionado y de ventilaci\u00f3n as\u00ed como para diversos sistemas de aire refrigerante de los m\u00e1s variados componentes t\u00e9cnicos en locomotoras y coches de viajeros. El dise\u00f1o profesional y la asistencia altamente competente de nuestros t\u00e9cnicos a los clientes, desde el primer asesoramiento hasta la r\u00e1pida puesta a disposici\u00f3n de modelos en 3D y muestras, facilitan a nuestros clientes la integraci\u00f3n de los componentes en el veh\u00edculo ferroviario.<\/p>\n<p>[\/vc_column_text][\/vc_column][vc_column width=\u00bb1\/2&#8243;][vc_column_text]<\/p>\n<p style=\"text-align: justify;\">Los sistemas de protecci\u00f3n de presi\u00f3n son un tema muy importante para los trenes de alta velocidad. El desarrollo para los sistemas de protecci\u00f3n de presi\u00f3n de la empresa Krapf &amp; Lex se basa en m\u00f3dulos comprobados individuales, soluciones fiables y de bajo mantenimiento que previenen eficazmente la aparici\u00f3n de diferencias de presi\u00f3n en el interior de los veh\u00edculos.<\/p>\n<p>[\/vc_column_text][\/vc_column][\/vc_row]<\/p>\n<\/div>","protected":false},"excerpt":{"rendered":"<p>[vc_row][vc_column width=\u00bb1\/2&#8243;][vc_column_text]Krapf &amp; Lex desarrolla y produce desde hace m\u00e1s de cincuenta a\u00f1os filtros efectivos, rejillas de ventilaci\u00f3n y sistemas de protecci\u00f3n de presi\u00f3n para sistemas de aire exterior y sistemas de aire de escape en veh\u00edculos ferroviarios.[\/vc_column_text][vc_column_text] Para evitar la penetraci\u00f3n de polvo, agua y nieve en el interior de los veh\u00edculos, se desarrollan&hellip;<\/p>\n","protected":false},"author":3,"featured_media":0,"parent":1110,"menu_order":0,"comment_status":"closed","ping_status":"closed","template":"","meta":{"footnotes":""},"class_list":["post-1115","page","type-page","status-publish","hentry","description-off"],"yoast_head":"<!-- This site is optimized with the Yoast SEO plugin v26.9 - https:\/\/yoast.com\/product\/yoast-seo-wordpress\/ -->\n<title>Krapf &amp; Lex - Krapf &amp; Lex<\/title>\n<meta name=\"robots\" content=\"index, follow, max-snippet:-1, max-image-preview:large, max-video-preview:-1\" \/>\n<link rel=\"canonical\" href=\"https:\/\/www.krapf-lex.de\/es\/empresa\/krapf-lex\/\" \/>\n<meta property=\"og:locale\" content=\"es_ES\" \/>\n<meta property=\"og:type\" content=\"article\" \/>\n<meta property=\"og:title\" content=\"Krapf &amp; Lex - Krapf &amp; Lex\" \/>\n<meta property=\"og:description\" content=\"[vc_row][vc_column width=\u00bb1\/2&#8243;][vc_column_text]Krapf &amp; Lex desarrolla y produce desde hace m\u00e1s de cincuenta a\u00f1os filtros efectivos, rejillas de ventilaci\u00f3n y sistemas de protecci\u00f3n de presi\u00f3n para sistemas de aire exterior y sistemas de aire de escape en veh\u00edculos ferroviarios.[\/vc_column_text][vc_column_text] Para evitar la penetraci\u00f3n de polvo, agua y nieve en el interior de los veh\u00edculos, se desarrollan&hellip;\" \/>\n<meta property=\"og:url\" content=\"https:\/\/www.krapf-lex.de\/es\/empresa\/krapf-lex\/\" \/>\n<meta property=\"og:site_name\" content=\"Krapf &amp; Lex\" \/>\n<meta property=\"article:modified_time\" content=\"2023-01-24T08:07:14+00:00\" \/>\n<meta name=\"twitter:card\" content=\"summary_large_image\" \/>\n<meta name=\"twitter:label1\" content=\"Tiempo de lectura\" \/>\n\t<meta name=\"twitter:data1\" content=\"2 minutos\" \/>\n<script type=\"application\/ld+json\" class=\"yoast-schema-graph\">{\"@context\":\"https:\/\/schema.org\",\"@graph\":[{\"@type\":\"WebPage\",\"@id\":\"https:\/\/www.krapf-lex.de\/es\/empresa\/krapf-lex\/\",\"url\":\"https:\/\/www.krapf-lex.de\/es\/empresa\/krapf-lex\/\",\"name\":\"Krapf & Lex - Krapf &amp; Lex\",\"isPartOf\":{\"@id\":\"https:\/\/www.krapf-lex.de\/es\/#website\"},\"datePublished\":\"2019-07-11T09:51:57+00:00\",\"dateModified\":\"2023-01-24T08:07:14+00:00\",\"breadcrumb\":{\"@id\":\"https:\/\/www.krapf-lex.de\/es\/empresa\/krapf-lex\/#breadcrumb\"},\"inLanguage\":\"es\",\"potentialAction\":[{\"@type\":\"ReadAction\",\"target\":[\"https:\/\/www.krapf-lex.de\/es\/empresa\/krapf-lex\/\"]}]},{\"@type\":\"BreadcrumbList\",\"@id\":\"https:\/\/www.krapf-lex.de\/es\/empresa\/krapf-lex\/#breadcrumb\",\"itemListElement\":[{\"@type\":\"ListItem\",\"position\":1,\"name\":\"Startseite\",\"item\":\"https:\/\/www.krapf-lex.de\/es\/\"},{\"@type\":\"ListItem\",\"position\":2,\"name\":\"Empresa\",\"item\":\"https:\/\/www.krapf-lex.de\/es\/empresa\/\"},{\"@type\":\"ListItem\",\"position\":3,\"name\":\"Krapf &#038; Lex\"}]},{\"@type\":\"WebSite\",\"@id\":\"https:\/\/www.krapf-lex.de\/es\/#website\",\"url\":\"https:\/\/www.krapf-lex.de\/es\/\",\"name\":\"Krapf &amp; Lex\",\"description\":\"Weiden i. d. Oberpfalz\",\"potentialAction\":[{\"@type\":\"SearchAction\",\"target\":{\"@type\":\"EntryPoint\",\"urlTemplate\":\"https:\/\/www.krapf-lex.de\/es\/?s={search_term_string}\"},\"query-input\":{\"@type\":\"PropertyValueSpecification\",\"valueRequired\":true,\"valueName\":\"search_term_string\"}}],\"inLanguage\":\"es\"}]}<\/script>\n<!-- \/ Yoast SEO plugin. -->","yoast_head_json":{"title":"Krapf & Lex - Krapf &amp; Lex","robots":{"index":"index","follow":"follow","max-snippet":"max-snippet:-1","max-image-preview":"max-image-preview:large","max-video-preview":"max-video-preview:-1"},"canonical":"https:\/\/www.krapf-lex.de\/es\/empresa\/krapf-lex\/","og_locale":"es_ES","og_type":"article","og_title":"Krapf & Lex - Krapf &amp; Lex","og_description":"[vc_row][vc_column width=\u00bb1\/2&#8243;][vc_column_text]Krapf &amp; Lex desarrolla y produce desde hace m\u00e1s de cincuenta a\u00f1os filtros efectivos, rejillas de ventilaci\u00f3n y sistemas de protecci\u00f3n de presi\u00f3n para sistemas de aire exterior y sistemas de aire de escape en veh\u00edculos ferroviarios.[\/vc_column_text][vc_column_text] Para evitar la penetraci\u00f3n de polvo, agua y nieve en el interior de los veh\u00edculos, se desarrollan&hellip;","og_url":"https:\/\/www.krapf-lex.de\/es\/empresa\/krapf-lex\/","og_site_name":"Krapf &amp; Lex","article_modified_time":"2023-01-24T08:07:14+00:00","twitter_card":"summary_large_image","twitter_misc":{"Tiempo de lectura":"2 minutos"},"schema":{"@context":"https:\/\/schema.org","@graph":[{"@type":"WebPage","@id":"https:\/\/www.krapf-lex.de\/es\/empresa\/krapf-lex\/","url":"https:\/\/www.krapf-lex.de\/es\/empresa\/krapf-lex\/","name":"Krapf & Lex - Krapf &amp; Lex","isPartOf":{"@id":"https:\/\/www.krapf-lex.de\/es\/#website"},"datePublished":"2019-07-11T09:51:57+00:00","dateModified":"2023-01-24T08:07:14+00:00","breadcrumb":{"@id":"https:\/\/www.krapf-lex.de\/es\/empresa\/krapf-lex\/#breadcrumb"},"inLanguage":"es","potentialAction":[{"@type":"ReadAction","target":["https:\/\/www.krapf-lex.de\/es\/empresa\/krapf-lex\/"]}]},{"@type":"BreadcrumbList","@id":"https:\/\/www.krapf-lex.de\/es\/empresa\/krapf-lex\/#breadcrumb","itemListElement":[{"@type":"ListItem","position":1,"name":"Startseite","item":"https:\/\/www.krapf-lex.de\/es\/"},{"@type":"ListItem","position":2,"name":"Empresa","item":"https:\/\/www.krapf-lex.de\/es\/empresa\/"},{"@type":"ListItem","position":3,"name":"Krapf &#038; Lex"}]},{"@type":"WebSite","@id":"https:\/\/www.krapf-lex.de\/es\/#website","url":"https:\/\/www.krapf-lex.de\/es\/","name":"Krapf &amp; Lex","description":"Weiden i. d. Oberpfalz","potentialAction":[{"@type":"SearchAction","target":{"@type":"EntryPoint","urlTemplate":"https:\/\/www.krapf-lex.de\/es\/?s={search_term_string}"},"query-input":{"@type":"PropertyValueSpecification","valueRequired":true,"valueName":"search_term_string"}}],"inLanguage":"es"}]}},"_links":{"self":[{"href":"https:\/\/www.krapf-lex.de\/es\/wp-json\/wp\/v2\/pages\/1115","targetHints":{"allow":["GET"]}}],"collection":[{"href":"https:\/\/www.krapf-lex.de\/es\/wp-json\/wp\/v2\/pages"}],"about":[{"href":"https:\/\/www.krapf-lex.de\/es\/wp-json\/wp\/v2\/types\/page"}],"author":[{"embeddable":true,"href":"https:\/\/www.krapf-lex.de\/es\/wp-json\/wp\/v2\/users\/3"}],"replies":[{"embeddable":true,"href":"https:\/\/www.krapf-lex.de\/es\/wp-json\/wp\/v2\/comments?post=1115"}],"version-history":[{"count":2,"href":"https:\/\/www.krapf-lex.de\/es\/wp-json\/wp\/v2\/pages\/1115\/revisions"}],"predecessor-version":[{"id":1940,"href":"https:\/\/www.krapf-lex.de\/es\/wp-json\/wp\/v2\/pages\/1115\/revisions\/1940"}],"up":[{"embeddable":true,"href":"https:\/\/www.krapf-lex.de\/es\/wp-json\/wp\/v2\/pages\/1110"}],"wp:attachment":[{"href":"https:\/\/www.krapf-lex.de\/es\/wp-json\/wp\/v2\/media?parent=1115"}],"curies":[{"name":"wp","href":"https:\/\/api.w.org\/{rel}","templated":true}]}}