{"id":1124,"date":"2019-07-11T11:59:16","date_gmt":"2019-07-11T09:59:16","guid":{"rendered":"http:\/\/www.krapf-lex.de\/?page_id=1124"},"modified":"2019-07-11T11:59:16","modified_gmt":"2019-07-11T09:59:16","slug":"proteccion-contra-el-agua","status":"publish","type":"page","link":"https:\/\/www.krapf-lex.de\/es\/filtros-de-aire\/proteccion-contra-el-agua\/","title":{"rendered":"Protecci\u00f3n contra el agua"},"content":{"rendered":"<div class=\"wpb-content-wrapper\"><p>[vc_row][vc_column][vc_column_text]<\/p>\n<h2>Nuestros filtros protegen contra el agu<\/h2>\n<p>[\/vc_column_text][\/vc_column][\/vc_row][vc_row][vc_column width=\u00bb1\/2&#8243;][vc_column_text]<span lang=\"ES\">Cada <b>rejilla de ventilaci\u00f3n<\/b><\/span>\u00a0(rejilla de protecci\u00f3n contra las inclemencias climatol\u00f3gicas) de Krapf &amp; Lex se ajusta individualmente a sus requisitos especiales. Al mismo tiempo, le apoyamos desde el inicio del proyecto con el dise\u00f1o y la construcci\u00f3n de la soluci\u00f3n \u00f3ptima para usted. Nuestra amplia gama de productos ofrece\u00a0al respecto muchas opciones tanto en la adaptaci\u00f3n de la profundidad de montaje como en la adaptaci\u00f3n\u00a0a las p\u00e9rdidas de presi\u00f3n admitidas m\u00e1ximas.[\/vc_column_text][vc_column_text]<span lang=\"ES\"><b>Rejillas de ventilaci\u00f3n Krapf &amp; Lex<\/b><\/span><\/p>\n<ul type=\"disc\">\n<li><span lang=\"ES\">contienen d\u00e9cadas de experiencia en aplicaciones<\/span><\/li>\n<li><span lang=\"ES\">Valores de separaci\u00f3n comprobados en el banco de pruebas<\/span><\/li>\n<li><span lang=\"ES\">R\u00e1pida puesta a disposici\u00f3n de modelos 3D para su departamento de construcci\u00f3n <\/span><\/li>\n<li><span lang=\"ES\">Rejillas de ventilaci\u00f3n plegables, rejillas de ventilaci\u00f3n en ejecuci\u00f3n calefactada<\/span><\/li>\n<li><span lang=\"ES\">Rejillas de ventilaci\u00f3n con estera filtrante o tramo de canal embridado<\/span><\/li>\n<li><span lang=\"ES\">Construcci\u00f3n y producci\u00f3n seg\u00fan DIN EN 15085<\/span><\/li>\n<li><span lang=\"ES\">Prueba de vibraciones y choque seg\u00fan DIN EN 61373<\/span><\/li>\n<li><span lang=\"ES\">Juntas con la protecci\u00f3n contra incendios exigida<\/span><\/li>\n<li><span lang=\"ES\">Nuestra protecci\u00f3n anticorrosi\u00f3n cumple los requisitos m\u00e1s elevados<\/span><\/li>\n<\/ul>\n<p>[\/vc_column_text][\/vc_column][vc_column width=\u00bb1\/2&#8243;][vc_column_text]<span lang=\"ES\">En muchos casos tambi\u00e9n construimos y producimos el componente completo en el que se monta la rejilla de ventilaci\u00f3n, como por ejemplo, tapas frontales, tapas de la pared lateral y puertas de la pared lateral. La t\u00e9cnica de pegado utilizada desde hace muchos a\u00f1os, y entretanto certificada, para estos componentes hace posible un peso reducido y evita las superficies onduladas que se producen en componentes soldados.<\/span><\/p>\n<p>Suministramos a todos los fabricantes l\u00edderes de Europa (v\u00e9ase\u00a0 <a class=\"internal-link\" href=\"https:\/\/www.krapf-lex.de\/es\/filtros-de-aire\/proteccion-contra-el-agua\/es\/referencias\/\" target=\"_self\" rel=\"noopener noreferrer\">Referencias<\/a>) y estamos representados a nivel mundial con m\u00e1s de 500.000\u00a0rejillas de ventilaci\u00f3n en uso para veh\u00edculos ferroviarios.[\/vc_column_text]<style type=\"text\/css\" data-type=\"the7_shortcodes-inline-css\">.photos-carousel-shortcode-id-acb87d8a892f1f99affc2362c8d57c2d.owl-carousel .owl-nav div {\n  width: 36px;\n  height: 36px;\n  border-radius: 500px;\n}\n.photos-carousel-shortcode-id-acb87d8a892f1f99affc2362c8d57c2d.owl-carousel .owl-nav div:before,\n.photos-carousel-shortcode-id-acb87d8a892f1f99affc2362c8d57c2d.owl-carousel .owl-nav div:after {\n  border-width: 0px;\n}\n.photos-carousel-shortcode-id-acb87d8a892f1f99affc2362c8d57c2d.owl-carousel .owl-nav div.owl-prev {\n  top: 50%;\n  transform: translateY(calc(-50% + 0px));\n  left: -43px;\n}\n@media all and (-ms-high-contrast: none) {\n  .photos-carousel-shortcode-id-acb87d8a892f1f99affc2362c8d57c2d.owl-carousel .owl-nav div.owl-prev {\n    transform: translateY(-50%);\n    margin-top: 0px;\n  }\n}\n.photos-carousel-shortcode-id-acb87d8a892f1f99affc2362c8d57c2d.owl-carousel .owl-nav div.owl-prev i {\n  padding: 0px 0px 0px 0px;\n}\n.photos-carousel-shortcode-id-acb87d8a892f1f99affc2362c8d57c2d.owl-carousel .owl-nav div.owl-next {\n  top: 50%;\n  transform: translateY(calc(-50% + 0px));\n  right: -43px;\n}\n@media all and (-ms-high-contrast: none) {\n  .photos-carousel-shortcode-id-acb87d8a892f1f99affc2362c8d57c2d.owl-carousel .owl-nav div.owl-next {\n    transform: translateY(-50%);\n    margin-top: 0px;\n  }\n}\n.photos-carousel-shortcode-id-acb87d8a892f1f99affc2362c8d57c2d.owl-carousel .owl-nav div.owl-next i {\n  padding: 0px 0px 0px 0px;\n}\n.photos-carousel-shortcode-id-acb87d8a892f1f99affc2362c8d57c2d.owl-carousel .owl-nav i {\n  font-size: 18px;\n}\n.photos-carousel-shortcode-id-acb87d8a892f1f99affc2362c8d57c2d.owl-carousel .owl-nav div:not(:hover) i,\n.photos-carousel-shortcode-id-acb87d8a892f1f99affc2362c8d57c2d.owl-carousel .owl-nav div:not(:hover) i:before {\n  color: #ffffff;\n  background: none;\n}\n.photos-carousel-shortcode-id-acb87d8a892f1f99affc2362c8d57c2d.owl-carousel .owl-nav div:hover i,\n.photos-carousel-shortcode-id-acb87d8a892f1f99affc2362c8d57c2d.owl-carousel .owl-nav div:hover i:before {\n  color: rgba(255,255,255,0.75);\n  background: none;\n}\n.photos-carousel-shortcode-id-acb87d8a892f1f99affc2362c8d57c2d .owl-dots {\n  top: calc(100% + 20px);\n  left: 50%;\n  transform: translateX(calc(-50% + 0px));\n}\n@media all and (-ms-high-contrast: none) {\n  .photos-carousel-shortcode-id-acb87d8a892f1f99affc2362c8d57c2d .owl-dots {\n    transform: translateX(-50%);\n    margin-left: 0px;\n  }\n}\n.photos-carousel-shortcode-id-acb87d8a892f1f99affc2362c8d57c2d .owl-dot {\n  width: 10px;\n  height: 10px;\n  margin: 0 8px;\n}\n@media screen and (max-width: 778px) {\n  .photos-carousel-shortcode-id-acb87d8a892f1f99affc2362c8d57c2d.hide-arrows.owl-carousel .owl-nav a {\n    display: none;\n  }\n}\n@media screen and (max-width: 778px) {\n  .photos-carousel-shortcode-id-acb87d8a892f1f99affc2362c8d57c2d.reposition-arrows.owl-carousel .owl-nav .owl-prev {\n    top: 50%;\n    transform: translateY(calc(-50% + 0px));\n    left: 10px;\n  }\n  .photos-carousel-shortcode-id-acb87d8a892f1f99affc2362c8d57c2d.reposition-arrows.owl-carousel .owl-nav .owl-next {\n    top: 50%;\n    transform: translateY(calc(-50% + 0px));\n    right: 10px;\n  }\n}\n@media screen and (max-width: 778px) and all and (-ms-high-contrast: none) {\n  .photos-carousel-shortcode-id-acb87d8a892f1f99affc2362c8d57c2d.reposition-arrows.owl-carousel .owl-nav .owl-prev {\n    transform: translateY(-50%);\n    margin-top: 0px;\n  }\n}\n@media screen and (max-width: 778px) and all and (-ms-high-contrast: none) {\n  .photos-carousel-shortcode-id-acb87d8a892f1f99affc2362c8d57c2d.reposition-arrows.owl-carousel .owl-nav .owl-next {\n    transform: translateY(-50%);\n    margin-top: 0px;\n  }\n}\n.photos-carousel-shortcode-id-acb87d8a892f1f99affc2362c8d57c2d figure,\n.photos-carousel-shortcode-id-acb87d8a892f1f99affc2362c8d57c2d .rollover,\n.photos-carousel-shortcode-id-acb87d8a892f1f99affc2362c8d57c2d img,\n.photos-carousel-shortcode-id-acb87d8a892f1f99affc2362c8d57c2d .gallery-rollover {\n  border-radius: 0px;\n}\n.photos-carousel-shortcode-id-acb87d8a892f1f99affc2362c8d57c2d.enable-bg-rollover .gallery-rollover {\n  background: -webkit-linear-gradient();\n  background: linear-gradient();\n}\n.photos-carousel-shortcode-id-acb87d8a892f1f99affc2362c8d57c2d.enable-bg-rollover.hover-scale .rollover:after {\n  background: -webkit-linear-gradient();\n  background: linear-gradient();\n}\n.photos-carousel-shortcode-id-acb87d8a892f1f99affc2362c8d57c2d.enable-img-shadow .owl-stage-outer {\n  padding: 14px 0;\n}\n.photos-carousel-shortcode-id-acb87d8a892f1f99affc2362c8d57c2d.gallery-shortcode .gallery-zoom-ico {\n  width: 44px;\n  height: 44px;\n  line-height: 44px;\n  border-radius: 100px;\n  margin: -22px 0 0 -22px;\n  border-width: 0px;\n}\n.dt-icon-bg-on.photos-carousel-shortcode-id-acb87d8a892f1f99affc2362c8d57c2d.gallery-shortcode .gallery-zoom-ico {\n  background: rgba(255,255,255,0.3);\n  -webkit-box-shadow: none;\n  box-shadow: none;\n}\n.photos-carousel-shortcode-id-acb87d8a892f1f99affc2362c8d57c2d.gallery-shortcode .gallery-zoom-ico:before,\n.photos-carousel-shortcode-id-acb87d8a892f1f99affc2362c8d57c2d.gallery-shortcode .gallery-zoom-ico span {\n  font-size: 32px;\n  line-height: 44px;\n  color: #ffffff;\n  background: none;\n}<\/style><div class=\"owl-carousel gallery-carousel-shortcode gallery-shortcode dt-gallery-container album-gallery-shortcode dt-owl-carousel-call photos-carousel-shortcode-id-acb87d8a892f1f99affc2362c8d57c2d quick-scale-img enable-bg-rollover meta-info-off bullets-small-dot-stroke reposition-arrows dt-icon-bg-off arrows-bg-on dt-arrow-border-on dt-arrow-hover-border-on disable-arrows-hover-bg arrows-hover-bg-on  hover-fade \" data-scroll-mode=\"1\" data-col-num=\"4\" data-wide-col-num=\"4\" data-laptop-col=\"4\" data-h-tablet-columns-num=\"4\" data-v-tablet-columns-num=\"3\" data-phone-columns-num=\"1\" data-col-gap=\"10\" data-stage-padding=\"0\" data-speed=\"600\" data-autoplay=\"false\" data-autoplay_speed=\"6000\" data-arrows=\"true\" data-bullet=\"false\" data-next-icon=\"icon-ar-017-r\" data-prev-icon=\"icon-ar-017-l\" data-img-shadow-size=\"12px\" data-img-shadow-spread=\"3px\"><article class=\"post visible post-535 attachment type-attachment status-inherit hentry\"><a href=\"https:\/\/www.krapf-lex.de\/wp-content\/uploads\/2019\/06\/Bildschirmfoto-2019-06-05-um-09.58.24.png\" class=\"rollover-click-target rollover dt-pswp-item layzr-bg\" title=\"Bildschirmfoto 2019-06-05 um 09.58.24\" data-dt-img-description=\"\"  data-large_image_width=\"801\" data-large_image_height = \"601\" ><img fetchpriority=\"high\" decoding=\"async\" class=\"preload-me owl-lazy-load aspect\" src=\"data:image\/svg+xml,%3Csvg%20xmlns%3D&#39;http%3A%2F%2Fwww.w3.org%2F2000%2Fsvg&#39;%20viewBox%3D&#39;0%200%20601%20601&#39;%2F%3E\" data-src=\"https:\/\/www.krapf-lex.de\/wp-content\/uploads\/2019\/06\/Bildschirmfoto-2019-06-05-um-09.58.24-601x601.png\" data-srcset=\"https:\/\/www.krapf-lex.de\/wp-content\/uploads\/2019\/06\/Bildschirmfoto-2019-06-05-um-09.58.24-601x601.png 601w\" loading=\"eager\" style=\"--ratio: 601 \/ 601\" sizes=\"(max-width: 601px) 100vw, 601px\" alt=\"\" width=\"601\" height=\"601\"  \/><span class=\"gallery-rollover\"><span class=\"gallery-zoom-ico icomoon-the7-font-the7-zoom-06\"><span><\/span><\/span><\/span><\/a><\/article><article class=\"post visible post-549 attachment type-attachment status-inherit hentry\"><a href=\"https:\/\/www.krapf-lex.de\/wp-content\/uploads\/2019\/06\/Bildschirmfoto-2019-06-05-um-10.07.41.png\" class=\"rollover-click-target rollover dt-pswp-item layzr-bg\"  data-dt-img-description=\"\"  data-large_image_width=\"634\" data-large_image_height = \"600\" ><img decoding=\"async\" class=\"preload-me owl-lazy-load aspect\" src=\"data:image\/svg+xml,%3Csvg%20xmlns%3D&#39;http%3A%2F%2Fwww.w3.org%2F2000%2Fsvg&#39;%20viewBox%3D&#39;0%200%20600%20600&#39;%2F%3E\" data-src=\"https:\/\/www.krapf-lex.de\/wp-content\/uploads\/2019\/06\/Bildschirmfoto-2019-06-05-um-10.07.41-600x600.png\" data-srcset=\"https:\/\/www.krapf-lex.de\/wp-content\/uploads\/2019\/06\/Bildschirmfoto-2019-06-05-um-10.07.41-600x600.png 600w\" loading=\"eager\" style=\"--ratio: 600 \/ 600\" sizes=\"(max-width: 600px) 100vw, 600px\" alt=\"\" width=\"600\" height=\"600\"  \/><span class=\"gallery-rollover\"><span class=\"gallery-zoom-ico icomoon-the7-font-the7-zoom-06\"><span><\/span><\/span><\/span><\/a><\/article><article class=\"post visible post-554 attachment type-attachment status-inherit hentry\"><a href=\"https:\/\/www.krapf-lex.de\/wp-content\/uploads\/2019\/06\/Bildschirmfoto-2019-06-05-um-10.07.53.png\" class=\"rollover-click-target rollover dt-pswp-item layzr-bg\"  data-dt-img-description=\"\"  data-large_image_width=\"437\" data-large_image_height = \"600\" ><img decoding=\"async\" class=\"preload-me owl-lazy-load aspect\" src=\"data:image\/svg+xml,%3Csvg%20xmlns%3D&#39;http%3A%2F%2Fwww.w3.org%2F2000%2Fsvg&#39;%20viewBox%3D&#39;0%200%20437%20437&#39;%2F%3E\" data-src=\"https:\/\/www.krapf-lex.de\/wp-content\/uploads\/2019\/06\/Bildschirmfoto-2019-06-05-um-10.07.53-437x437.png\" data-srcset=\"https:\/\/www.krapf-lex.de\/wp-content\/uploads\/2019\/06\/Bildschirmfoto-2019-06-05-um-10.07.53-437x437.png 437w\" loading=\"eager\" style=\"--ratio: 437 \/ 437\" sizes=\"(max-width: 437px) 100vw, 437px\" alt=\"\" width=\"437\" height=\"437\"  \/><span class=\"gallery-rollover\"><span class=\"gallery-zoom-ico icomoon-the7-font-the7-zoom-06\"><span><\/span><\/span><\/span><\/a><\/article><article class=\"post visible post-559 attachment type-attachment status-inherit hentry\"><a href=\"https:\/\/www.krapf-lex.de\/wp-content\/uploads\/2019\/06\/Bildschirmfoto-2019-06-05-um-10.08.02.png\" class=\"rollover-click-target rollover dt-pswp-item layzr-bg\"  data-dt-img-description=\"\"  data-large_image_width=\"798\" data-large_image_height = \"599\" ><img decoding=\"async\" class=\"preload-me owl-lazy-load aspect\" src=\"data:image\/svg+xml,%3Csvg%20xmlns%3D&#39;http%3A%2F%2Fwww.w3.org%2F2000%2Fsvg&#39;%20viewBox%3D&#39;0%200%20599%20599&#39;%2F%3E\" data-src=\"https:\/\/www.krapf-lex.de\/wp-content\/uploads\/2019\/06\/Bildschirmfoto-2019-06-05-um-10.08.02-599x599.png\" data-srcset=\"https:\/\/www.krapf-lex.de\/wp-content\/uploads\/2019\/06\/Bildschirmfoto-2019-06-05-um-10.08.02-599x599.png 599w\" loading=\"eager\" style=\"--ratio: 599 \/ 599\" sizes=\"(max-width: 599px) 100vw, 599px\" alt=\"\" width=\"599\" height=\"599\"  \/><span class=\"gallery-rollover\"><span class=\"gallery-zoom-ico icomoon-the7-font-the7-zoom-06\"><span><\/span><\/span><\/span><\/a><\/article><\/div>[\/vc_column][\/vc_row]<\/p>\n<\/div>","protected":false},"excerpt":{"rendered":"<p>[vc_row][vc_column][vc_column_text] Nuestros filtros protegen contra el agu [\/vc_column_text][\/vc_column][\/vc_row][vc_row][vc_column width=\u00bb1\/2&#8243;][vc_column_text]Cada rejilla de ventilaci\u00f3n\u00a0(rejilla de protecci\u00f3n contra las inclemencias climatol\u00f3gicas) de Krapf &amp; Lex se ajusta individualmente a sus requisitos especiales. Al mismo tiempo, le apoyamos desde el inicio del proyecto con el dise\u00f1o y la construcci\u00f3n de la soluci\u00f3n \u00f3ptima para usted. Nuestra amplia gama de&hellip;<\/p>\n","protected":false},"author":3,"featured_media":0,"parent":1121,"menu_order":0,"comment_status":"closed","ping_status":"closed","template":"","meta":{"footnotes":""},"class_list":["post-1124","page","type-page","status-publish","hentry","description-off"],"yoast_head":"<!-- This site is optimized with the Yoast SEO plugin v26.9 - https:\/\/yoast.com\/product\/yoast-seo-wordpress\/ -->\n<title>Protecci\u00f3n contra el agua - Krapf &amp; Lex<\/title>\n<meta name=\"robots\" content=\"index, follow, max-snippet:-1, max-image-preview:large, max-video-preview:-1\" \/>\n<link rel=\"canonical\" href=\"https:\/\/www.krapf-lex.de\/es\/filtros-de-aire\/proteccion-contra-el-agua\/\" \/>\n<meta property=\"og:locale\" content=\"es_ES\" \/>\n<meta property=\"og:type\" content=\"article\" \/>\n<meta property=\"og:title\" content=\"Protecci\u00f3n contra el agua - Krapf &amp; Lex\" \/>\n<meta property=\"og:description\" content=\"[vc_row][vc_column][vc_column_text] Nuestros filtros protegen contra el agu [\/vc_column_text][\/vc_column][\/vc_row][vc_row][vc_column width=\u00bb1\/2&#8243;][vc_column_text]Cada rejilla de ventilaci\u00f3n\u00a0(rejilla de protecci\u00f3n contra las inclemencias climatol\u00f3gicas) de Krapf &amp; Lex se ajusta individualmente a sus requisitos especiales. Al mismo tiempo, le apoyamos desde el inicio del proyecto con el dise\u00f1o y la construcci\u00f3n de la soluci\u00f3n \u00f3ptima para usted. Nuestra amplia gama de&hellip;\" \/>\n<meta property=\"og:url\" content=\"https:\/\/www.krapf-lex.de\/es\/filtros-de-aire\/proteccion-contra-el-agua\/\" \/>\n<meta property=\"og:site_name\" content=\"Krapf &amp; Lex\" \/>\n<meta name=\"twitter:card\" content=\"summary_large_image\" \/>\n<meta name=\"twitter:label1\" content=\"Tiempo de lectura\" \/>\n\t<meta name=\"twitter:data1\" content=\"2 minutos\" \/>\n<script type=\"application\/ld+json\" class=\"yoast-schema-graph\">{\"@context\":\"https:\/\/schema.org\",\"@graph\":[{\"@type\":\"WebPage\",\"@id\":\"https:\/\/www.krapf-lex.de\/es\/filtros-de-aire\/proteccion-contra-el-agua\/\",\"url\":\"https:\/\/www.krapf-lex.de\/es\/filtros-de-aire\/proteccion-contra-el-agua\/\",\"name\":\"Protecci\u00f3n contra el agua - Krapf &amp; Lex\",\"isPartOf\":{\"@id\":\"https:\/\/www.krapf-lex.de\/es\/#website\"},\"datePublished\":\"2019-07-11T09:59:16+00:00\",\"breadcrumb\":{\"@id\":\"https:\/\/www.krapf-lex.de\/es\/filtros-de-aire\/proteccion-contra-el-agua\/#breadcrumb\"},\"inLanguage\":\"es\",\"potentialAction\":[{\"@type\":\"ReadAction\",\"target\":[\"https:\/\/www.krapf-lex.de\/es\/filtros-de-aire\/proteccion-contra-el-agua\/\"]}]},{\"@type\":\"BreadcrumbList\",\"@id\":\"https:\/\/www.krapf-lex.de\/es\/filtros-de-aire\/proteccion-contra-el-agua\/#breadcrumb\",\"itemListElement\":[{\"@type\":\"ListItem\",\"position\":1,\"name\":\"Startseite\",\"item\":\"https:\/\/www.krapf-lex.de\/es\/\"},{\"@type\":\"ListItem\",\"position\":2,\"name\":\"Filtros de aire\",\"item\":\"https:\/\/www.krapf-lex.de\/es\/filtros-de-aire\/\"},{\"@type\":\"ListItem\",\"position\":3,\"name\":\"Protecci\u00f3n contra el agua\"}]},{\"@type\":\"WebSite\",\"@id\":\"https:\/\/www.krapf-lex.de\/es\/#website\",\"url\":\"https:\/\/www.krapf-lex.de\/es\/\",\"name\":\"Krapf &amp; Lex\",\"description\":\"Weiden i. d. Oberpfalz\",\"potentialAction\":[{\"@type\":\"SearchAction\",\"target\":{\"@type\":\"EntryPoint\",\"urlTemplate\":\"https:\/\/www.krapf-lex.de\/es\/?s={search_term_string}\"},\"query-input\":{\"@type\":\"PropertyValueSpecification\",\"valueRequired\":true,\"valueName\":\"search_term_string\"}}],\"inLanguage\":\"es\"}]}<\/script>\n<!-- \/ Yoast SEO plugin. -->","yoast_head_json":{"title":"Protecci\u00f3n contra el agua - Krapf &amp; Lex","robots":{"index":"index","follow":"follow","max-snippet":"max-snippet:-1","max-image-preview":"max-image-preview:large","max-video-preview":"max-video-preview:-1"},"canonical":"https:\/\/www.krapf-lex.de\/es\/filtros-de-aire\/proteccion-contra-el-agua\/","og_locale":"es_ES","og_type":"article","og_title":"Protecci\u00f3n contra el agua - Krapf &amp; Lex","og_description":"[vc_row][vc_column][vc_column_text] Nuestros filtros protegen contra el agu [\/vc_column_text][\/vc_column][\/vc_row][vc_row][vc_column width=\u00bb1\/2&#8243;][vc_column_text]Cada rejilla de ventilaci\u00f3n\u00a0(rejilla de protecci\u00f3n contra las inclemencias climatol\u00f3gicas) de Krapf &amp; Lex se ajusta individualmente a sus requisitos especiales. Al mismo tiempo, le apoyamos desde el inicio del proyecto con el dise\u00f1o y la construcci\u00f3n de la soluci\u00f3n \u00f3ptima para usted. Nuestra amplia gama de&hellip;","og_url":"https:\/\/www.krapf-lex.de\/es\/filtros-de-aire\/proteccion-contra-el-agua\/","og_site_name":"Krapf &amp; Lex","twitter_card":"summary_large_image","twitter_misc":{"Tiempo de lectura":"2 minutos"},"schema":{"@context":"https:\/\/schema.org","@graph":[{"@type":"WebPage","@id":"https:\/\/www.krapf-lex.de\/es\/filtros-de-aire\/proteccion-contra-el-agua\/","url":"https:\/\/www.krapf-lex.de\/es\/filtros-de-aire\/proteccion-contra-el-agua\/","name":"Protecci\u00f3n contra el agua - Krapf &amp; Lex","isPartOf":{"@id":"https:\/\/www.krapf-lex.de\/es\/#website"},"datePublished":"2019-07-11T09:59:16+00:00","breadcrumb":{"@id":"https:\/\/www.krapf-lex.de\/es\/filtros-de-aire\/proteccion-contra-el-agua\/#breadcrumb"},"inLanguage":"es","potentialAction":[{"@type":"ReadAction","target":["https:\/\/www.krapf-lex.de\/es\/filtros-de-aire\/proteccion-contra-el-agua\/"]}]},{"@type":"BreadcrumbList","@id":"https:\/\/www.krapf-lex.de\/es\/filtros-de-aire\/proteccion-contra-el-agua\/#breadcrumb","itemListElement":[{"@type":"ListItem","position":1,"name":"Startseite","item":"https:\/\/www.krapf-lex.de\/es\/"},{"@type":"ListItem","position":2,"name":"Filtros de aire","item":"https:\/\/www.krapf-lex.de\/es\/filtros-de-aire\/"},{"@type":"ListItem","position":3,"name":"Protecci\u00f3n contra el agua"}]},{"@type":"WebSite","@id":"https:\/\/www.krapf-lex.de\/es\/#website","url":"https:\/\/www.krapf-lex.de\/es\/","name":"Krapf &amp; Lex","description":"Weiden i. d. Oberpfalz","potentialAction":[{"@type":"SearchAction","target":{"@type":"EntryPoint","urlTemplate":"https:\/\/www.krapf-lex.de\/es\/?s={search_term_string}"},"query-input":{"@type":"PropertyValueSpecification","valueRequired":true,"valueName":"search_term_string"}}],"inLanguage":"es"}]}},"_links":{"self":[{"href":"https:\/\/www.krapf-lex.de\/es\/wp-json\/wp\/v2\/pages\/1124","targetHints":{"allow":["GET"]}}],"collection":[{"href":"https:\/\/www.krapf-lex.de\/es\/wp-json\/wp\/v2\/pages"}],"about":[{"href":"https:\/\/www.krapf-lex.de\/es\/wp-json\/wp\/v2\/types\/page"}],"author":[{"embeddable":true,"href":"https:\/\/www.krapf-lex.de\/es\/wp-json\/wp\/v2\/users\/3"}],"replies":[{"embeddable":true,"href":"https:\/\/www.krapf-lex.de\/es\/wp-json\/wp\/v2\/comments?post=1124"}],"version-history":[{"count":1,"href":"https:\/\/www.krapf-lex.de\/es\/wp-json\/wp\/v2\/pages\/1124\/revisions"}],"predecessor-version":[{"id":1132,"href":"https:\/\/www.krapf-lex.de\/es\/wp-json\/wp\/v2\/pages\/1124\/revisions\/1132"}],"up":[{"embeddable":true,"href":"https:\/\/www.krapf-lex.de\/es\/wp-json\/wp\/v2\/pages\/1121"}],"wp:attachment":[{"href":"https:\/\/www.krapf-lex.de\/es\/wp-json\/wp\/v2\/media?parent=1124"}],"curies":[{"name":"wp","href":"https:\/\/api.w.org\/{rel}","templated":true}]}}