{"id":1134,"date":"2019-07-11T12:00:38","date_gmt":"2019-07-11T10:00:38","guid":{"rendered":"http:\/\/www.krapf-lex.de\/?page_id=1134"},"modified":"2019-07-11T12:00:38","modified_gmt":"2019-07-11T10:00:38","slug":"proteccion-contra-el-polvo","status":"publish","type":"page","link":"https:\/\/www.krapf-lex.de\/es\/filtros-de-aire\/proteccion-contra-el-polvo\/","title":{"rendered":"Protecci\u00f3n contra el polvo"},"content":{"rendered":"<div class=\"wpb-content-wrapper\"><p>[vc_row][vc_column][vc_column_text]<\/p>\n<h2>Protecci\u00f3n contra el polvo<\/h2>\n<p>[\/vc_column_text][\/vc_column][\/vc_row][vc_row][vc_column width=\u00bb1\/2&#8243;][vc_column_text]En regiones muy secas y sobre todo en zonas des\u00e9rticas, las altas proporciones de arena fina en el aire aspirado pueden llevar a frecuentes intervalos de mantenimiento de los componentes posconectados o tambi\u00e9n a fallos repentinos debidos a la suciedad. Por este motivo se deber\u00e1n cambiar los filtros con frecuencia o se han de limpiar con regularidad los componentes posconectados para asegurar un funcionamiento sin fallos. Los separadores previos autolimpiadores con ventilador de evacuaci\u00f3n de polvo permiten unos intervalos de mantenimiento m\u00e1s prolongados y mejoran los periodos de servicio de los dem\u00e1s componentes (filtros, ventiladores, elementos de ajuste) en la instalaci\u00f3n de ventilaci\u00f3n. Krapf &amp; Lex ofrece a este respecto dos soluciones acreditadas:[\/vc_column_text][vc_column_text]<b><span lang=\"ES\">Krapf &amp; Lex<\/span><span lang=\"ES\"> Multicicl\u00f3n<\/span><\/b><\/p>\n<p><span lang=\"ES\">Los periodos de servicio de los filtros finos posconectados se incrementan veinte o treinta veces gracias a la separaci\u00f3n previa con el multicicl\u00f3n. Los multiciclones de Krapf &amp; Lex disponen de de todas las autorizaciones necesarias para veh\u00edculos ferroviarios, como por ejemplo, la construcci\u00f3n y producci\u00f3n seg\u00fan DIN EN 15085 o la prueba de vibraciones y choque seg\u00fan DIN EN 61373. El multicicl\u00f3n de Krapf &amp; Lex se encuentra en uso en el desierto de Arabia Saudita entre Damman y Riad. El aire exterior para el personal del tren y los pasajeros se prepara mediante un sistema de prefiltrado concebido por Krapf &amp; Lex antes de que el aire libre de arena y polvo sea conducido al aparato acondicionador. El periodo de servicio del filtro fino instalado en el aparato acondicionador se prolonga de este modo enormemente.<\/span>[\/vc_column_text][\/vc_column][vc_column width=\u00bb1\/2&#8243;][vc_column_text]<\/p>\n<div id=\"c310\" class=\"csc-default\">\n<div class=\"csc-textpic csc-textpic-intext-left csc-textpic-border csc-textpic-caption-l\">\n<div class=\"csc-textpic-text\">\n<p><span lang=\"ES\"><b>Krapf &amp; Lex Separador de arena <\/b><\/span><\/p>\n<p><span lang=\"ES\">Comparado con los multiciclones, el separador dispone de unos valores de separaci\u00f3n inferiores, pero ofrece una p\u00e9rdida de presi\u00f3n inferior y ocupa bastante menos espacio. El separador de polvo est\u00e1 en uso en el FLIRT, en Algeria. All\u00ed, el separador de polvo filtra previamente el aire de aspiraci\u00f3n para los aparatos acondicionadores y la refrigeraci\u00f3n de la generaci\u00f3n de aire comprimido.<\/span><\/p>\n<\/div>\n<\/div>\n<\/div>\n<p>[\/vc_column_text]<style type=\"text\/css\" data-type=\"the7_shortcodes-inline-css\">.photos-carousel-shortcode-id-f5e0ad5b4620952b1846b4416dc3c4b3.owl-carousel .owl-nav div {\n  width: 36px;\n  height: 36px;\n  border-radius: 500px;\n}\n.photos-carousel-shortcode-id-f5e0ad5b4620952b1846b4416dc3c4b3.owl-carousel .owl-nav div:before,\n.photos-carousel-shortcode-id-f5e0ad5b4620952b1846b4416dc3c4b3.owl-carousel .owl-nav div:after {\n  border-width: 0px;\n}\n.photos-carousel-shortcode-id-f5e0ad5b4620952b1846b4416dc3c4b3.owl-carousel .owl-nav div.owl-prev {\n  top: 50%;\n  transform: translateY(calc(-50% + 0px));\n  left: -43px;\n}\n@media all and (-ms-high-contrast: none) {\n  .photos-carousel-shortcode-id-f5e0ad5b4620952b1846b4416dc3c4b3.owl-carousel .owl-nav div.owl-prev {\n    transform: translateY(-50%);\n    margin-top: 0px;\n  }\n}\n.photos-carousel-shortcode-id-f5e0ad5b4620952b1846b4416dc3c4b3.owl-carousel .owl-nav div.owl-prev i {\n  padding: 0px 0px 0px 0px;\n}\n.photos-carousel-shortcode-id-f5e0ad5b4620952b1846b4416dc3c4b3.owl-carousel .owl-nav div.owl-next {\n  top: 50%;\n  transform: translateY(calc(-50% + 0px));\n  right: -43px;\n}\n@media all and (-ms-high-contrast: none) {\n  .photos-carousel-shortcode-id-f5e0ad5b4620952b1846b4416dc3c4b3.owl-carousel .owl-nav div.owl-next {\n    transform: translateY(-50%);\n    margin-top: 0px;\n  }\n}\n.photos-carousel-shortcode-id-f5e0ad5b4620952b1846b4416dc3c4b3.owl-carousel .owl-nav div.owl-next i {\n  padding: 0px 0px 0px 0px;\n}\n.photos-carousel-shortcode-id-f5e0ad5b4620952b1846b4416dc3c4b3.owl-carousel .owl-nav i {\n  font-size: 18px;\n}\n.photos-carousel-shortcode-id-f5e0ad5b4620952b1846b4416dc3c4b3.owl-carousel .owl-nav div:not(:hover) i,\n.photos-carousel-shortcode-id-f5e0ad5b4620952b1846b4416dc3c4b3.owl-carousel .owl-nav div:not(:hover) i:before {\n  color: #ffffff;\n  background: none;\n}\n.photos-carousel-shortcode-id-f5e0ad5b4620952b1846b4416dc3c4b3.owl-carousel .owl-nav div:hover i,\n.photos-carousel-shortcode-id-f5e0ad5b4620952b1846b4416dc3c4b3.owl-carousel .owl-nav div:hover i:before {\n  color: rgba(255,255,255,0.75);\n  background: none;\n}\n.photos-carousel-shortcode-id-f5e0ad5b4620952b1846b4416dc3c4b3 .owl-dots {\n  top: calc(100% + 20px);\n  left: 50%;\n  transform: translateX(calc(-50% + 0px));\n}\n@media all and (-ms-high-contrast: none) {\n  .photos-carousel-shortcode-id-f5e0ad5b4620952b1846b4416dc3c4b3 .owl-dots {\n    transform: translateX(-50%);\n    margin-left: 0px;\n  }\n}\n.photos-carousel-shortcode-id-f5e0ad5b4620952b1846b4416dc3c4b3 .owl-dot {\n  width: 10px;\n  height: 10px;\n  margin: 0 8px;\n}\n@media screen and (max-width: 778px) {\n  .photos-carousel-shortcode-id-f5e0ad5b4620952b1846b4416dc3c4b3.hide-arrows.owl-carousel .owl-nav a {\n    display: none;\n  }\n}\n@media screen and (max-width: 778px) {\n  .photos-carousel-shortcode-id-f5e0ad5b4620952b1846b4416dc3c4b3.reposition-arrows.owl-carousel .owl-nav .owl-prev {\n    top: 50%;\n    transform: translateY(calc(-50% + 0px));\n    left: 10px;\n  }\n  .photos-carousel-shortcode-id-f5e0ad5b4620952b1846b4416dc3c4b3.reposition-arrows.owl-carousel .owl-nav .owl-next {\n    top: 50%;\n    transform: translateY(calc(-50% + 0px));\n    right: 10px;\n  }\n}\n@media screen and (max-width: 778px) and all and (-ms-high-contrast: none) {\n  .photos-carousel-shortcode-id-f5e0ad5b4620952b1846b4416dc3c4b3.reposition-arrows.owl-carousel .owl-nav .owl-prev {\n    transform: translateY(-50%);\n    margin-top: 0px;\n  }\n}\n@media screen and (max-width: 778px) and all and (-ms-high-contrast: none) {\n  .photos-carousel-shortcode-id-f5e0ad5b4620952b1846b4416dc3c4b3.reposition-arrows.owl-carousel .owl-nav .owl-next {\n    transform: translateY(-50%);\n    margin-top: 0px;\n  }\n}\n.photos-carousel-shortcode-id-f5e0ad5b4620952b1846b4416dc3c4b3 figure,\n.photos-carousel-shortcode-id-f5e0ad5b4620952b1846b4416dc3c4b3 .rollover,\n.photos-carousel-shortcode-id-f5e0ad5b4620952b1846b4416dc3c4b3 img,\n.photos-carousel-shortcode-id-f5e0ad5b4620952b1846b4416dc3c4b3 .gallery-rollover {\n  border-radius: 0px;\n}\n.photos-carousel-shortcode-id-f5e0ad5b4620952b1846b4416dc3c4b3.enable-bg-rollover .gallery-rollover {\n  background: -webkit-linear-gradient();\n  background: linear-gradient();\n}\n.photos-carousel-shortcode-id-f5e0ad5b4620952b1846b4416dc3c4b3.enable-bg-rollover.hover-scale .rollover:after {\n  background: -webkit-linear-gradient();\n  background: linear-gradient();\n}\n.photos-carousel-shortcode-id-f5e0ad5b4620952b1846b4416dc3c4b3.enable-img-shadow .owl-stage-outer {\n  padding: 14px 0;\n}\n.photos-carousel-shortcode-id-f5e0ad5b4620952b1846b4416dc3c4b3.gallery-shortcode .gallery-zoom-ico {\n  width: 44px;\n  height: 44px;\n  line-height: 44px;\n  border-radius: 100px;\n  margin: -22px 0 0 -22px;\n  border-width: 0px;\n}\n.dt-icon-bg-on.photos-carousel-shortcode-id-f5e0ad5b4620952b1846b4416dc3c4b3.gallery-shortcode .gallery-zoom-ico {\n  background: rgba(255,255,255,0.3);\n  -webkit-box-shadow: none;\n  box-shadow: none;\n}\n.photos-carousel-shortcode-id-f5e0ad5b4620952b1846b4416dc3c4b3.gallery-shortcode .gallery-zoom-ico:before,\n.photos-carousel-shortcode-id-f5e0ad5b4620952b1846b4416dc3c4b3.gallery-shortcode .gallery-zoom-ico span {\n  font-size: 32px;\n  line-height: 44px;\n  color: #ffffff;\n  background: none;\n}<\/style><div class=\"owl-carousel gallery-carousel-shortcode gallery-shortcode dt-gallery-container album-gallery-shortcode dt-owl-carousel-call photos-carousel-shortcode-id-f5e0ad5b4620952b1846b4416dc3c4b3 quick-scale-img enable-bg-rollover meta-info-off bullets-small-dot-stroke reposition-arrows dt-icon-bg-off arrows-bg-on dt-arrow-border-on dt-arrow-hover-border-on disable-arrows-hover-bg arrows-hover-bg-on  hover-fade \" data-scroll-mode=\"1\" data-col-num=\"2\" data-wide-col-num=\"2\" data-laptop-col=\"2\" data-h-tablet-columns-num=\"2\" data-v-tablet-columns-num=\"2\" data-phone-columns-num=\"1\" data-col-gap=\"10\" data-stage-padding=\"0\" data-speed=\"600\" data-autoplay=\"false\" data-autoplay_speed=\"6000\" data-arrows=\"true\" data-bullet=\"false\" data-next-icon=\"icon-ar-017-r\" data-prev-icon=\"icon-ar-017-l\" data-img-shadow-size=\"12px\" data-img-shadow-spread=\"3px\"><article class=\"post visible post-597 attachment type-attachment status-inherit hentry\"><a href=\"https:\/\/www.krapf-lex.de\/wp-content\/uploads\/2019\/07\/image.png\" class=\"rollover-click-target rollover dt-pswp-item layzr-bg\"  data-dt-img-description=\"\"  data-large_image_width=\"450\" data-large_image_height = \"225\" ><img fetchpriority=\"high\" decoding=\"async\" class=\"preload-me owl-lazy-load aspect\" src=\"data:image\/svg+xml,%3Csvg%20xmlns%3D&#39;http%3A%2F%2Fwww.w3.org%2F2000%2Fsvg&#39;%20viewBox%3D&#39;0%200%20225%20225&#39;%2F%3E\" data-src=\"https:\/\/www.krapf-lex.de\/wp-content\/uploads\/2019\/07\/image-225x225.png\" data-srcset=\"https:\/\/www.krapf-lex.de\/wp-content\/uploads\/2019\/07\/image-225x225.png 225w\" loading=\"eager\" style=\"--ratio: 225 \/ 225\" sizes=\"(max-width: 225px) 100vw, 225px\" alt=\"\" width=\"225\" height=\"225\"  \/><span class=\"gallery-rollover\"><span class=\"gallery-zoom-ico icomoon-the7-font-the7-zoom-06\"><span><\/span><\/span><\/span><\/a><\/article><article class=\"post visible post-602 attachment type-attachment status-inherit hentry\"><a href=\"https:\/\/www.krapf-lex.de\/wp-content\/uploads\/2019\/07\/image-1.png\" class=\"rollover-click-target rollover dt-pswp-item layzr-bg\" title=\"Bild: R. Br\u00fctting, www.trainpics.de\" data-dt-img-description=\"\"  data-large_image_width=\"495\" data-large_image_height = \"330\" ><img decoding=\"async\" class=\"preload-me owl-lazy-load aspect\" src=\"data:image\/svg+xml,%3Csvg%20xmlns%3D&#39;http%3A%2F%2Fwww.w3.org%2F2000%2Fsvg&#39;%20viewBox%3D&#39;0%200%20330%20330&#39;%2F%3E\" data-src=\"https:\/\/www.krapf-lex.de\/wp-content\/uploads\/2019\/07\/image-1-330x330.png\" data-srcset=\"https:\/\/www.krapf-lex.de\/wp-content\/uploads\/2019\/07\/image-1-330x330.png 330w\" loading=\"eager\" style=\"--ratio: 330 \/ 330\" sizes=\"(max-width: 330px) 100vw, 330px\" alt=\"\" width=\"330\" height=\"330\"  \/><span class=\"gallery-rollover\"><span class=\"gallery-zoom-ico icomoon-the7-font-the7-zoom-06\"><span><\/span><\/span><\/span><\/a><\/article><\/div>[\/vc_column][\/vc_row]<\/p>\n<\/div>","protected":false},"excerpt":{"rendered":"<p>[vc_row][vc_column][vc_column_text] Protecci\u00f3n contra el polvo [\/vc_column_text][\/vc_column][\/vc_row][vc_row][vc_column width=\u00bb1\/2&#8243;][vc_column_text]En regiones muy secas y sobre todo en zonas des\u00e9rticas, las altas proporciones de arena fina en el aire aspirado pueden llevar a frecuentes intervalos de mantenimiento de los componentes posconectados o tambi\u00e9n a fallos repentinos debidos a la suciedad. Por este motivo se deber\u00e1n cambiar los filtros con&hellip;<\/p>\n","protected":false},"author":3,"featured_media":0,"parent":1121,"menu_order":0,"comment_status":"closed","ping_status":"closed","template":"","meta":{"footnotes":""},"class_list":["post-1134","page","type-page","status-publish","hentry","description-off"],"yoast_head":"<!-- This site is optimized with the Yoast SEO plugin v26.9 - https:\/\/yoast.com\/product\/yoast-seo-wordpress\/ -->\n<title>Protecci\u00f3n contra el polvo - Krapf &amp; Lex<\/title>\n<meta name=\"robots\" content=\"index, follow, max-snippet:-1, max-image-preview:large, max-video-preview:-1\" \/>\n<link rel=\"canonical\" href=\"https:\/\/www.krapf-lex.de\/es\/filtros-de-aire\/proteccion-contra-el-polvo\/\" \/>\n<meta property=\"og:locale\" content=\"es_ES\" \/>\n<meta property=\"og:type\" content=\"article\" \/>\n<meta property=\"og:title\" content=\"Protecci\u00f3n contra el polvo - Krapf &amp; Lex\" \/>\n<meta property=\"og:description\" content=\"[vc_row][vc_column][vc_column_text] Protecci\u00f3n contra el polvo [\/vc_column_text][\/vc_column][\/vc_row][vc_row][vc_column width=\u00bb1\/2&#8243;][vc_column_text]En regiones muy secas y sobre todo en zonas des\u00e9rticas, las altas proporciones de arena fina en el aire aspirado pueden llevar a frecuentes intervalos de mantenimiento de los componentes posconectados o tambi\u00e9n a fallos repentinos debidos a la suciedad. Por este motivo se deber\u00e1n cambiar los filtros con&hellip;\" \/>\n<meta property=\"og:url\" content=\"https:\/\/www.krapf-lex.de\/es\/filtros-de-aire\/proteccion-contra-el-polvo\/\" \/>\n<meta property=\"og:site_name\" content=\"Krapf &amp; Lex\" \/>\n<meta name=\"twitter:card\" content=\"summary_large_image\" \/>\n<meta name=\"twitter:label1\" content=\"Tiempo de lectura\" \/>\n\t<meta name=\"twitter:data1\" content=\"2 minutos\" \/>\n<script type=\"application\/ld+json\" class=\"yoast-schema-graph\">{\"@context\":\"https:\/\/schema.org\",\"@graph\":[{\"@type\":\"WebPage\",\"@id\":\"https:\/\/www.krapf-lex.de\/es\/filtros-de-aire\/proteccion-contra-el-polvo\/\",\"url\":\"https:\/\/www.krapf-lex.de\/es\/filtros-de-aire\/proteccion-contra-el-polvo\/\",\"name\":\"Protecci\u00f3n contra el polvo - Krapf &amp; Lex\",\"isPartOf\":{\"@id\":\"https:\/\/www.krapf-lex.de\/es\/#website\"},\"datePublished\":\"2019-07-11T10:00:38+00:00\",\"breadcrumb\":{\"@id\":\"https:\/\/www.krapf-lex.de\/es\/filtros-de-aire\/proteccion-contra-el-polvo\/#breadcrumb\"},\"inLanguage\":\"es\",\"potentialAction\":[{\"@type\":\"ReadAction\",\"target\":[\"https:\/\/www.krapf-lex.de\/es\/filtros-de-aire\/proteccion-contra-el-polvo\/\"]}]},{\"@type\":\"BreadcrumbList\",\"@id\":\"https:\/\/www.krapf-lex.de\/es\/filtros-de-aire\/proteccion-contra-el-polvo\/#breadcrumb\",\"itemListElement\":[{\"@type\":\"ListItem\",\"position\":1,\"name\":\"Startseite\",\"item\":\"https:\/\/www.krapf-lex.de\/es\/\"},{\"@type\":\"ListItem\",\"position\":2,\"name\":\"Filtros de aire\",\"item\":\"https:\/\/www.krapf-lex.de\/es\/filtros-de-aire\/\"},{\"@type\":\"ListItem\",\"position\":3,\"name\":\"Protecci\u00f3n contra el polvo\"}]},{\"@type\":\"WebSite\",\"@id\":\"https:\/\/www.krapf-lex.de\/es\/#website\",\"url\":\"https:\/\/www.krapf-lex.de\/es\/\",\"name\":\"Krapf &amp; Lex\",\"description\":\"Weiden i. d. Oberpfalz\",\"potentialAction\":[{\"@type\":\"SearchAction\",\"target\":{\"@type\":\"EntryPoint\",\"urlTemplate\":\"https:\/\/www.krapf-lex.de\/es\/?s={search_term_string}\"},\"query-input\":{\"@type\":\"PropertyValueSpecification\",\"valueRequired\":true,\"valueName\":\"search_term_string\"}}],\"inLanguage\":\"es\"}]}<\/script>\n<!-- \/ Yoast SEO plugin. -->","yoast_head_json":{"title":"Protecci\u00f3n contra el polvo - Krapf &amp; Lex","robots":{"index":"index","follow":"follow","max-snippet":"max-snippet:-1","max-image-preview":"max-image-preview:large","max-video-preview":"max-video-preview:-1"},"canonical":"https:\/\/www.krapf-lex.de\/es\/filtros-de-aire\/proteccion-contra-el-polvo\/","og_locale":"es_ES","og_type":"article","og_title":"Protecci\u00f3n contra el polvo - Krapf &amp; Lex","og_description":"[vc_row][vc_column][vc_column_text] Protecci\u00f3n contra el polvo [\/vc_column_text][\/vc_column][\/vc_row][vc_row][vc_column width=\u00bb1\/2&#8243;][vc_column_text]En regiones muy secas y sobre todo en zonas des\u00e9rticas, las altas proporciones de arena fina en el aire aspirado pueden llevar a frecuentes intervalos de mantenimiento de los componentes posconectados o tambi\u00e9n a fallos repentinos debidos a la suciedad. Por este motivo se deber\u00e1n cambiar los filtros con&hellip;","og_url":"https:\/\/www.krapf-lex.de\/es\/filtros-de-aire\/proteccion-contra-el-polvo\/","og_site_name":"Krapf &amp; Lex","twitter_card":"summary_large_image","twitter_misc":{"Tiempo de lectura":"2 minutos"},"schema":{"@context":"https:\/\/schema.org","@graph":[{"@type":"WebPage","@id":"https:\/\/www.krapf-lex.de\/es\/filtros-de-aire\/proteccion-contra-el-polvo\/","url":"https:\/\/www.krapf-lex.de\/es\/filtros-de-aire\/proteccion-contra-el-polvo\/","name":"Protecci\u00f3n contra el polvo - Krapf &amp; Lex","isPartOf":{"@id":"https:\/\/www.krapf-lex.de\/es\/#website"},"datePublished":"2019-07-11T10:00:38+00:00","breadcrumb":{"@id":"https:\/\/www.krapf-lex.de\/es\/filtros-de-aire\/proteccion-contra-el-polvo\/#breadcrumb"},"inLanguage":"es","potentialAction":[{"@type":"ReadAction","target":["https:\/\/www.krapf-lex.de\/es\/filtros-de-aire\/proteccion-contra-el-polvo\/"]}]},{"@type":"BreadcrumbList","@id":"https:\/\/www.krapf-lex.de\/es\/filtros-de-aire\/proteccion-contra-el-polvo\/#breadcrumb","itemListElement":[{"@type":"ListItem","position":1,"name":"Startseite","item":"https:\/\/www.krapf-lex.de\/es\/"},{"@type":"ListItem","position":2,"name":"Filtros de aire","item":"https:\/\/www.krapf-lex.de\/es\/filtros-de-aire\/"},{"@type":"ListItem","position":3,"name":"Protecci\u00f3n contra el polvo"}]},{"@type":"WebSite","@id":"https:\/\/www.krapf-lex.de\/es\/#website","url":"https:\/\/www.krapf-lex.de\/es\/","name":"Krapf &amp; Lex","description":"Weiden i. d. Oberpfalz","potentialAction":[{"@type":"SearchAction","target":{"@type":"EntryPoint","urlTemplate":"https:\/\/www.krapf-lex.de\/es\/?s={search_term_string}"},"query-input":{"@type":"PropertyValueSpecification","valueRequired":true,"valueName":"search_term_string"}}],"inLanguage":"es"}]}},"_links":{"self":[{"href":"https:\/\/www.krapf-lex.de\/es\/wp-json\/wp\/v2\/pages\/1134","targetHints":{"allow":["GET"]}}],"collection":[{"href":"https:\/\/www.krapf-lex.de\/es\/wp-json\/wp\/v2\/pages"}],"about":[{"href":"https:\/\/www.krapf-lex.de\/es\/wp-json\/wp\/v2\/types\/page"}],"author":[{"embeddable":true,"href":"https:\/\/www.krapf-lex.de\/es\/wp-json\/wp\/v2\/users\/3"}],"replies":[{"embeddable":true,"href":"https:\/\/www.krapf-lex.de\/es\/wp-json\/wp\/v2\/comments?post=1134"}],"version-history":[{"count":1,"href":"https:\/\/www.krapf-lex.de\/es\/wp-json\/wp\/v2\/pages\/1134\/revisions"}],"predecessor-version":[{"id":1135,"href":"https:\/\/www.krapf-lex.de\/es\/wp-json\/wp\/v2\/pages\/1134\/revisions\/1135"}],"up":[{"embeddable":true,"href":"https:\/\/www.krapf-lex.de\/es\/wp-json\/wp\/v2\/pages\/1121"}],"wp:attachment":[{"href":"https:\/\/www.krapf-lex.de\/es\/wp-json\/wp\/v2\/media?parent=1134"}],"curies":[{"name":"wp","href":"https:\/\/api.w.org\/{rel}","templated":true}]}}