{"id":1140,"date":"2019-07-11T12:03:31","date_gmt":"2019-07-11T10:03:31","guid":{"rendered":"http:\/\/www.krapf-lex.de\/?page_id=1140"},"modified":"2019-07-11T12:03:31","modified_gmt":"2019-07-11T10:03:31","slug":"proteccion-golpes-de-precion","status":"publish","type":"page","link":"https:\/\/www.krapf-lex.de\/es\/filtros-de-aire\/proteccion-golpes-de-precion\/","title":{"rendered":"Protecci\u00f3n golpes de preci\u00f3n"},"content":{"rendered":"<div class=\"wpb-content-wrapper\"><p>[vc_row][vc_column][vc_column_text]<\/p>\n<h2>Nuestros filtros protegen contra los golpes de presi\u00f3n<\/h2>\n<p>[\/vc_column_text][\/vc_column][\/vc_row][vc_row][vc_column width=\u00bb1\/2&#8243;][vc_column_text]<\/p>\n<div id=\"c312\" class=\"csc-default\">\n<div class=\"csc-textpic csc-textpic-intext-right csc-textpic-border csc-textpic-caption-l\">\n<div class=\"csc-textpic-text\">\n<div id=\"c312\" class=\"csc-default\">\n<div class=\"csc-textpic csc-textpic-intext-right csc-textpic-border csc-textpic-caption-l\">\n<div class=\"csc-textpic-text\">\n<p><span lang=\"ES\">En los trenes de alta velocidad se producen fuertes fluctuaciones de la presi\u00f3n ambiental en los veh\u00edculos en los recorridos con t\u00faneles y con tr\u00e1fico en sentido contrario, que pueden alcanzar hasta +- 10.000 Pa. Estos golpes de presi\u00f3n pueden llegar a trav\u00e9s de los canales de aire exterior y de escape de las instalaciones de aire acondicionado hasta el interior de los veh\u00edculos presurizados. Si se producen diferencias de presi\u00f3n en el interior del veh\u00edculo, las personas sufrir\u00e1n en los o\u00eddos sensaciones muy molestas debido a la presi\u00f3n. Los sistemas de protecci\u00f3n de presi\u00f3n se componen de un cierre estanco a la presi\u00f3n accionado neum\u00e1ticamente y de una medici\u00f3n de presi\u00f3n diferencial electr\u00f3nica que registra la fluctuaci\u00f3n de presi\u00f3n con medici\u00f3n t\u00e9cnica y que emite la se\u00f1al para la neum\u00e1tica para cerrar el mecanismo en caso de que se sobrepasen los valores l\u00edmite.<\/span><\/p>\n<\/div>\n<\/div>\n<\/div>\n<div id=\"c486\" class=\"csc-default\">\n<div class=\"csc-textpic-text\">\n<p><span lang=\"ES\">Los sistemas de protecci\u00f3n de presi\u00f3n de Krapf &amp; Lex se basan en quince a\u00f1os de experiencia y destacan especialmente por: <\/span><\/p>\n<ul>\n<li><span lang=\"ES\">Una necesidad de espacio m\u00ednima<\/span><\/li>\n<li>P\u00e9rdidas de presi\u00f3n muy reducidas<\/li>\n<li>Funcionamiento sin fallos<\/li>\n<li>Gastos de mantenimiento muy reducidos<\/li>\n<\/ul>\n<\/div>\n<\/div>\n<\/div>\n<\/div>\n<\/div>\n<p>[\/vc_column_text][\/vc_column][vc_column width=\u00bb1\/2&#8243;][vc_single_image image=\u00bb142&#8243; img_size=\u00bbfull\u00bb onclick=\u00bblink_image\u00bb][\/vc_column][\/vc_row][vc_row bg_type=\u00bbbg_color\u00bb bg_color_value=\u00bb#0091a5&#8243; css=\u00bb.vc_custom_1562589008846{margin-right: 15px !important;margin-left: 15px !important;}\u00bb][vc_column width=\u00bb1\/6&#8243;][vc_icon icon_fontawesome=\u00bbfa fa-lightbulb-o\u00bb color=\u00bbcustom\u00bb background_style=\u00bbrounded\u00bb background_color=\u00bbcustom\u00bb size=\u00bblg\u00bb align=\u00bbcenter\u00bb css_animation=\u00bbfadeIn\u00bb custom_background_color=\u00bb#ffffff\u00bb custom_color=\u00bb#0091a5&#8243;][\/vc_column][vc_column width=\u00bb5\/6&#8243;][vc_column_text css=\u00bb.vc_custom_1562839407432{padding-right: 20px !important;padding-left: 20px !important;}\u00bb]<span style=\"color: #ffffff;\">Los sistemas de protecci\u00f3n de presi\u00f3n de Krapf &amp; Lex garantizan siempre de forma fiable una elevada comodidad para los pasajeros y el personal del tren a altas velocidades. El Transrapid, el ICE3 en Alemania, el Railjet en Austria y las locomotoras TRAXX de Bombardier son nuestras referencias m\u00e1s conocidas.<\/span>[\/vc_column_text][\/vc_column][\/vc_row]<\/p>\n<\/div>","protected":false},"excerpt":{"rendered":"<p>[vc_row][vc_column][vc_column_text] Nuestros filtros protegen contra los golpes de presi\u00f3n [\/vc_column_text][\/vc_column][\/vc_row][vc_row][vc_column width=\u00bb1\/2&#8243;][vc_column_text] En los trenes de alta velocidad se producen fuertes fluctuaciones de la presi\u00f3n ambiental en los veh\u00edculos en los recorridos con t\u00faneles y con tr\u00e1fico en sentido contrario, que pueden alcanzar hasta +- 10.000 Pa. Estos golpes de presi\u00f3n pueden llegar a trav\u00e9s de&hellip;<\/p>\n","protected":false},"author":3,"featured_media":0,"parent":1121,"menu_order":0,"comment_status":"closed","ping_status":"closed","template":"","meta":{"footnotes":""},"class_list":["post-1140","page","type-page","status-publish","hentry","description-off"],"yoast_head":"<!-- This site is optimized with the Yoast SEO plugin v26.9 - https:\/\/yoast.com\/product\/yoast-seo-wordpress\/ -->\n<title>Protecci\u00f3n golpes de preci\u00f3n - Krapf &amp; Lex<\/title>\n<meta name=\"robots\" content=\"index, follow, max-snippet:-1, max-image-preview:large, max-video-preview:-1\" \/>\n<link rel=\"canonical\" href=\"https:\/\/www.krapf-lex.de\/es\/filtros-de-aire\/proteccion-golpes-de-precion\/\" \/>\n<meta property=\"og:locale\" content=\"es_ES\" \/>\n<meta property=\"og:type\" content=\"article\" \/>\n<meta property=\"og:title\" content=\"Protecci\u00f3n golpes de preci\u00f3n - Krapf &amp; Lex\" \/>\n<meta property=\"og:description\" content=\"[vc_row][vc_column][vc_column_text] Nuestros filtros protegen contra los golpes de presi\u00f3n [\/vc_column_text][\/vc_column][\/vc_row][vc_row][vc_column width=\u00bb1\/2&#8243;][vc_column_text] En los trenes de alta velocidad se producen fuertes fluctuaciones de la presi\u00f3n ambiental en los veh\u00edculos en los recorridos con t\u00faneles y con tr\u00e1fico en sentido contrario, que pueden alcanzar hasta +- 10.000 Pa. Estos golpes de presi\u00f3n pueden llegar a trav\u00e9s de&hellip;\" \/>\n<meta property=\"og:url\" content=\"https:\/\/www.krapf-lex.de\/es\/filtros-de-aire\/proteccion-golpes-de-precion\/\" \/>\n<meta property=\"og:site_name\" content=\"Krapf &amp; Lex\" \/>\n<meta name=\"twitter:card\" content=\"summary_large_image\" \/>\n<meta name=\"twitter:label1\" content=\"Tiempo de lectura\" \/>\n\t<meta name=\"twitter:data1\" content=\"2 minutos\" \/>\n<script type=\"application\/ld+json\" class=\"yoast-schema-graph\">{\"@context\":\"https:\/\/schema.org\",\"@graph\":[{\"@type\":\"WebPage\",\"@id\":\"https:\/\/www.krapf-lex.de\/es\/filtros-de-aire\/proteccion-golpes-de-precion\/\",\"url\":\"https:\/\/www.krapf-lex.de\/es\/filtros-de-aire\/proteccion-golpes-de-precion\/\",\"name\":\"Protecci\u00f3n golpes de preci\u00f3n - Krapf &amp; Lex\",\"isPartOf\":{\"@id\":\"https:\/\/www.krapf-lex.de\/es\/#website\"},\"datePublished\":\"2019-07-11T10:03:31+00:00\",\"breadcrumb\":{\"@id\":\"https:\/\/www.krapf-lex.de\/es\/filtros-de-aire\/proteccion-golpes-de-precion\/#breadcrumb\"},\"inLanguage\":\"es\",\"potentialAction\":[{\"@type\":\"ReadAction\",\"target\":[\"https:\/\/www.krapf-lex.de\/es\/filtros-de-aire\/proteccion-golpes-de-precion\/\"]}]},{\"@type\":\"BreadcrumbList\",\"@id\":\"https:\/\/www.krapf-lex.de\/es\/filtros-de-aire\/proteccion-golpes-de-precion\/#breadcrumb\",\"itemListElement\":[{\"@type\":\"ListItem\",\"position\":1,\"name\":\"Startseite\",\"item\":\"https:\/\/www.krapf-lex.de\/es\/\"},{\"@type\":\"ListItem\",\"position\":2,\"name\":\"Filtros de aire\",\"item\":\"https:\/\/www.krapf-lex.de\/es\/filtros-de-aire\/\"},{\"@type\":\"ListItem\",\"position\":3,\"name\":\"Protecci\u00f3n golpes de preci\u00f3n\"}]},{\"@type\":\"WebSite\",\"@id\":\"https:\/\/www.krapf-lex.de\/es\/#website\",\"url\":\"https:\/\/www.krapf-lex.de\/es\/\",\"name\":\"Krapf &amp; Lex\",\"description\":\"Weiden i. d. Oberpfalz\",\"potentialAction\":[{\"@type\":\"SearchAction\",\"target\":{\"@type\":\"EntryPoint\",\"urlTemplate\":\"https:\/\/www.krapf-lex.de\/es\/?s={search_term_string}\"},\"query-input\":{\"@type\":\"PropertyValueSpecification\",\"valueRequired\":true,\"valueName\":\"search_term_string\"}}],\"inLanguage\":\"es\"}]}<\/script>\n<!-- \/ Yoast SEO plugin. -->","yoast_head_json":{"title":"Protecci\u00f3n golpes de preci\u00f3n - Krapf &amp; Lex","robots":{"index":"index","follow":"follow","max-snippet":"max-snippet:-1","max-image-preview":"max-image-preview:large","max-video-preview":"max-video-preview:-1"},"canonical":"https:\/\/www.krapf-lex.de\/es\/filtros-de-aire\/proteccion-golpes-de-precion\/","og_locale":"es_ES","og_type":"article","og_title":"Protecci\u00f3n golpes de preci\u00f3n - Krapf &amp; Lex","og_description":"[vc_row][vc_column][vc_column_text] Nuestros filtros protegen contra los golpes de presi\u00f3n [\/vc_column_text][\/vc_column][\/vc_row][vc_row][vc_column width=\u00bb1\/2&#8243;][vc_column_text] En los trenes de alta velocidad se producen fuertes fluctuaciones de la presi\u00f3n ambiental en los veh\u00edculos en los recorridos con t\u00faneles y con tr\u00e1fico en sentido contrario, que pueden alcanzar hasta +- 10.000 Pa. Estos golpes de presi\u00f3n pueden llegar a trav\u00e9s de&hellip;","og_url":"https:\/\/www.krapf-lex.de\/es\/filtros-de-aire\/proteccion-golpes-de-precion\/","og_site_name":"Krapf &amp; Lex","twitter_card":"summary_large_image","twitter_misc":{"Tiempo de lectura":"2 minutos"},"schema":{"@context":"https:\/\/schema.org","@graph":[{"@type":"WebPage","@id":"https:\/\/www.krapf-lex.de\/es\/filtros-de-aire\/proteccion-golpes-de-precion\/","url":"https:\/\/www.krapf-lex.de\/es\/filtros-de-aire\/proteccion-golpes-de-precion\/","name":"Protecci\u00f3n golpes de preci\u00f3n - Krapf &amp; Lex","isPartOf":{"@id":"https:\/\/www.krapf-lex.de\/es\/#website"},"datePublished":"2019-07-11T10:03:31+00:00","breadcrumb":{"@id":"https:\/\/www.krapf-lex.de\/es\/filtros-de-aire\/proteccion-golpes-de-precion\/#breadcrumb"},"inLanguage":"es","potentialAction":[{"@type":"ReadAction","target":["https:\/\/www.krapf-lex.de\/es\/filtros-de-aire\/proteccion-golpes-de-precion\/"]}]},{"@type":"BreadcrumbList","@id":"https:\/\/www.krapf-lex.de\/es\/filtros-de-aire\/proteccion-golpes-de-precion\/#breadcrumb","itemListElement":[{"@type":"ListItem","position":1,"name":"Startseite","item":"https:\/\/www.krapf-lex.de\/es\/"},{"@type":"ListItem","position":2,"name":"Filtros de aire","item":"https:\/\/www.krapf-lex.de\/es\/filtros-de-aire\/"},{"@type":"ListItem","position":3,"name":"Protecci\u00f3n golpes de preci\u00f3n"}]},{"@type":"WebSite","@id":"https:\/\/www.krapf-lex.de\/es\/#website","url":"https:\/\/www.krapf-lex.de\/es\/","name":"Krapf &amp; Lex","description":"Weiden i. d. Oberpfalz","potentialAction":[{"@type":"SearchAction","target":{"@type":"EntryPoint","urlTemplate":"https:\/\/www.krapf-lex.de\/es\/?s={search_term_string}"},"query-input":{"@type":"PropertyValueSpecification","valueRequired":true,"valueName":"search_term_string"}}],"inLanguage":"es"}]}},"_links":{"self":[{"href":"https:\/\/www.krapf-lex.de\/es\/wp-json\/wp\/v2\/pages\/1140","targetHints":{"allow":["GET"]}}],"collection":[{"href":"https:\/\/www.krapf-lex.de\/es\/wp-json\/wp\/v2\/pages"}],"about":[{"href":"https:\/\/www.krapf-lex.de\/es\/wp-json\/wp\/v2\/types\/page"}],"author":[{"embeddable":true,"href":"https:\/\/www.krapf-lex.de\/es\/wp-json\/wp\/v2\/users\/3"}],"replies":[{"embeddable":true,"href":"https:\/\/www.krapf-lex.de\/es\/wp-json\/wp\/v2\/comments?post=1140"}],"version-history":[{"count":1,"href":"https:\/\/www.krapf-lex.de\/es\/wp-json\/wp\/v2\/pages\/1140\/revisions"}],"predecessor-version":[{"id":1141,"href":"https:\/\/www.krapf-lex.de\/es\/wp-json\/wp\/v2\/pages\/1140\/revisions\/1141"}],"up":[{"embeddable":true,"href":"https:\/\/www.krapf-lex.de\/es\/wp-json\/wp\/v2\/pages\/1121"}],"wp:attachment":[{"href":"https:\/\/www.krapf-lex.de\/es\/wp-json\/wp\/v2\/media?parent=1140"}],"curies":[{"name":"wp","href":"https:\/\/api.w.org\/{rel}","templated":true}]}}