{"id":1164,"date":"2019-07-11T12:22:12","date_gmt":"2019-07-11T10:22:12","guid":{"rendered":"http:\/\/www.krapf-lex.de\/?page_id=1164"},"modified":"2019-07-11T12:22:12","modified_gmt":"2019-07-11T10:22:12","slug":"contacto","status":"publish","type":"page","link":"https:\/\/www.krapf-lex.de\/es\/contacto\/","title":{"rendered":"Contacto"},"content":{"rendered":"<div class=\"wpb-content-wrapper\"><p>[vc_row bg_type=\u00bbbg_color\u00bb bg_override=\u00bbfull\u00bb bg_color_value=\u00bb#f9f9f9&#8243; css=\u00bb.vc_custom_1562597626755{margin-top: -70px !important;}\u00bb][vc_column][vc_empty_space][vc_column_text]<\/p>\n<div id=\"c768\" class=\"csc-default\">\n<h2 style=\"text-align: center;\">Recepci\u00f3n de pedidos de clientes<\/h2>\n<\/div>\n<p>[\/vc_column_text][vc_row_inner][vc_column_inner width=\u00bb1\/3&#8243;][vc_icon icon_fontawesome=\u00bbfa fa-envelope-o\u00bb color=\u00bbcustom\u00bb background_style=\u00bbrounded-outline\u00bb background_color=\u00bbcustom\u00bb size=\u00bblg\u00bb align=\u00bbcenter\u00bb custom_color=\u00bb#0091a5&#8243; custom_background_color=\u00bb#0091a5&#8243; link=\u00bburl:mailto%3Aorder%40krapf-lex.de|||\u00bb][vc_column_text]<\/p>\n<h4 style=\"text-align: center;\"><a href=\"mailto:order@krapf-lex.de\">order(at)krapf-lex.de<\/a><\/h4>\n<p>[\/vc_column_text][\/vc_column_inner][vc_column_inner width=\u00bb1\/3&#8243;][vc_icon icon_fontawesome=\u00bbfa fa-print\u00bb color=\u00bbcustom\u00bb background_style=\u00bbrounded-outline\u00bb background_color=\u00bbcustom\u00bb size=\u00bblg\u00bb align=\u00bbcenter\u00bb custom_color=\u00bb#0091a5&#8243; custom_background_color=\u00bb#0091a5&#8243;][vc_column_text]<\/p>\n<h4 style=\"text-align: center;\">Fax: 0961 \/ 64 484-54<\/h4>\n<p>[\/vc_column_text][\/vc_column_inner][vc_column_inner width=\u00bb1\/3&#8243;][vc_icon icon_fontawesome=\u00bbfa fa-address-card\u00bb color=\u00bbcustom\u00bb background_style=\u00bbrounded-outline\u00bb background_color=\u00bbcustom\u00bb size=\u00bblg\u00bb align=\u00bbcenter\u00bb custom_color=\u00bb#0091a5&#8243; custom_background_color=\u00bb#0091a5&#8243; link=\u00bburl:http%3A%2F%2Fwww.krapf-lex.de%2Fes%2Fempresa%2Fel-equipo%2F|title:Team||\u00bb][vc_column_text]<\/p>\n<h4 style=\"text-align: center;\"><a href=\"http:\/\/www.krapf-lex.de\/es\/empresa\/el-equipo\/\">Contacto<\/a><\/h4>\n<p>[\/vc_column_text][\/vc_column_inner][\/vc_row_inner][vc_empty_space][\/vc_column][\/vc_row][vc_row][vc_column width=\u00bb1\/2&#8243;][vc_column_text]<\/p>\n<h2>Emplazamiento Weiden<\/h2>\n<p><strong><span lang=\"ES\">Construcci\u00f3n, Ventas, Compras, Producci\u00f3n de protecci\u00f3n de presi\u00f3n, Pintura y montaje final<\/span><\/strong><\/p>\n<p><b>Krapf &amp; Lex Nachf. Verkehrstechnik GmbH &amp; Co. KG<\/b><\/p>\n<p>Stresemannstra\u00dfe 13<br \/>\nD-92637 Weiden i. d. OPf.<\/p>\n<p>Tel\u00e9fono +49 (0) 9 61 \/ 6 34 84 &#8211; 50<br \/>\nFax\u00a0+49 (0) 9 61 \/ 6 34 84 &#8211; 54<\/p>\n<p>E-Mail: <a href=\"mailto:contact@krapf-lex.de\">contact(at)krapf-lex(dot)de<\/a>[\/vc_column_text][\/vc_column][vc_column width=\u00bb1\/2&#8243;][vc_gmaps link=\u00bb#E-8_JTNDaWZyYW1lJTIwc3JjJTNEJTIyaHR0cHMlM0ElMkYlMkZ3d3cuZ29vZ2xlLmNvbSUyRm1hcHMlMkZlbWJlZCUzRnBiJTNEJTIxMW0xOCUyMTFtMTIlMjExbTMlMjExZDI1ODEuODM1MjMzMDE1MDUzMyUyMTJkMTIuMTc1Mzk2NTE2MDc1NzM4JTIxM2Q0OS42NzYyNDIyNzkzNzYwNSUyMTJtMyUyMTFmMCUyMTJmMCUyMTNmMCUyMTNtMiUyMTFpMTAyNCUyMTJpNzY4JTIxNGYxMy4xJTIxM20zJTIxMW0yJTIxMXMweDQ3YTAzOGMzMjBmMWVkN2IlMjUzQTB4MmQyMGVhNTdlNDQyMGZiNiUyMTJzU3RyZXNlbWFubnN0cmElMjVDMyUyNTlGZSUyQjEzJTI1MkMlMkI5MjYzNyUyQldlaWRlbiUyQmluJTJCZGVyJTJCT2JlcnBmYWx6JTIxNWUwJTIxM20yJTIxMXNkZSUyMTJzZGUlMjE0djE1NTkxNDA2NDI3ODglMjE1bTIlMjExc2RlJTIxMnNkZSUyMiUyMHdpZHRoJTNEJTIyNjAwJTIyJTIwaGVpZ2h0JTNEJTIyNDUwJTIyJTIwZnJhbWVib3JkZXIlM0QlMjIwJTIyJTIwc3R5bGUlM0QlMjJib3JkZXIlM0EwJTIyJTIwYWxsb3dmdWxsc2NyZWVuJTNFJTNDJTJGaWZyYW1lJTNF\u00bb][vc_empty_space][\/vc_column][\/vc_row][vc_row][vc_column width=\u00bb1\/2&#8243;][vc_column_text]<\/p>\n<h2>Emplazamiento Roding<\/h2>\n<p><strong><span lang=\"ES\">Producci\u00f3n de rejillas de ventilaci\u00f3n, filtros, puertas, tapas de la pared lateral y tapas frontales, compras de producci\u00f3n Roding<\/span><\/strong><\/p>\n<p><b>Krapf &amp; Lex Nachf. Verkehrstechnik GmbH &amp; Co. KG<\/b><\/p>\n<p>Neuer Gstettenweg 2<br \/>\nD-93426 Roding<\/p>\n<p>Tel\u00e9fono: +49 (0) 94 61 \/ 91 30 345<br \/>\nFax: +49 (0) 94 61 \/ 91 23 75<\/p>\n<p>E-Mail: <a class=\"mail\" href=\"mailto:contact@krapf-lex.de\">contact(at)krapf-lex(dot)de<\/a>[\/vc_column_text][\/vc_column][vc_column width=\u00bb1\/2&#8243;][vc_gmaps link=\u00bb#E-8_JTNDaWZyYW1lJTIwc3JjJTNEJTIyaHR0cHMlM0ElMkYlMkZ3d3cuZ29vZ2xlLmNvbSUyRm1hcHMlMkZlbWJlZCUzRnBiJTNEJTIxMW0xOCUyMTFtMTIlMjExbTMlMjExZDI2MDYuNjE3Mzk5OTUyMDExNSUyMTJkMTIuNTA5OTgxNTE2MDYyNTYzJTIxM2Q0OS4yMDc4MTcxNzkzMjMzNyUyMTJtMyUyMTFmMCUyMTJmMCUyMTNmMCUyMTNtMiUyMTFpMTAyNCUyMTJpNzY4JTIxNGYxMy4xJTIxM20zJTIxMW0yJTIxMXMweDQ3OWZmZDBlNTc1OWEyNGIlMjUzQTB4YzNiODQzMTU2MGY5ZDUzJTIxMnNOZXVlciUyQkdzdGV0dGVud2VnJTJCMiUyNTJDJTJCOTM0MjYlMkJSb2RpbmclMjE1ZTAlMjEzbTIlMjExc2RlJTIxMnNkZSUyMTR2MTU1OTE0MDc5MTEwMCUyMTVtMiUyMTFzZGUlMjEyc2RlJTIyJTIwd2lkdGglM0QlMjI2MDAlMjIlMjBoZWlnaHQlM0QlMjI0NTAlMjIlMjBmcmFtZWJvcmRlciUzRCUyMjAlMjIlMjBzdHlsZSUzRCUyMmJvcmRlciUzQTAlMjIlMjBhbGxvd2Z1bGxzY3JlZW4lM0UlM0MlMkZpZnJhbWUlM0U=\u00bb][\/vc_column][\/vc_row][vc_row][vc_column][vc_empty_space][\/vc_column][\/vc_row]<\/p>\n<\/div>","protected":false},"excerpt":{"rendered":"<p>[vc_row bg_type=\u00bbbg_color\u00bb bg_override=\u00bbfull\u00bb bg_color_value=\u00bb#f9f9f9&#8243; css=\u00bb.vc_custom_1562597626755{margin-top: -70px !important;}\u00bb][vc_column][vc_empty_space][vc_column_text] Recepci\u00f3n de pedidos de clientes [\/vc_column_text][vc_row_inner][vc_column_inner width=\u00bb1\/3&#8243;][vc_icon icon_fontawesome=\u00bbfa fa-envelope-o\u00bb color=\u00bbcustom\u00bb background_style=\u00bbrounded-outline\u00bb background_color=\u00bbcustom\u00bb size=\u00bblg\u00bb align=\u00bbcenter\u00bb custom_color=\u00bb#0091a5&#8243; custom_background_color=\u00bb#0091a5&#8243; link=\u00bburl:mailto%3Aorder%40krapf-lex.de|||\u00bb][vc_column_text] order(at)krapf-lex.de [\/vc_column_text][\/vc_column_inner][vc_column_inner width=\u00bb1\/3&#8243;][vc_icon icon_fontawesome=\u00bbfa fa-print\u00bb color=\u00bbcustom\u00bb background_style=\u00bbrounded-outline\u00bb background_color=\u00bbcustom\u00bb size=\u00bblg\u00bb align=\u00bbcenter\u00bb custom_color=\u00bb#0091a5&#8243; custom_background_color=\u00bb#0091a5&#8243;][vc_column_text] Fax: 0961 \/ 64 484-54 [\/vc_column_text][\/vc_column_inner][vc_column_inner width=\u00bb1\/3&#8243;][vc_icon icon_fontawesome=\u00bbfa fa-address-card\u00bb color=\u00bbcustom\u00bb background_style=\u00bbrounded-outline\u00bb background_color=\u00bbcustom\u00bb size=\u00bblg\u00bb align=\u00bbcenter\u00bb custom_color=\u00bb#0091a5&#8243; custom_background_color=\u00bb#0091a5&#8243; link=\u00bburl:http%3A%2F%2Fwww.krapf-lex.de%2Fes%2Fempresa%2Fel-equipo%2F|title:Team||\u00bb][vc_column_text] Contacto [\/vc_column_text][\/vc_column_inner][\/vc_row_inner][vc_empty_space][\/vc_column][\/vc_row][vc_row][vc_column&hellip;<\/p>\n","protected":false},"author":3,"featured_media":0,"parent":0,"menu_order":0,"comment_status":"closed","ping_status":"closed","template":"","meta":{"footnotes":""},"class_list":["post-1164","page","type-page","status-publish","hentry","description-off"],"yoast_head":"<!-- This site is optimized with the Yoast SEO plugin v26.9 - https:\/\/yoast.com\/product\/yoast-seo-wordpress\/ -->\n<title>Contacto - Krapf &amp; Lex<\/title>\n<meta name=\"robots\" content=\"index, follow, max-snippet:-1, max-image-preview:large, max-video-preview:-1\" \/>\n<link rel=\"canonical\" href=\"https:\/\/www.krapf-lex.de\/es\/contacto\/\" \/>\n<meta property=\"og:locale\" content=\"es_ES\" \/>\n<meta property=\"og:type\" content=\"article\" \/>\n<meta property=\"og:title\" content=\"Contacto - Krapf &amp; Lex\" \/>\n<meta property=\"og:description\" content=\"[vc_row bg_type=\u00bbbg_color\u00bb bg_override=\u00bbfull\u00bb bg_color_value=\u00bb#f9f9f9&#8243; css=\u00bb.vc_custom_1562597626755{margin-top: -70px !important;}\u00bb][vc_column][vc_empty_space][vc_column_text] Recepci\u00f3n de pedidos de clientes [\/vc_column_text][vc_row_inner][vc_column_inner width=\u00bb1\/3&#8243;][vc_icon icon_fontawesome=\u00bbfa fa-envelope-o\u00bb color=\u00bbcustom\u00bb background_style=\u00bbrounded-outline\u00bb background_color=\u00bbcustom\u00bb size=\u00bblg\u00bb align=\u00bbcenter\u00bb custom_color=\u00bb#0091a5&#8243; custom_background_color=\u00bb#0091a5&#8243; link=\u00bburl:mailto%3Aorder%40krapf-lex.de|||\u00bb][vc_column_text] order(at)krapf-lex.de [\/vc_column_text][\/vc_column_inner][vc_column_inner width=\u00bb1\/3&#8243;][vc_icon icon_fontawesome=\u00bbfa fa-print\u00bb color=\u00bbcustom\u00bb background_style=\u00bbrounded-outline\u00bb background_color=\u00bbcustom\u00bb size=\u00bblg\u00bb align=\u00bbcenter\u00bb custom_color=\u00bb#0091a5&#8243; custom_background_color=\u00bb#0091a5&#8243;][vc_column_text] Fax: 0961 \/ 64 484-54 [\/vc_column_text][\/vc_column_inner][vc_column_inner width=\u00bb1\/3&#8243;][vc_icon icon_fontawesome=\u00bbfa fa-address-card\u00bb color=\u00bbcustom\u00bb background_style=\u00bbrounded-outline\u00bb background_color=\u00bbcustom\u00bb size=\u00bblg\u00bb align=\u00bbcenter\u00bb custom_color=\u00bb#0091a5&#8243; custom_background_color=\u00bb#0091a5&#8243; link=\u00bburl:http%3A%2F%2Fwww.krapf-lex.de%2Fes%2Fempresa%2Fel-equipo%2F|title:Team||\u00bb][vc_column_text] Contacto [\/vc_column_text][\/vc_column_inner][\/vc_row_inner][vc_empty_space][\/vc_column][\/vc_row][vc_row][vc_column&hellip;\" \/>\n<meta property=\"og:url\" content=\"https:\/\/www.krapf-lex.de\/es\/contacto\/\" \/>\n<meta property=\"og:site_name\" content=\"Krapf &amp; Lex\" \/>\n<meta name=\"twitter:card\" content=\"summary_large_image\" \/>\n<meta name=\"twitter:label1\" content=\"Tiempo de lectura\" \/>\n\t<meta name=\"twitter:data1\" content=\"2 minutos\" \/>\n<script type=\"application\/ld+json\" class=\"yoast-schema-graph\">{\"@context\":\"https:\/\/schema.org\",\"@graph\":[{\"@type\":\"WebPage\",\"@id\":\"https:\/\/www.krapf-lex.de\/es\/contacto\/\",\"url\":\"https:\/\/www.krapf-lex.de\/es\/contacto\/\",\"name\":\"Contacto - Krapf &amp; Lex\",\"isPartOf\":{\"@id\":\"https:\/\/www.krapf-lex.de\/es\/#website\"},\"datePublished\":\"2019-07-11T10:22:12+00:00\",\"breadcrumb\":{\"@id\":\"https:\/\/www.krapf-lex.de\/es\/contacto\/#breadcrumb\"},\"inLanguage\":\"es\",\"potentialAction\":[{\"@type\":\"ReadAction\",\"target\":[\"https:\/\/www.krapf-lex.de\/es\/contacto\/\"]}]},{\"@type\":\"BreadcrumbList\",\"@id\":\"https:\/\/www.krapf-lex.de\/es\/contacto\/#breadcrumb\",\"itemListElement\":[{\"@type\":\"ListItem\",\"position\":1,\"name\":\"Startseite\",\"item\":\"https:\/\/www.krapf-lex.de\/es\/\"},{\"@type\":\"ListItem\",\"position\":2,\"name\":\"Contacto\"}]},{\"@type\":\"WebSite\",\"@id\":\"https:\/\/www.krapf-lex.de\/es\/#website\",\"url\":\"https:\/\/www.krapf-lex.de\/es\/\",\"name\":\"Krapf &amp; Lex\",\"description\":\"Weiden i. d. Oberpfalz\",\"potentialAction\":[{\"@type\":\"SearchAction\",\"target\":{\"@type\":\"EntryPoint\",\"urlTemplate\":\"https:\/\/www.krapf-lex.de\/es\/?s={search_term_string}\"},\"query-input\":{\"@type\":\"PropertyValueSpecification\",\"valueRequired\":true,\"valueName\":\"search_term_string\"}}],\"inLanguage\":\"es\"}]}<\/script>\n<!-- \/ Yoast SEO plugin. -->","yoast_head_json":{"title":"Contacto - Krapf &amp; Lex","robots":{"index":"index","follow":"follow","max-snippet":"max-snippet:-1","max-image-preview":"max-image-preview:large","max-video-preview":"max-video-preview:-1"},"canonical":"https:\/\/www.krapf-lex.de\/es\/contacto\/","og_locale":"es_ES","og_type":"article","og_title":"Contacto - Krapf &amp; Lex","og_description":"[vc_row bg_type=\u00bbbg_color\u00bb bg_override=\u00bbfull\u00bb bg_color_value=\u00bb#f9f9f9&#8243; css=\u00bb.vc_custom_1562597626755{margin-top: -70px !important;}\u00bb][vc_column][vc_empty_space][vc_column_text] Recepci\u00f3n de pedidos de clientes [\/vc_column_text][vc_row_inner][vc_column_inner width=\u00bb1\/3&#8243;][vc_icon icon_fontawesome=\u00bbfa fa-envelope-o\u00bb color=\u00bbcustom\u00bb background_style=\u00bbrounded-outline\u00bb background_color=\u00bbcustom\u00bb size=\u00bblg\u00bb align=\u00bbcenter\u00bb custom_color=\u00bb#0091a5&#8243; custom_background_color=\u00bb#0091a5&#8243; link=\u00bburl:mailto%3Aorder%40krapf-lex.de|||\u00bb][vc_column_text] order(at)krapf-lex.de [\/vc_column_text][\/vc_column_inner][vc_column_inner width=\u00bb1\/3&#8243;][vc_icon icon_fontawesome=\u00bbfa fa-print\u00bb color=\u00bbcustom\u00bb background_style=\u00bbrounded-outline\u00bb background_color=\u00bbcustom\u00bb size=\u00bblg\u00bb align=\u00bbcenter\u00bb custom_color=\u00bb#0091a5&#8243; custom_background_color=\u00bb#0091a5&#8243;][vc_column_text] Fax: 0961 \/ 64 484-54 [\/vc_column_text][\/vc_column_inner][vc_column_inner width=\u00bb1\/3&#8243;][vc_icon icon_fontawesome=\u00bbfa fa-address-card\u00bb color=\u00bbcustom\u00bb background_style=\u00bbrounded-outline\u00bb background_color=\u00bbcustom\u00bb size=\u00bblg\u00bb align=\u00bbcenter\u00bb custom_color=\u00bb#0091a5&#8243; custom_background_color=\u00bb#0091a5&#8243; link=\u00bburl:http%3A%2F%2Fwww.krapf-lex.de%2Fes%2Fempresa%2Fel-equipo%2F|title:Team||\u00bb][vc_column_text] Contacto [\/vc_column_text][\/vc_column_inner][\/vc_row_inner][vc_empty_space][\/vc_column][\/vc_row][vc_row][vc_column&hellip;","og_url":"https:\/\/www.krapf-lex.de\/es\/contacto\/","og_site_name":"Krapf &amp; Lex","twitter_card":"summary_large_image","twitter_misc":{"Tiempo de lectura":"2 minutos"},"schema":{"@context":"https:\/\/schema.org","@graph":[{"@type":"WebPage","@id":"https:\/\/www.krapf-lex.de\/es\/contacto\/","url":"https:\/\/www.krapf-lex.de\/es\/contacto\/","name":"Contacto - Krapf &amp; Lex","isPartOf":{"@id":"https:\/\/www.krapf-lex.de\/es\/#website"},"datePublished":"2019-07-11T10:22:12+00:00","breadcrumb":{"@id":"https:\/\/www.krapf-lex.de\/es\/contacto\/#breadcrumb"},"inLanguage":"es","potentialAction":[{"@type":"ReadAction","target":["https:\/\/www.krapf-lex.de\/es\/contacto\/"]}]},{"@type":"BreadcrumbList","@id":"https:\/\/www.krapf-lex.de\/es\/contacto\/#breadcrumb","itemListElement":[{"@type":"ListItem","position":1,"name":"Startseite","item":"https:\/\/www.krapf-lex.de\/es\/"},{"@type":"ListItem","position":2,"name":"Contacto"}]},{"@type":"WebSite","@id":"https:\/\/www.krapf-lex.de\/es\/#website","url":"https:\/\/www.krapf-lex.de\/es\/","name":"Krapf &amp; Lex","description":"Weiden i. d. Oberpfalz","potentialAction":[{"@type":"SearchAction","target":{"@type":"EntryPoint","urlTemplate":"https:\/\/www.krapf-lex.de\/es\/?s={search_term_string}"},"query-input":{"@type":"PropertyValueSpecification","valueRequired":true,"valueName":"search_term_string"}}],"inLanguage":"es"}]}},"_links":{"self":[{"href":"https:\/\/www.krapf-lex.de\/es\/wp-json\/wp\/v2\/pages\/1164","targetHints":{"allow":["GET"]}}],"collection":[{"href":"https:\/\/www.krapf-lex.de\/es\/wp-json\/wp\/v2\/pages"}],"about":[{"href":"https:\/\/www.krapf-lex.de\/es\/wp-json\/wp\/v2\/types\/page"}],"author":[{"embeddable":true,"href":"https:\/\/www.krapf-lex.de\/es\/wp-json\/wp\/v2\/users\/3"}],"replies":[{"embeddable":true,"href":"https:\/\/www.krapf-lex.de\/es\/wp-json\/wp\/v2\/comments?post=1164"}],"version-history":[{"count":1,"href":"https:\/\/www.krapf-lex.de\/es\/wp-json\/wp\/v2\/pages\/1164\/revisions"}],"predecessor-version":[{"id":1165,"href":"https:\/\/www.krapf-lex.de\/es\/wp-json\/wp\/v2\/pages\/1164\/revisions\/1165"}],"wp:attachment":[{"href":"https:\/\/www.krapf-lex.de\/es\/wp-json\/wp\/v2\/media?parent=1164"}],"curies":[{"name":"wp","href":"https:\/\/api.w.org\/{rel}","templated":true}]}}