{"id":877,"date":"2019-07-09T15:44:55","date_gmt":"2019-07-09T13:44:55","guid":{"rendered":"http:\/\/www.krapf-lex.de\/?page_id=877"},"modified":"2019-07-09T16:02:50","modified_gmt":"2019-07-09T14:02:50","slug":"protection-contre-la-neige","status":"publish","type":"page","link":"https:\/\/www.krapf-lex.de\/fr\/filtres-a-air\/protection-contre-la-neige\/","title":{"rendered":"Protection contre la neige"},"content":{"rendered":"<div class=\"wpb-content-wrapper\"><p>[vc_row][vc_column][vc_column_text]<\/p>\n<h2>Nos filtres prot\u00e8gent de la neige<\/h2>\n<p>[\/vc_column_text][\/vc_column][\/vc_row][vc_row][vc_column width=\u00a0\u00bb1\/2&Prime;][vc_column_text]Des incidents techniques ont eu lieu au cours de l\u2018hiver 2009\/2010. Dans toute l\u2019Europe, le trafic ferroviaire a \u00e9t\u00e9 interrompu ou ralenti, du fait de l\u2019introduction de neige dans les composants \u00e9lectriques des v\u00e9hicules \u00e0 rails, les mettant hors de fonction. L\u2019exemple le plus frappant fut l\u2019Eurostar qui resta bloqu\u00e9 plusieurs fois dans le tunnel sous la manche.[\/vc_column_text][vc_column_text]<span lang=\"FR\">Filtrer la neige est essentiel car il arrive que des milliers de cristaux de neige, selon les donn\u00e9es m\u00e9t\u00e9orologiques, puissent se transformer en quelques secondes en un tout autre type de cristal. <\/span><\/p>\n<p><span lang=\"FR\">Le but est d\u2019emp\u00eacher la neige de s\u2019introduire dans le v\u00e9hicule ferroviaire, et que la neige et la glace n\u2019obstruent pas les canaux d\u2019entr\u00e9e et d\u2019\u00e9vacuation de l\u2019air. Suite \u00e0 de nombreux projets r\u00e9alis\u00e9s, entre-autre dans les pays scandinaves, nous disposons d\u2019une exp\u00e9rience de longue date dans ce domaine et travaillons de surcro\u00eet en collaboration avec l\u2019institut de recherche europ\u00e9en leader dans le domaine de la neige.<\/span>[\/vc_column_text][vc_empty_space][\/vc_column][vc_column width=\u00a0\u00bb1\/2&Prime;]<style type=\"text\/css\" data-type=\"the7_shortcodes-inline-css\">.photos-carousel-shortcode-id-e4f537da86a95c2d6dca32f34b35d802.owl-carousel .owl-nav div {\n  width: 36px;\n  height: 36px;\n  border-radius: 500px;\n}\n.photos-carousel-shortcode-id-e4f537da86a95c2d6dca32f34b35d802.owl-carousel .owl-nav div:before,\n.photos-carousel-shortcode-id-e4f537da86a95c2d6dca32f34b35d802.owl-carousel .owl-nav div:after {\n  border-width: 0px;\n}\n.photos-carousel-shortcode-id-e4f537da86a95c2d6dca32f34b35d802.owl-carousel .owl-nav div.owl-prev {\n  top: 50%;\n  transform: translateY(calc(-50% + 0px));\n  left: -43px;\n}\n@media all and (-ms-high-contrast: none) {\n  .photos-carousel-shortcode-id-e4f537da86a95c2d6dca32f34b35d802.owl-carousel .owl-nav div.owl-prev {\n    transform: translateY(-50%);\n    margin-top: 0px;\n  }\n}\n.photos-carousel-shortcode-id-e4f537da86a95c2d6dca32f34b35d802.owl-carousel .owl-nav div.owl-prev i {\n  padding: 0px 0px 0px 0px;\n}\n.photos-carousel-shortcode-id-e4f537da86a95c2d6dca32f34b35d802.owl-carousel .owl-nav div.owl-next {\n  top: 50%;\n  transform: translateY(calc(-50% + 0px));\n  right: -43px;\n}\n@media all and (-ms-high-contrast: none) {\n  .photos-carousel-shortcode-id-e4f537da86a95c2d6dca32f34b35d802.owl-carousel .owl-nav div.owl-next {\n    transform: translateY(-50%);\n    margin-top: 0px;\n  }\n}\n.photos-carousel-shortcode-id-e4f537da86a95c2d6dca32f34b35d802.owl-carousel .owl-nav div.owl-next i {\n  padding: 0px 0px 0px 0px;\n}\n.photos-carousel-shortcode-id-e4f537da86a95c2d6dca32f34b35d802.owl-carousel .owl-nav i {\n  font-size: 18px;\n}\n.photos-carousel-shortcode-id-e4f537da86a95c2d6dca32f34b35d802.owl-carousel .owl-nav div:not(:hover) i,\n.photos-carousel-shortcode-id-e4f537da86a95c2d6dca32f34b35d802.owl-carousel .owl-nav div:not(:hover) i:before {\n  color: #ffffff;\n  background: none;\n}\n.photos-carousel-shortcode-id-e4f537da86a95c2d6dca32f34b35d802.owl-carousel .owl-nav div:hover i,\n.photos-carousel-shortcode-id-e4f537da86a95c2d6dca32f34b35d802.owl-carousel .owl-nav div:hover i:before {\n  color: rgba(255,255,255,0.75);\n  background: none;\n}\n.photos-carousel-shortcode-id-e4f537da86a95c2d6dca32f34b35d802 .owl-dots {\n  top: calc(100% + 20px);\n  left: 50%;\n  transform: translateX(calc(-50% + 0px));\n}\n@media all and (-ms-high-contrast: none) {\n  .photos-carousel-shortcode-id-e4f537da86a95c2d6dca32f34b35d802 .owl-dots {\n    transform: translateX(-50%);\n    margin-left: 0px;\n  }\n}\n.photos-carousel-shortcode-id-e4f537da86a95c2d6dca32f34b35d802 .owl-dot {\n  width: 10px;\n  height: 10px;\n  margin: 0 8px;\n}\n@media screen and (max-width: 778px) {\n  .photos-carousel-shortcode-id-e4f537da86a95c2d6dca32f34b35d802.hide-arrows.owl-carousel .owl-nav a {\n    display: none;\n  }\n}\n@media screen and (max-width: 778px) {\n  .photos-carousel-shortcode-id-e4f537da86a95c2d6dca32f34b35d802.reposition-arrows.owl-carousel .owl-nav .owl-prev {\n    top: 50%;\n    transform: translateY(calc(-50% + 0px));\n    left: 10px;\n  }\n  .photos-carousel-shortcode-id-e4f537da86a95c2d6dca32f34b35d802.reposition-arrows.owl-carousel .owl-nav .owl-next {\n    top: 50%;\n    transform: translateY(calc(-50% + 0px));\n    right: 10px;\n  }\n}\n@media screen and (max-width: 778px) and all and (-ms-high-contrast: none) {\n  .photos-carousel-shortcode-id-e4f537da86a95c2d6dca32f34b35d802.reposition-arrows.owl-carousel .owl-nav .owl-prev {\n    transform: translateY(-50%);\n    margin-top: 0px;\n  }\n}\n@media screen and (max-width: 778px) and all and (-ms-high-contrast: none) {\n  .photos-carousel-shortcode-id-e4f537da86a95c2d6dca32f34b35d802.reposition-arrows.owl-carousel .owl-nav .owl-next {\n    transform: translateY(-50%);\n    margin-top: 0px;\n  }\n}\n.photos-carousel-shortcode-id-e4f537da86a95c2d6dca32f34b35d802 figure,\n.photos-carousel-shortcode-id-e4f537da86a95c2d6dca32f34b35d802 .rollover,\n.photos-carousel-shortcode-id-e4f537da86a95c2d6dca32f34b35d802 img,\n.photos-carousel-shortcode-id-e4f537da86a95c2d6dca32f34b35d802 .gallery-rollover {\n  border-radius: 0px;\n}\n.photos-carousel-shortcode-id-e4f537da86a95c2d6dca32f34b35d802.enable-bg-rollover .gallery-rollover {\n  background: -webkit-linear-gradient();\n  background: linear-gradient();\n}\n.photos-carousel-shortcode-id-e4f537da86a95c2d6dca32f34b35d802.enable-bg-rollover.hover-scale .rollover:after {\n  background: -webkit-linear-gradient();\n  background: linear-gradient();\n}\n.photos-carousel-shortcode-id-e4f537da86a95c2d6dca32f34b35d802.enable-img-shadow .owl-stage-outer {\n  padding: 14px 0;\n}\n.photos-carousel-shortcode-id-e4f537da86a95c2d6dca32f34b35d802.gallery-shortcode .gallery-zoom-ico {\n  width: 44px;\n  height: 44px;\n  line-height: 44px;\n  border-radius: 100px;\n  margin: -22px 0 0 -22px;\n  border-width: 0px;\n}\n.dt-icon-bg-on.photos-carousel-shortcode-id-e4f537da86a95c2d6dca32f34b35d802.gallery-shortcode .gallery-zoom-ico {\n  background: rgba(255,255,255,0.3);\n  -webkit-box-shadow: none;\n  box-shadow: none;\n}\n.photos-carousel-shortcode-id-e4f537da86a95c2d6dca32f34b35d802.gallery-shortcode .gallery-zoom-ico:before,\n.photos-carousel-shortcode-id-e4f537da86a95c2d6dca32f34b35d802.gallery-shortcode .gallery-zoom-ico span {\n  font-size: 32px;\n  line-height: 44px;\n  color: #ffffff;\n  background: none;\n}<\/style><div class=\"owl-carousel gallery-carousel-shortcode gallery-shortcode dt-gallery-container album-gallery-shortcode dt-owl-carousel-call photos-carousel-shortcode-id-e4f537da86a95c2d6dca32f34b35d802 quick-scale-img enable-bg-rollover meta-info-off bullets-small-dot-stroke reposition-arrows dt-icon-bg-off arrows-bg-on dt-arrow-border-on dt-arrow-hover-border-on disable-arrows-hover-bg arrows-hover-bg-on  hover-fade \" data-scroll-mode=\"1\" data-col-num=\"2\" data-wide-col-num=\"2\" data-laptop-col=\"2\" data-h-tablet-columns-num=\"2\" data-v-tablet-columns-num=\"2\" data-phone-columns-num=\"1\" data-col-gap=\"10\" data-stage-padding=\"0\" data-speed=\"600\" data-autoplay=\"false\" data-autoplay_speed=\"6000\" data-arrows=\"true\" data-bullet=\"false\" data-next-icon=\"icon-ar-017-r\" data-prev-icon=\"icon-ar-017-l\" data-img-shadow-size=\"12px\" data-img-shadow-spread=\"3px\"><article class=\"post visible post-620 attachment type-attachment status-inherit hentry\"><a href=\"https:\/\/www.krapf-lex.de\/wp-content\/uploads\/2019\/07\/Zugbild_Schnee.jpg\" class=\"rollover-click-target rollover dt-pswp-item layzr-bg\"  data-dt-img-description=\"\"  data-large_image_width=\"900\" data-large_image_height = \"500\" ><img fetchpriority=\"high\" decoding=\"async\" class=\"preload-me owl-lazy-load aspect\" src=\"data:image\/svg+xml,%3Csvg%20xmlns%3D&#39;http%3A%2F%2Fwww.w3.org%2F2000%2Fsvg&#39;%20viewBox%3D&#39;0%200%20500%20500&#39;%2F%3E\" data-src=\"https:\/\/www.krapf-lex.de\/wp-content\/uploads\/2019\/07\/Zugbild_Schnee-500x500.jpg\" data-srcset=\"https:\/\/www.krapf-lex.de\/wp-content\/uploads\/2019\/07\/Zugbild_Schnee-500x500.jpg 500w\" loading=\"eager\" style=\"--ratio: 500 \/ 500\" sizes=\"(max-width: 500px) 100vw, 500px\" alt=\"\" width=\"500\" height=\"500\"  \/><span class=\"gallery-rollover\"><span class=\"gallery-zoom-ico icomoon-the7-font-the7-zoom-06\"><span><\/span><\/span><\/span><\/a><\/article><article class=\"post visible post-625 attachment type-attachment status-inherit hentry\"><a href=\"https:\/\/www.krapf-lex.de\/wp-content\/uploads\/2019\/07\/image-2.png\" class=\"rollover-click-target rollover dt-pswp-item layzr-bg\" title=\"Bild: R. Br\u00fctting, www.trainpics.de\" data-dt-img-description=\"\"  data-large_image_width=\"900\" data-large_image_height = \"600\" ><img decoding=\"async\" class=\"preload-me owl-lazy-load aspect\" src=\"data:image\/svg+xml,%3Csvg%20xmlns%3D&#39;http%3A%2F%2Fwww.w3.org%2F2000%2Fsvg&#39;%20viewBox%3D&#39;0%200%20600%20600&#39;%2F%3E\" data-src=\"https:\/\/www.krapf-lex.de\/wp-content\/uploads\/2019\/07\/image-2-600x600.png\" data-srcset=\"https:\/\/www.krapf-lex.de\/wp-content\/uploads\/2019\/07\/image-2-600x600.png 600w\" loading=\"eager\" style=\"--ratio: 600 \/ 600\" sizes=\"(max-width: 600px) 100vw, 600px\" alt=\"Zug auf Schienen bei Schneefall\" width=\"600\" height=\"600\"  \/><span class=\"gallery-rollover\"><span class=\"gallery-zoom-ico icomoon-the7-font-the7-zoom-06\"><span><\/span><\/span><\/span><\/a><\/article><\/div>[\/vc_column][\/vc_row][vc_row bg_type=\u00a0\u00bbbg_color\u00a0\u00bb bg_color_value=\u00a0\u00bb#0091a5&Prime; css=\u00a0\u00bb.vc_custom_1562589008846{margin-right: 15px !important;margin-left: 15px !important;}\u00a0\u00bb][vc_column width=\u00a0\u00bb1\/6&Prime;][vc_icon icon_fontawesome=\u00a0\u00bbfa fa-lightbulb-o\u00a0\u00bb color=\u00a0\u00bbcustom\u00a0\u00bb background_style=\u00a0\u00bbrounded\u00a0\u00bb background_color=\u00a0\u00bbcustom\u00a0\u00bb size=\u00a0\u00bblg\u00a0\u00bb align=\u00a0\u00bbcenter\u00a0\u00bb css_animation=\u00a0\u00bbfadeIn\u00a0\u00bb custom_background_color=\u00a0\u00bb#ffffff\u00a0\u00bb custom_color=\u00a0\u00bb#0091a5&Prime;][\/vc_column][vc_column width=\u00a0\u00bb5\/6&Prime;][vc_column_text css=\u00a0\u00bb.vc_custom_1562679874972{padding-right: 20px !important;padding-left: 20px !important;}\u00a0\u00bb]<span style=\"color: #ffffff;\">Les syst\u00e8mes de filtration de la neige de Krapf &amp; Lex ont fait leur preuve dans les r\u00e9gions \u00e0 fort enneigement du nord de l\u2019Europe et des Alpes. L\u2019Eurosprinter en Lituanie de Siemens, les trains scandinaves OTU, le m\u00e9tro Helsinki et Regina de Bombardier, le Minuetto d\u2019ALSTOM sont nos r\u00e9f\u00e9rences.<\/span>[\/vc_column_text][\/vc_column][\/vc_row]<\/p>\n<\/div>","protected":false},"excerpt":{"rendered":"<p>[vc_row][vc_column][vc_column_text] Nos filtres prot\u00e8gent de la neige [\/vc_column_text][\/vc_column][\/vc_row][vc_row][vc_column width=\u00a0\u00bb1\/2&Prime;][vc_column_text]Des incidents techniques ont eu lieu au cours de l\u2018hiver 2009\/2010. Dans toute l\u2019Europe, le trafic ferroviaire a \u00e9t\u00e9 interrompu ou ralenti, du fait de l\u2019introduction de neige dans les composants \u00e9lectriques des v\u00e9hicules \u00e0 rails, les mettant hors de fonction. L\u2019exemple le plus frappant fut l\u2019Eurostar&hellip;<\/p>\n","protected":false},"author":3,"featured_media":0,"parent":871,"menu_order":0,"comment_status":"closed","ping_status":"closed","template":"","meta":{"footnotes":""},"class_list":["post-877","page","type-page","status-publish","hentry","description-off"],"yoast_head":"<!-- This site is optimized with the Yoast SEO plugin v26.9 - https:\/\/yoast.com\/product\/yoast-seo-wordpress\/ -->\n<title>Protection contre la neige - Krapf &amp; Lex<\/title>\n<meta name=\"robots\" content=\"index, follow, max-snippet:-1, max-image-preview:large, max-video-preview:-1\" \/>\n<link rel=\"canonical\" href=\"https:\/\/www.krapf-lex.de\/fr\/filtres-a-air\/protection-contre-la-neige\/\" \/>\n<meta property=\"og:locale\" content=\"fr_FR\" \/>\n<meta property=\"og:type\" content=\"article\" \/>\n<meta property=\"og:title\" content=\"Protection contre la neige - Krapf &amp; Lex\" \/>\n<meta property=\"og:description\" content=\"[vc_row][vc_column][vc_column_text] Nos filtres prot\u00e8gent de la neige [\/vc_column_text][\/vc_column][\/vc_row][vc_row][vc_column width=\u00a0\u00bb1\/2&Prime;][vc_column_text]Des incidents techniques ont eu lieu au cours de l\u2018hiver 2009\/2010. Dans toute l\u2019Europe, le trafic ferroviaire a \u00e9t\u00e9 interrompu ou ralenti, du fait de l\u2019introduction de neige dans les composants \u00e9lectriques des v\u00e9hicules \u00e0 rails, les mettant hors de fonction. L\u2019exemple le plus frappant fut l\u2019Eurostar&hellip;\" \/>\n<meta property=\"og:url\" content=\"https:\/\/www.krapf-lex.de\/fr\/filtres-a-air\/protection-contre-la-neige\/\" \/>\n<meta property=\"og:site_name\" content=\"Krapf &amp; Lex\" \/>\n<meta property=\"article:modified_time\" content=\"2019-07-09T14:02:50+00:00\" \/>\n<meta name=\"twitter:card\" content=\"summary_large_image\" \/>\n<meta name=\"twitter:label1\" content=\"Dur\u00e9e de lecture estim\u00e9e\" \/>\n\t<meta name=\"twitter:data1\" content=\"2 minutes\" \/>\n<script type=\"application\/ld+json\" class=\"yoast-schema-graph\">{\"@context\":\"https:\/\/schema.org\",\"@graph\":[{\"@type\":\"WebPage\",\"@id\":\"https:\/\/www.krapf-lex.de\/fr\/filtres-a-air\/protection-contre-la-neige\/\",\"url\":\"https:\/\/www.krapf-lex.de\/fr\/filtres-a-air\/protection-contre-la-neige\/\",\"name\":\"Protection contre la neige - Krapf &amp; Lex\",\"isPartOf\":{\"@id\":\"https:\/\/www.krapf-lex.de\/fr\/#website\"},\"datePublished\":\"2019-07-09T13:44:55+00:00\",\"dateModified\":\"2019-07-09T14:02:50+00:00\",\"breadcrumb\":{\"@id\":\"https:\/\/www.krapf-lex.de\/fr\/filtres-a-air\/protection-contre-la-neige\/#breadcrumb\"},\"inLanguage\":\"fr-FR\",\"potentialAction\":[{\"@type\":\"ReadAction\",\"target\":[\"https:\/\/www.krapf-lex.de\/fr\/filtres-a-air\/protection-contre-la-neige\/\"]}]},{\"@type\":\"BreadcrumbList\",\"@id\":\"https:\/\/www.krapf-lex.de\/fr\/filtres-a-air\/protection-contre-la-neige\/#breadcrumb\",\"itemListElement\":[{\"@type\":\"ListItem\",\"position\":1,\"name\":\"Startseite\",\"item\":\"https:\/\/www.krapf-lex.de\/fr\/\"},{\"@type\":\"ListItem\",\"position\":2,\"name\":\"filtres \u00e0 air\",\"item\":\"https:\/\/www.krapf-lex.de\/fr\/filtres-a-air\/\"},{\"@type\":\"ListItem\",\"position\":3,\"name\":\"Protection contre la neige\"}]},{\"@type\":\"WebSite\",\"@id\":\"https:\/\/www.krapf-lex.de\/fr\/#website\",\"url\":\"https:\/\/www.krapf-lex.de\/fr\/\",\"name\":\"Krapf &amp; Lex\",\"description\":\"Weiden i. d. Oberpfalz\",\"potentialAction\":[{\"@type\":\"SearchAction\",\"target\":{\"@type\":\"EntryPoint\",\"urlTemplate\":\"https:\/\/www.krapf-lex.de\/fr\/?s={search_term_string}\"},\"query-input\":{\"@type\":\"PropertyValueSpecification\",\"valueRequired\":true,\"valueName\":\"search_term_string\"}}],\"inLanguage\":\"fr-FR\"}]}<\/script>\n<!-- \/ Yoast SEO plugin. -->","yoast_head_json":{"title":"Protection contre la neige - Krapf &amp; Lex","robots":{"index":"index","follow":"follow","max-snippet":"max-snippet:-1","max-image-preview":"max-image-preview:large","max-video-preview":"max-video-preview:-1"},"canonical":"https:\/\/www.krapf-lex.de\/fr\/filtres-a-air\/protection-contre-la-neige\/","og_locale":"fr_FR","og_type":"article","og_title":"Protection contre la neige - Krapf &amp; Lex","og_description":"[vc_row][vc_column][vc_column_text] Nos filtres prot\u00e8gent de la neige [\/vc_column_text][\/vc_column][\/vc_row][vc_row][vc_column width=\u00a0\u00bb1\/2&Prime;][vc_column_text]Des incidents techniques ont eu lieu au cours de l\u2018hiver 2009\/2010. Dans toute l\u2019Europe, le trafic ferroviaire a \u00e9t\u00e9 interrompu ou ralenti, du fait de l\u2019introduction de neige dans les composants \u00e9lectriques des v\u00e9hicules \u00e0 rails, les mettant hors de fonction. L\u2019exemple le plus frappant fut l\u2019Eurostar&hellip;","og_url":"https:\/\/www.krapf-lex.de\/fr\/filtres-a-air\/protection-contre-la-neige\/","og_site_name":"Krapf &amp; Lex","article_modified_time":"2019-07-09T14:02:50+00:00","twitter_card":"summary_large_image","twitter_misc":{"Dur\u00e9e de lecture estim\u00e9e":"2 minutes"},"schema":{"@context":"https:\/\/schema.org","@graph":[{"@type":"WebPage","@id":"https:\/\/www.krapf-lex.de\/fr\/filtres-a-air\/protection-contre-la-neige\/","url":"https:\/\/www.krapf-lex.de\/fr\/filtres-a-air\/protection-contre-la-neige\/","name":"Protection contre la neige - Krapf &amp; Lex","isPartOf":{"@id":"https:\/\/www.krapf-lex.de\/fr\/#website"},"datePublished":"2019-07-09T13:44:55+00:00","dateModified":"2019-07-09T14:02:50+00:00","breadcrumb":{"@id":"https:\/\/www.krapf-lex.de\/fr\/filtres-a-air\/protection-contre-la-neige\/#breadcrumb"},"inLanguage":"fr-FR","potentialAction":[{"@type":"ReadAction","target":["https:\/\/www.krapf-lex.de\/fr\/filtres-a-air\/protection-contre-la-neige\/"]}]},{"@type":"BreadcrumbList","@id":"https:\/\/www.krapf-lex.de\/fr\/filtres-a-air\/protection-contre-la-neige\/#breadcrumb","itemListElement":[{"@type":"ListItem","position":1,"name":"Startseite","item":"https:\/\/www.krapf-lex.de\/fr\/"},{"@type":"ListItem","position":2,"name":"filtres \u00e0 air","item":"https:\/\/www.krapf-lex.de\/fr\/filtres-a-air\/"},{"@type":"ListItem","position":3,"name":"Protection contre la neige"}]},{"@type":"WebSite","@id":"https:\/\/www.krapf-lex.de\/fr\/#website","url":"https:\/\/www.krapf-lex.de\/fr\/","name":"Krapf &amp; Lex","description":"Weiden i. d. Oberpfalz","potentialAction":[{"@type":"SearchAction","target":{"@type":"EntryPoint","urlTemplate":"https:\/\/www.krapf-lex.de\/fr\/?s={search_term_string}"},"query-input":{"@type":"PropertyValueSpecification","valueRequired":true,"valueName":"search_term_string"}}],"inLanguage":"fr-FR"}]}},"_links":{"self":[{"href":"https:\/\/www.krapf-lex.de\/fr\/wp-json\/wp\/v2\/pages\/877","targetHints":{"allow":["GET"]}}],"collection":[{"href":"https:\/\/www.krapf-lex.de\/fr\/wp-json\/wp\/v2\/pages"}],"about":[{"href":"https:\/\/www.krapf-lex.de\/fr\/wp-json\/wp\/v2\/types\/page"}],"author":[{"embeddable":true,"href":"https:\/\/www.krapf-lex.de\/fr\/wp-json\/wp\/v2\/users\/3"}],"replies":[{"embeddable":true,"href":"https:\/\/www.krapf-lex.de\/fr\/wp-json\/wp\/v2\/comments?post=877"}],"version-history":[{"count":2,"href":"https:\/\/www.krapf-lex.de\/fr\/wp-json\/wp\/v2\/pages\/877\/revisions"}],"predecessor-version":[{"id":898,"href":"https:\/\/www.krapf-lex.de\/fr\/wp-json\/wp\/v2\/pages\/877\/revisions\/898"}],"up":[{"embeddable":true,"href":"https:\/\/www.krapf-lex.de\/fr\/wp-json\/wp\/v2\/pages\/871"}],"wp:attachment":[{"href":"https:\/\/www.krapf-lex.de\/fr\/wp-json\/wp\/v2\/media?parent=877"}],"curies":[{"name":"wp","href":"https:\/\/api.w.org\/{rel}","templated":true}]}}