{"id":880,"date":"2019-07-09T15:53:28","date_gmt":"2019-07-09T13:53:28","guid":{"rendered":"http:\/\/www.krapf-lex.de\/?page_id=880"},"modified":"2019-07-09T16:00:22","modified_gmt":"2019-07-09T14:00:22","slug":"protection-contre-la-poussiere","status":"publish","type":"page","link":"https:\/\/www.krapf-lex.de\/fr\/filtres-a-air\/protection-contre-la-poussiere\/","title":{"rendered":"Protection contre la poussi\u00e8re"},"content":{"rendered":"<div class=\"wpb-content-wrapper\"><p>[vc_row][vc_column][vc_column_text]<\/p>\n<h2>Nos filtres prot\u00e8gent de la poussi\u00e8re<\/h2>\n<p>[\/vc_column_text][\/vc_column][\/vc_row][vc_row][vc_column width=\u00a0\u00bb1\/2&Prime;][vc_column_text]<span lang=\"FR\">Dans les r\u00e9gions arides et en particulier dans les zones d\u00e9sertiques, l\u2019accumulation de fines particules de sable dans l\u2019air aspir\u00e9 a pour cons\u00e9quence des op\u00e9rations de maintenance plus fr\u00e9quentes de composants en aval voire \u00e0 des arr\u00eats d\u00fb \u00e0 l\u2019encrassement de ces pi\u00e8ces. <\/span><\/p>\n<p><span lang=\"FR\">Un fonctionnement sans faille ne peut alors \u00eatre assur\u00e9 que par l\u2019\u00e9change plus fr\u00e9quent des filtres ou le nettoyage plus r\u00e9gulier des composants. Le s\u00e9parateur de poussi\u00e8re autonettoyant avec ventilateur d\u2019\u00e9vacuation de la poussi\u00e8re permet d\u2019espacer consid\u00e9rablement les intervalles de maintenance et de prolonger la dur\u00e9e de vie des autres composants (filtres, ventilateurs, \u00e9l\u00e9ments de contr\u00f4le) du syst\u00e8me d\u2019a\u00e9ration. Krapf &amp; Lex vous propose pour cela deux solutions qui ont fait leurs preuves\u00a0:<\/span>[\/vc_column_text][vc_column_text]<span lang=\"FR\">Krapf &amp; Lex <b>Multi-cyclone<\/b><\/span><\/p>\n<p><span lang=\"FR\">La dur\u00e9e de service des filtres en aval est de vingt \u00e0 trente fois sup\u00e9rieure gr\u00e2ce \u00e0 la s\u00e9paration par le Multi-cyclone. Les filtres Multi-cyclone de Krapf &amp; Lex ont tous re\u00e7u les certifications requises pour v\u00e9hicules ferroviaires comme par exemple DIN EN 15085 pour la construction et la production ou alors DIN EN 61373 pour les tests d\u2019oscillation et de chocs. Le filtre Multi-cylone est en service en Arabie Saoudite dans le d\u00e9sert entre Damman et Riad. L\u2019air frais pour le personnel et les passagers du train est filtr\u00e9 pour ne laisser passer ni poussi\u00e8re ni grains de sable dans le climatiseur. La dur\u00e9e de service des filtres install\u00e9s dans le climatiseur est de ce fait consid\u00e9rablement augment\u00e9e.<\/span>[\/vc_column_text][\/vc_column][vc_column width=\u00a0\u00bb1\/2&Prime;][vc_column_text]<span lang=\"FR\"><b>Le s\u00e9parateur de poussi\u00e8re<\/b> Krapf &amp; Lex<\/span><\/p>\n<p><span lang=\"FR\">Bien que sa capacit\u00e9 de s\u00e9paration soit plus faible que celle du Multi-cyclone, il offre n\u00e9anmoins une perte de charge plus faible et n\u00e9cessite un emplacement beaucoup plus r\u00e9duit. Le s\u00e9parateur de poussi\u00e8re est en service sur le FLIRT Alg\u00e9rie. Il effectue un filtrage de l\u2019air aspir\u00e9 par le s\u00e9parateur de poussi\u00e8re pour les climatiseurs et le refroidissement du g\u00e9n\u00e9rateur d\u2019air comprim\u00e9.<\/span>[\/vc_column_text]<style type=\"text\/css\" data-type=\"the7_shortcodes-inline-css\">.photos-carousel-shortcode-id-9536867c7bcf8f4a082dc8e91d575ca7.owl-carousel .owl-nav div {\n  width: 36px;\n  height: 36px;\n  border-radius: 500px;\n}\n.photos-carousel-shortcode-id-9536867c7bcf8f4a082dc8e91d575ca7.owl-carousel .owl-nav div:before,\n.photos-carousel-shortcode-id-9536867c7bcf8f4a082dc8e91d575ca7.owl-carousel .owl-nav div:after {\n  border-width: 0px;\n}\n.photos-carousel-shortcode-id-9536867c7bcf8f4a082dc8e91d575ca7.owl-carousel .owl-nav div.owl-prev {\n  top: 50%;\n  transform: translateY(calc(-50% + 0px));\n  left: -43px;\n}\n@media all and (-ms-high-contrast: none) {\n  .photos-carousel-shortcode-id-9536867c7bcf8f4a082dc8e91d575ca7.owl-carousel .owl-nav div.owl-prev {\n    transform: translateY(-50%);\n    margin-top: 0px;\n  }\n}\n.photos-carousel-shortcode-id-9536867c7bcf8f4a082dc8e91d575ca7.owl-carousel .owl-nav div.owl-prev i {\n  padding: 0px 0px 0px 0px;\n}\n.photos-carousel-shortcode-id-9536867c7bcf8f4a082dc8e91d575ca7.owl-carousel .owl-nav div.owl-next {\n  top: 50%;\n  transform: translateY(calc(-50% + 0px));\n  right: -43px;\n}\n@media all and (-ms-high-contrast: none) {\n  .photos-carousel-shortcode-id-9536867c7bcf8f4a082dc8e91d575ca7.owl-carousel .owl-nav div.owl-next {\n    transform: translateY(-50%);\n    margin-top: 0px;\n  }\n}\n.photos-carousel-shortcode-id-9536867c7bcf8f4a082dc8e91d575ca7.owl-carousel .owl-nav div.owl-next i {\n  padding: 0px 0px 0px 0px;\n}\n.photos-carousel-shortcode-id-9536867c7bcf8f4a082dc8e91d575ca7.owl-carousel .owl-nav i {\n  font-size: 18px;\n}\n.photos-carousel-shortcode-id-9536867c7bcf8f4a082dc8e91d575ca7.owl-carousel .owl-nav div:not(:hover) i,\n.photos-carousel-shortcode-id-9536867c7bcf8f4a082dc8e91d575ca7.owl-carousel .owl-nav div:not(:hover) i:before {\n  color: #ffffff;\n  background: none;\n}\n.photos-carousel-shortcode-id-9536867c7bcf8f4a082dc8e91d575ca7.owl-carousel .owl-nav div:hover i,\n.photos-carousel-shortcode-id-9536867c7bcf8f4a082dc8e91d575ca7.owl-carousel .owl-nav div:hover i:before {\n  color: rgba(255,255,255,0.75);\n  background: none;\n}\n.photos-carousel-shortcode-id-9536867c7bcf8f4a082dc8e91d575ca7 .owl-dots {\n  top: calc(100% + 20px);\n  left: 50%;\n  transform: translateX(calc(-50% + 0px));\n}\n@media all and (-ms-high-contrast: none) {\n  .photos-carousel-shortcode-id-9536867c7bcf8f4a082dc8e91d575ca7 .owl-dots {\n    transform: translateX(-50%);\n    margin-left: 0px;\n  }\n}\n.photos-carousel-shortcode-id-9536867c7bcf8f4a082dc8e91d575ca7 .owl-dot {\n  width: 10px;\n  height: 10px;\n  margin: 0 8px;\n}\n@media screen and (max-width: 778px) {\n  .photos-carousel-shortcode-id-9536867c7bcf8f4a082dc8e91d575ca7.hide-arrows.owl-carousel .owl-nav a {\n    display: none;\n  }\n}\n@media screen and (max-width: 778px) {\n  .photos-carousel-shortcode-id-9536867c7bcf8f4a082dc8e91d575ca7.reposition-arrows.owl-carousel .owl-nav .owl-prev {\n    top: 50%;\n    transform: translateY(calc(-50% + 0px));\n    left: 10px;\n  }\n  .photos-carousel-shortcode-id-9536867c7bcf8f4a082dc8e91d575ca7.reposition-arrows.owl-carousel .owl-nav .owl-next {\n    top: 50%;\n    transform: translateY(calc(-50% + 0px));\n    right: 10px;\n  }\n}\n@media screen and (max-width: 778px) and all and (-ms-high-contrast: none) {\n  .photos-carousel-shortcode-id-9536867c7bcf8f4a082dc8e91d575ca7.reposition-arrows.owl-carousel .owl-nav .owl-prev {\n    transform: translateY(-50%);\n    margin-top: 0px;\n  }\n}\n@media screen and (max-width: 778px) and all and (-ms-high-contrast: none) {\n  .photos-carousel-shortcode-id-9536867c7bcf8f4a082dc8e91d575ca7.reposition-arrows.owl-carousel .owl-nav .owl-next {\n    transform: translateY(-50%);\n    margin-top: 0px;\n  }\n}\n.photos-carousel-shortcode-id-9536867c7bcf8f4a082dc8e91d575ca7 figure,\n.photos-carousel-shortcode-id-9536867c7bcf8f4a082dc8e91d575ca7 .rollover,\n.photos-carousel-shortcode-id-9536867c7bcf8f4a082dc8e91d575ca7 img,\n.photos-carousel-shortcode-id-9536867c7bcf8f4a082dc8e91d575ca7 .gallery-rollover {\n  border-radius: 0px;\n}\n.photos-carousel-shortcode-id-9536867c7bcf8f4a082dc8e91d575ca7.enable-bg-rollover .gallery-rollover {\n  background: -webkit-linear-gradient();\n  background: linear-gradient();\n}\n.photos-carousel-shortcode-id-9536867c7bcf8f4a082dc8e91d575ca7.enable-bg-rollover.hover-scale .rollover:after {\n  background: -webkit-linear-gradient();\n  background: linear-gradient();\n}\n.photos-carousel-shortcode-id-9536867c7bcf8f4a082dc8e91d575ca7.enable-img-shadow .owl-stage-outer {\n  padding: 14px 0;\n}\n.photos-carousel-shortcode-id-9536867c7bcf8f4a082dc8e91d575ca7.gallery-shortcode .gallery-zoom-ico {\n  width: 44px;\n  height: 44px;\n  line-height: 44px;\n  border-radius: 100px;\n  margin: -22px 0 0 -22px;\n  border-width: 0px;\n}\n.dt-icon-bg-on.photos-carousel-shortcode-id-9536867c7bcf8f4a082dc8e91d575ca7.gallery-shortcode .gallery-zoom-ico {\n  background: rgba(255,255,255,0.3);\n  -webkit-box-shadow: none;\n  box-shadow: none;\n}\n.photos-carousel-shortcode-id-9536867c7bcf8f4a082dc8e91d575ca7.gallery-shortcode .gallery-zoom-ico:before,\n.photos-carousel-shortcode-id-9536867c7bcf8f4a082dc8e91d575ca7.gallery-shortcode .gallery-zoom-ico span {\n  font-size: 32px;\n  line-height: 44px;\n  color: #ffffff;\n  background: none;\n}<\/style><div class=\"owl-carousel gallery-carousel-shortcode gallery-shortcode dt-gallery-container album-gallery-shortcode dt-owl-carousel-call photos-carousel-shortcode-id-9536867c7bcf8f4a082dc8e91d575ca7 quick-scale-img enable-bg-rollover meta-info-off bullets-small-dot-stroke reposition-arrows dt-icon-bg-off arrows-bg-on dt-arrow-border-on dt-arrow-hover-border-on disable-arrows-hover-bg arrows-hover-bg-on  hover-fade \" data-scroll-mode=\"1\" data-col-num=\"2\" data-wide-col-num=\"2\" data-laptop-col=\"2\" data-h-tablet-columns-num=\"2\" data-v-tablet-columns-num=\"2\" data-phone-columns-num=\"1\" data-col-gap=\"10\" data-stage-padding=\"0\" data-speed=\"600\" data-autoplay=\"false\" data-autoplay_speed=\"6000\" data-arrows=\"true\" data-bullet=\"false\" data-next-icon=\"icon-ar-017-r\" data-prev-icon=\"icon-ar-017-l\" data-img-shadow-size=\"12px\" data-img-shadow-spread=\"3px\"><article class=\"post visible post-600 attachment type-attachment status-inherit hentry\"><a href=\"https:\/\/www.krapf-lex.de\/wp-content\/uploads\/2019\/07\/image-1.png\" class=\"rollover-click-target rollover dt-pswp-item layzr-bg\" title=\"Bild: R. Br\u00fctting, www.trainpics.de\" data-dt-img-description=\"\"  data-large_image_width=\"495\" data-large_image_height = \"330\" ><img fetchpriority=\"high\" decoding=\"async\" class=\"preload-me owl-lazy-load aspect\" src=\"data:image\/svg+xml,%3Csvg%20xmlns%3D&#39;http%3A%2F%2Fwww.w3.org%2F2000%2Fsvg&#39;%20viewBox%3D&#39;0%200%20330%20330&#39;%2F%3E\" data-src=\"https:\/\/www.krapf-lex.de\/wp-content\/uploads\/2019\/07\/image-1-330x330.png\" data-srcset=\"https:\/\/www.krapf-lex.de\/wp-content\/uploads\/2019\/07\/image-1-330x330.png 330w\" loading=\"eager\" style=\"--ratio: 330 \/ 330\" sizes=\"(max-width: 330px) 100vw, 330px\" alt=\"\" width=\"330\" height=\"330\"  \/><span class=\"gallery-rollover\"><span class=\"gallery-zoom-ico icomoon-the7-font-the7-zoom-06\"><span><\/span><\/span><\/span><\/a><\/article><article class=\"post visible post-595 attachment type-attachment status-inherit hentry\"><a href=\"https:\/\/www.krapf-lex.de\/wp-content\/uploads\/2019\/07\/image.png\" class=\"rollover-click-target rollover dt-pswp-item layzr-bg\"  data-dt-img-description=\"\"  data-large_image_width=\"450\" data-large_image_height = \"225\" ><img decoding=\"async\" class=\"preload-me owl-lazy-load aspect\" src=\"data:image\/svg+xml,%3Csvg%20xmlns%3D&#39;http%3A%2F%2Fwww.w3.org%2F2000%2Fsvg&#39;%20viewBox%3D&#39;0%200%20225%20225&#39;%2F%3E\" data-src=\"https:\/\/www.krapf-lex.de\/wp-content\/uploads\/2019\/07\/image-225x225.png\" data-srcset=\"https:\/\/www.krapf-lex.de\/wp-content\/uploads\/2019\/07\/image-225x225.png 225w\" loading=\"eager\" style=\"--ratio: 225 \/ 225\" sizes=\"(max-width: 225px) 100vw, 225px\" alt=\"\" width=\"225\" height=\"225\"  \/><span class=\"gallery-rollover\"><span class=\"gallery-zoom-ico icomoon-the7-font-the7-zoom-06\"><span><\/span><\/span><\/span><\/a><\/article><\/div>[\/vc_column][\/vc_row]<\/p>\n<\/div>","protected":false},"excerpt":{"rendered":"<p>[vc_row][vc_column][vc_column_text] Nos filtres prot\u00e8gent de la poussi\u00e8re [\/vc_column_text][\/vc_column][\/vc_row][vc_row][vc_column width=\u00a0\u00bb1\/2&Prime;][vc_column_text]Dans les r\u00e9gions arides et en particulier dans les zones d\u00e9sertiques, l\u2019accumulation de fines particules de sable dans l\u2019air aspir\u00e9 a pour cons\u00e9quence des op\u00e9rations de maintenance plus fr\u00e9quentes de composants en aval voire \u00e0 des arr\u00eats d\u00fb \u00e0 l\u2019encrassement de ces pi\u00e8ces. Un fonctionnement sans faille&hellip;<\/p>\n","protected":false},"author":3,"featured_media":0,"parent":871,"menu_order":0,"comment_status":"closed","ping_status":"closed","template":"","meta":{"footnotes":""},"class_list":["post-880","page","type-page","status-publish","hentry","description-off"],"yoast_head":"<!-- This site is optimized with the Yoast SEO plugin v26.9 - https:\/\/yoast.com\/product\/yoast-seo-wordpress\/ -->\n<title>Protection contre la poussi\u00e8re - Krapf &amp; Lex<\/title>\n<meta name=\"robots\" content=\"index, follow, max-snippet:-1, max-image-preview:large, max-video-preview:-1\" \/>\n<link rel=\"canonical\" href=\"https:\/\/www.krapf-lex.de\/fr\/filtres-a-air\/protection-contre-la-poussiere\/\" \/>\n<meta property=\"og:locale\" content=\"fr_FR\" \/>\n<meta property=\"og:type\" content=\"article\" \/>\n<meta property=\"og:title\" content=\"Protection contre la poussi\u00e8re - Krapf &amp; Lex\" \/>\n<meta property=\"og:description\" content=\"[vc_row][vc_column][vc_column_text] Nos filtres prot\u00e8gent de la poussi\u00e8re [\/vc_column_text][\/vc_column][\/vc_row][vc_row][vc_column width=\u00a0\u00bb1\/2&Prime;][vc_column_text]Dans les r\u00e9gions arides et en particulier dans les zones d\u00e9sertiques, l\u2019accumulation de fines particules de sable dans l\u2019air aspir\u00e9 a pour cons\u00e9quence des op\u00e9rations de maintenance plus fr\u00e9quentes de composants en aval voire \u00e0 des arr\u00eats d\u00fb \u00e0 l\u2019encrassement de ces pi\u00e8ces. Un fonctionnement sans faille&hellip;\" \/>\n<meta property=\"og:url\" content=\"https:\/\/www.krapf-lex.de\/fr\/filtres-a-air\/protection-contre-la-poussiere\/\" \/>\n<meta property=\"og:site_name\" content=\"Krapf &amp; Lex\" \/>\n<meta property=\"article:modified_time\" content=\"2019-07-09T14:00:22+00:00\" \/>\n<meta name=\"twitter:card\" content=\"summary_large_image\" \/>\n<meta name=\"twitter:label1\" content=\"Dur\u00e9e de lecture estim\u00e9e\" \/>\n\t<meta name=\"twitter:data1\" content=\"2 minutes\" \/>\n<script type=\"application\/ld+json\" class=\"yoast-schema-graph\">{\"@context\":\"https:\/\/schema.org\",\"@graph\":[{\"@type\":\"WebPage\",\"@id\":\"https:\/\/www.krapf-lex.de\/fr\/filtres-a-air\/protection-contre-la-poussiere\/\",\"url\":\"https:\/\/www.krapf-lex.de\/fr\/filtres-a-air\/protection-contre-la-poussiere\/\",\"name\":\"Protection contre la poussi\u00e8re - Krapf &amp; Lex\",\"isPartOf\":{\"@id\":\"https:\/\/www.krapf-lex.de\/fr\/#website\"},\"datePublished\":\"2019-07-09T13:53:28+00:00\",\"dateModified\":\"2019-07-09T14:00:22+00:00\",\"breadcrumb\":{\"@id\":\"https:\/\/www.krapf-lex.de\/fr\/filtres-a-air\/protection-contre-la-poussiere\/#breadcrumb\"},\"inLanguage\":\"fr-FR\",\"potentialAction\":[{\"@type\":\"ReadAction\",\"target\":[\"https:\/\/www.krapf-lex.de\/fr\/filtres-a-air\/protection-contre-la-poussiere\/\"]}]},{\"@type\":\"BreadcrumbList\",\"@id\":\"https:\/\/www.krapf-lex.de\/fr\/filtres-a-air\/protection-contre-la-poussiere\/#breadcrumb\",\"itemListElement\":[{\"@type\":\"ListItem\",\"position\":1,\"name\":\"Startseite\",\"item\":\"https:\/\/www.krapf-lex.de\/fr\/\"},{\"@type\":\"ListItem\",\"position\":2,\"name\":\"filtres \u00e0 air\",\"item\":\"https:\/\/www.krapf-lex.de\/fr\/filtres-a-air\/\"},{\"@type\":\"ListItem\",\"position\":3,\"name\":\"Protection contre la poussi\u00e8re\"}]},{\"@type\":\"WebSite\",\"@id\":\"https:\/\/www.krapf-lex.de\/fr\/#website\",\"url\":\"https:\/\/www.krapf-lex.de\/fr\/\",\"name\":\"Krapf &amp; Lex\",\"description\":\"Weiden i. d. Oberpfalz\",\"potentialAction\":[{\"@type\":\"SearchAction\",\"target\":{\"@type\":\"EntryPoint\",\"urlTemplate\":\"https:\/\/www.krapf-lex.de\/fr\/?s={search_term_string}\"},\"query-input\":{\"@type\":\"PropertyValueSpecification\",\"valueRequired\":true,\"valueName\":\"search_term_string\"}}],\"inLanguage\":\"fr-FR\"}]}<\/script>\n<!-- \/ Yoast SEO plugin. -->","yoast_head_json":{"title":"Protection contre la poussi\u00e8re - Krapf &amp; Lex","robots":{"index":"index","follow":"follow","max-snippet":"max-snippet:-1","max-image-preview":"max-image-preview:large","max-video-preview":"max-video-preview:-1"},"canonical":"https:\/\/www.krapf-lex.de\/fr\/filtres-a-air\/protection-contre-la-poussiere\/","og_locale":"fr_FR","og_type":"article","og_title":"Protection contre la poussi\u00e8re - Krapf &amp; Lex","og_description":"[vc_row][vc_column][vc_column_text] Nos filtres prot\u00e8gent de la poussi\u00e8re [\/vc_column_text][\/vc_column][\/vc_row][vc_row][vc_column width=\u00a0\u00bb1\/2&Prime;][vc_column_text]Dans les r\u00e9gions arides et en particulier dans les zones d\u00e9sertiques, l\u2019accumulation de fines particules de sable dans l\u2019air aspir\u00e9 a pour cons\u00e9quence des op\u00e9rations de maintenance plus fr\u00e9quentes de composants en aval voire \u00e0 des arr\u00eats d\u00fb \u00e0 l\u2019encrassement de ces pi\u00e8ces. Un fonctionnement sans faille&hellip;","og_url":"https:\/\/www.krapf-lex.de\/fr\/filtres-a-air\/protection-contre-la-poussiere\/","og_site_name":"Krapf &amp; Lex","article_modified_time":"2019-07-09T14:00:22+00:00","twitter_card":"summary_large_image","twitter_misc":{"Dur\u00e9e de lecture estim\u00e9e":"2 minutes"},"schema":{"@context":"https:\/\/schema.org","@graph":[{"@type":"WebPage","@id":"https:\/\/www.krapf-lex.de\/fr\/filtres-a-air\/protection-contre-la-poussiere\/","url":"https:\/\/www.krapf-lex.de\/fr\/filtres-a-air\/protection-contre-la-poussiere\/","name":"Protection contre la poussi\u00e8re - Krapf &amp; Lex","isPartOf":{"@id":"https:\/\/www.krapf-lex.de\/fr\/#website"},"datePublished":"2019-07-09T13:53:28+00:00","dateModified":"2019-07-09T14:00:22+00:00","breadcrumb":{"@id":"https:\/\/www.krapf-lex.de\/fr\/filtres-a-air\/protection-contre-la-poussiere\/#breadcrumb"},"inLanguage":"fr-FR","potentialAction":[{"@type":"ReadAction","target":["https:\/\/www.krapf-lex.de\/fr\/filtres-a-air\/protection-contre-la-poussiere\/"]}]},{"@type":"BreadcrumbList","@id":"https:\/\/www.krapf-lex.de\/fr\/filtres-a-air\/protection-contre-la-poussiere\/#breadcrumb","itemListElement":[{"@type":"ListItem","position":1,"name":"Startseite","item":"https:\/\/www.krapf-lex.de\/fr\/"},{"@type":"ListItem","position":2,"name":"filtres \u00e0 air","item":"https:\/\/www.krapf-lex.de\/fr\/filtres-a-air\/"},{"@type":"ListItem","position":3,"name":"Protection contre la poussi\u00e8re"}]},{"@type":"WebSite","@id":"https:\/\/www.krapf-lex.de\/fr\/#website","url":"https:\/\/www.krapf-lex.de\/fr\/","name":"Krapf &amp; Lex","description":"Weiden i. d. Oberpfalz","potentialAction":[{"@type":"SearchAction","target":{"@type":"EntryPoint","urlTemplate":"https:\/\/www.krapf-lex.de\/fr\/?s={search_term_string}"},"query-input":{"@type":"PropertyValueSpecification","valueRequired":true,"valueName":"search_term_string"}}],"inLanguage":"fr-FR"}]}},"_links":{"self":[{"href":"https:\/\/www.krapf-lex.de\/fr\/wp-json\/wp\/v2\/pages\/880","targetHints":{"allow":["GET"]}}],"collection":[{"href":"https:\/\/www.krapf-lex.de\/fr\/wp-json\/wp\/v2\/pages"}],"about":[{"href":"https:\/\/www.krapf-lex.de\/fr\/wp-json\/wp\/v2\/types\/page"}],"author":[{"embeddable":true,"href":"https:\/\/www.krapf-lex.de\/fr\/wp-json\/wp\/v2\/users\/3"}],"replies":[{"embeddable":true,"href":"https:\/\/www.krapf-lex.de\/fr\/wp-json\/wp\/v2\/comments?post=880"}],"version-history":[{"count":2,"href":"https:\/\/www.krapf-lex.de\/fr\/wp-json\/wp\/v2\/pages\/880\/revisions"}],"predecessor-version":[{"id":896,"href":"https:\/\/www.krapf-lex.de\/fr\/wp-json\/wp\/v2\/pages\/880\/revisions\/896"}],"up":[{"embeddable":true,"href":"https:\/\/www.krapf-lex.de\/fr\/wp-json\/wp\/v2\/pages\/871"}],"wp:attachment":[{"href":"https:\/\/www.krapf-lex.de\/fr\/wp-json\/wp\/v2\/media?parent=880"}],"curies":[{"name":"wp","href":"https:\/\/api.w.org\/{rel}","templated":true}]}}