{"id":899,"date":"2019-07-09T16:04:53","date_gmt":"2019-07-09T14:04:53","guid":{"rendered":"http:\/\/www.krapf-lex.de\/?page_id=899"},"modified":"2019-07-09T16:55:45","modified_gmt":"2019-07-09T14:55:45","slug":"protection-contre-leau","status":"publish","type":"page","link":"https:\/\/www.krapf-lex.de\/fr\/filtres-a-air\/protection-contre-leau\/","title":{"rendered":"Protection contre l&rsquo;eau"},"content":{"rendered":"<div class=\"wpb-content-wrapper\"><p>[vc_row][vc_column][vc_column_text]<\/p>\n<h2>Nos filtres prot\u00e8gent de l\u2019eau<\/h2>\n<p>[\/vc_column_text][\/vc_column][\/vc_row][vc_row][vc_column width=\u00a0\u00bb1\/2&Prime;][vc_column_text]Chaque <b>grille d\u2019a\u00e9ration<\/b> (grille contre les intemp\u00e9ries) de Krapf &amp; Lex est adapt\u00e9e individuellement \u00e0 vos exigences. Nous sommes \u00e0 votre disposition d\u00e8s le d\u00e9but du projet pour la conception et la construction du syst\u00e8me le mieux adapt\u00e9 \u00e0 vos besoins. Notre large gamme de produits offre de multiples possibilit\u00e9s d\u2019adaptation en ce qui concerne la profondeur de montage ainsi que la perte de charge maximum requise.[\/vc_column_text][vc_column_text]<strong>Grilles d\u2019a\u00e9ration Krapf &amp; Lex<\/strong><\/p>\n<ul type=\"disc\">\n<li><span lang=\"FR\">Sont le fruit de dizaines d\u2019ann\u00e9es d\u2018exp\u00e9rience<\/span><\/li>\n<li><span lang=\"FR\">Les valeurs de filtration ont \u00e9t\u00e9 d\u00e9montr\u00e9es par des tests<\/span><\/li>\n<li><span lang=\"FR\">Envoi rapide de mod\u00e8les en 3D \u00e0 votre service construction<\/span><\/li>\n<li><span lang=\"FR\">Grilles d\u2019a\u00e9ration rabattables, grilles d\u2019a\u00e9ration en mod\u00e8le chauffant <\/span><\/li>\n<li><span lang=\"FR\">Grilles d\u2019a\u00e9ration dot\u00e9es d\u2019\u00e9l\u00e9ments filtrants ou de canaux <\/span><\/li>\n<li><span lang=\"FR\">Construction et production selon la norme DIN EN 15085<\/span><\/li>\n<li><span lang=\"FR\">Test d\u2019oscillation et de choc selon la norme DIN EN 61373<\/span><\/li>\n<li><span lang=\"FR\">Joints d\u2019\u00e9tanch\u00e9it\u00e9 selon les normes feu-fum\u00e9e en vigueur<\/span><\/li>\n<li><span lang=\"FR\">Notre protection anticorrosion r\u00e9pond aux exigences les plus \u00e9lev\u00e9es.<\/span><\/li>\n<\/ul>\n<p>[\/vc_column_text][\/vc_column][vc_column width=\u00a0\u00bb1\/2&Prime;][vc_column_text]<span lang=\"FR\">Nous fournissons tous les fabricants leaders en Europe (confer <\/span><a href=\"https:\/\/www.krapf-lex.de\/fr\/filtres-a-air\/protection-contre-leau\/referenzen\/\" target=\"_self\" rel=\"noopener noreferrer\"><span lang=\"FR\">R\u00e9f\u00e9rences<\/span><\/a><span lang=\"FR\">). Plus de 500 000 de nos grilles d\u2019a\u00e9ration sont en service dans le monde sur des v\u00e9hicules ferroviaires.<\/span><\/p>\n<p><span lang=\"FR\">Dans de nombreux cas, nous construisons et produisons \u00e9galement la pi\u00e8ce compl\u00e8te sur laquelle la grille d\u2019a\u00e9ration sera mont\u00e9e, comme par exemple, les trappes frontales, les trappes et porti\u00e8res lat\u00e9rales. <\/span><\/p>\n<p><span lang=\"FR\">La technique de collage de ces composants utilis\u00e9e depuis de longues ann\u00e9es, et certifi\u00e9e entre-temps, permet d\u2019obtenir un poids faible et d\u2019\u00e9viter l\u2019apparition de surfaces gondol\u00e9es au niveau des composants soud\u00e9s.<\/span>[\/vc_column_text]<style type=\"text\/css\" data-type=\"the7_shortcodes-inline-css\">.photos-carousel-shortcode-id-ec5ab0c5e1b4827c936de5cb93aac418.owl-carousel .owl-nav div {\n  width: 36px;\n  height: 36px;\n  border-radius: 500px;\n}\n.photos-carousel-shortcode-id-ec5ab0c5e1b4827c936de5cb93aac418.owl-carousel .owl-nav div:before,\n.photos-carousel-shortcode-id-ec5ab0c5e1b4827c936de5cb93aac418.owl-carousel .owl-nav div:after {\n  border-width: 0px;\n}\n.photos-carousel-shortcode-id-ec5ab0c5e1b4827c936de5cb93aac418.owl-carousel .owl-nav div.owl-prev {\n  top: 50%;\n  transform: translateY(calc(-50% + 0px));\n  left: -43px;\n}\n@media all and (-ms-high-contrast: none) {\n  .photos-carousel-shortcode-id-ec5ab0c5e1b4827c936de5cb93aac418.owl-carousel .owl-nav div.owl-prev {\n    transform: translateY(-50%);\n    margin-top: 0px;\n  }\n}\n.photos-carousel-shortcode-id-ec5ab0c5e1b4827c936de5cb93aac418.owl-carousel .owl-nav div.owl-prev i {\n  padding: 0px 0px 0px 0px;\n}\n.photos-carousel-shortcode-id-ec5ab0c5e1b4827c936de5cb93aac418.owl-carousel .owl-nav div.owl-next {\n  top: 50%;\n  transform: translateY(calc(-50% + 0px));\n  right: -43px;\n}\n@media all and (-ms-high-contrast: none) {\n  .photos-carousel-shortcode-id-ec5ab0c5e1b4827c936de5cb93aac418.owl-carousel .owl-nav div.owl-next {\n    transform: translateY(-50%);\n    margin-top: 0px;\n  }\n}\n.photos-carousel-shortcode-id-ec5ab0c5e1b4827c936de5cb93aac418.owl-carousel .owl-nav div.owl-next i {\n  padding: 0px 0px 0px 0px;\n}\n.photos-carousel-shortcode-id-ec5ab0c5e1b4827c936de5cb93aac418.owl-carousel .owl-nav i {\n  font-size: 18px;\n}\n.photos-carousel-shortcode-id-ec5ab0c5e1b4827c936de5cb93aac418.owl-carousel .owl-nav div:not(:hover) i,\n.photos-carousel-shortcode-id-ec5ab0c5e1b4827c936de5cb93aac418.owl-carousel .owl-nav div:not(:hover) i:before {\n  color: #ffffff;\n  background: none;\n}\n.photos-carousel-shortcode-id-ec5ab0c5e1b4827c936de5cb93aac418.owl-carousel .owl-nav div:hover i,\n.photos-carousel-shortcode-id-ec5ab0c5e1b4827c936de5cb93aac418.owl-carousel .owl-nav div:hover i:before {\n  color: rgba(255,255,255,0.75);\n  background: none;\n}\n.photos-carousel-shortcode-id-ec5ab0c5e1b4827c936de5cb93aac418 .owl-dots {\n  top: calc(100% + 20px);\n  left: 50%;\n  transform: translateX(calc(-50% + 0px));\n}\n@media all and (-ms-high-contrast: none) {\n  .photos-carousel-shortcode-id-ec5ab0c5e1b4827c936de5cb93aac418 .owl-dots {\n    transform: translateX(-50%);\n    margin-left: 0px;\n  }\n}\n.photos-carousel-shortcode-id-ec5ab0c5e1b4827c936de5cb93aac418 .owl-dot {\n  width: 10px;\n  height: 10px;\n  margin: 0 8px;\n}\n@media screen and (max-width: 778px) {\n  .photos-carousel-shortcode-id-ec5ab0c5e1b4827c936de5cb93aac418.hide-arrows.owl-carousel .owl-nav a {\n    display: none;\n  }\n}\n@media screen and (max-width: 778px) {\n  .photos-carousel-shortcode-id-ec5ab0c5e1b4827c936de5cb93aac418.reposition-arrows.owl-carousel .owl-nav .owl-prev {\n    top: 50%;\n    transform: translateY(calc(-50% + 0px));\n    left: 10px;\n  }\n  .photos-carousel-shortcode-id-ec5ab0c5e1b4827c936de5cb93aac418.reposition-arrows.owl-carousel .owl-nav .owl-next {\n    top: 50%;\n    transform: translateY(calc(-50% + 0px));\n    right: 10px;\n  }\n}\n@media screen and (max-width: 778px) and all and (-ms-high-contrast: none) {\n  .photos-carousel-shortcode-id-ec5ab0c5e1b4827c936de5cb93aac418.reposition-arrows.owl-carousel .owl-nav .owl-prev {\n    transform: translateY(-50%);\n    margin-top: 0px;\n  }\n}\n@media screen and (max-width: 778px) and all and (-ms-high-contrast: none) {\n  .photos-carousel-shortcode-id-ec5ab0c5e1b4827c936de5cb93aac418.reposition-arrows.owl-carousel .owl-nav .owl-next {\n    transform: translateY(-50%);\n    margin-top: 0px;\n  }\n}\n.photos-carousel-shortcode-id-ec5ab0c5e1b4827c936de5cb93aac418 figure,\n.photos-carousel-shortcode-id-ec5ab0c5e1b4827c936de5cb93aac418 .rollover,\n.photos-carousel-shortcode-id-ec5ab0c5e1b4827c936de5cb93aac418 img,\n.photos-carousel-shortcode-id-ec5ab0c5e1b4827c936de5cb93aac418 .gallery-rollover {\n  border-radius: 0px;\n}\n.photos-carousel-shortcode-id-ec5ab0c5e1b4827c936de5cb93aac418.enable-bg-rollover .gallery-rollover {\n  background: -webkit-linear-gradient();\n  background: linear-gradient();\n}\n.photos-carousel-shortcode-id-ec5ab0c5e1b4827c936de5cb93aac418.enable-bg-rollover.hover-scale .rollover:after {\n  background: -webkit-linear-gradient();\n  background: linear-gradient();\n}\n.photos-carousel-shortcode-id-ec5ab0c5e1b4827c936de5cb93aac418.enable-img-shadow .owl-stage-outer {\n  padding: 14px 0;\n}\n.photos-carousel-shortcode-id-ec5ab0c5e1b4827c936de5cb93aac418.gallery-shortcode .gallery-zoom-ico {\n  width: 44px;\n  height: 44px;\n  line-height: 44px;\n  border-radius: 100px;\n  margin: -22px 0 0 -22px;\n  border-width: 0px;\n}\n.dt-icon-bg-on.photos-carousel-shortcode-id-ec5ab0c5e1b4827c936de5cb93aac418.gallery-shortcode .gallery-zoom-ico {\n  background: rgba(255,255,255,0.3);\n  -webkit-box-shadow: none;\n  box-shadow: none;\n}\n.photos-carousel-shortcode-id-ec5ab0c5e1b4827c936de5cb93aac418.gallery-shortcode .gallery-zoom-ico:before,\n.photos-carousel-shortcode-id-ec5ab0c5e1b4827c936de5cb93aac418.gallery-shortcode .gallery-zoom-ico span {\n  font-size: 32px;\n  line-height: 44px;\n  color: #ffffff;\n  background: none;\n}<\/style><div class=\"owl-carousel gallery-carousel-shortcode gallery-shortcode dt-gallery-container album-gallery-shortcode dt-owl-carousel-call photos-carousel-shortcode-id-ec5ab0c5e1b4827c936de5cb93aac418 quick-scale-img enable-bg-rollover meta-info-off bullets-small-dot-stroke reposition-arrows dt-icon-bg-off arrows-bg-on dt-arrow-border-on dt-arrow-hover-border-on disable-arrows-hover-bg arrows-hover-bg-on  hover-fade \" data-scroll-mode=\"1\" data-col-num=\"4\" data-wide-col-num=\"4\" data-laptop-col=\"4\" data-h-tablet-columns-num=\"4\" data-v-tablet-columns-num=\"3\" data-phone-columns-num=\"1\" data-col-gap=\"10\" data-stage-padding=\"0\" data-speed=\"600\" data-autoplay=\"false\" data-autoplay_speed=\"6000\" data-arrows=\"true\" data-bullet=\"false\" data-next-icon=\"icon-ar-017-r\" data-prev-icon=\"icon-ar-017-l\" data-img-shadow-size=\"12px\" data-img-shadow-spread=\"3px\"><article class=\"post visible post-533 attachment type-attachment status-inherit hentry\"><a href=\"https:\/\/www.krapf-lex.de\/wp-content\/uploads\/2019\/06\/Bildschirmfoto-2019-06-05-um-09.58.24.png\" class=\"rollover-click-target rollover dt-pswp-item layzr-bg\"  data-dt-img-description=\"\"  data-large_image_width=\"801\" data-large_image_height = \"601\" ><img fetchpriority=\"high\" decoding=\"async\" class=\"preload-me owl-lazy-load aspect\" src=\"data:image\/svg+xml,%3Csvg%20xmlns%3D&#39;http%3A%2F%2Fwww.w3.org%2F2000%2Fsvg&#39;%20viewBox%3D&#39;0%200%20601%20601&#39;%2F%3E\" data-src=\"https:\/\/www.krapf-lex.de\/wp-content\/uploads\/2019\/06\/Bildschirmfoto-2019-06-05-um-09.58.24-601x601.png\" data-srcset=\"https:\/\/www.krapf-lex.de\/wp-content\/uploads\/2019\/06\/Bildschirmfoto-2019-06-05-um-09.58.24-601x601.png 601w\" loading=\"eager\" style=\"--ratio: 601 \/ 601\" sizes=\"(max-width: 601px) 100vw, 601px\" alt=\"\" width=\"601\" height=\"601\"  \/><span class=\"gallery-rollover\"><span class=\"gallery-zoom-ico icomoon-the7-font-the7-zoom-06\"><span><\/span><\/span><\/span><\/a><\/article><article class=\"post visible post-547 attachment type-attachment status-inherit hentry\"><a href=\"https:\/\/www.krapf-lex.de\/wp-content\/uploads\/2019\/06\/Bildschirmfoto-2019-06-05-um-10.07.41.png\" class=\"rollover-click-target rollover dt-pswp-item layzr-bg\"  data-dt-img-description=\"\"  data-large_image_width=\"634\" data-large_image_height = \"600\" ><img decoding=\"async\" class=\"preload-me owl-lazy-load aspect\" src=\"data:image\/svg+xml,%3Csvg%20xmlns%3D&#39;http%3A%2F%2Fwww.w3.org%2F2000%2Fsvg&#39;%20viewBox%3D&#39;0%200%20600%20600&#39;%2F%3E\" data-src=\"https:\/\/www.krapf-lex.de\/wp-content\/uploads\/2019\/06\/Bildschirmfoto-2019-06-05-um-10.07.41-600x600.png\" data-srcset=\"https:\/\/www.krapf-lex.de\/wp-content\/uploads\/2019\/06\/Bildschirmfoto-2019-06-05-um-10.07.41-600x600.png 600w\" loading=\"eager\" style=\"--ratio: 600 \/ 600\" sizes=\"(max-width: 600px) 100vw, 600px\" alt=\"\" width=\"600\" height=\"600\"  \/><span class=\"gallery-rollover\"><span class=\"gallery-zoom-ico icomoon-the7-font-the7-zoom-06\"><span><\/span><\/span><\/span><\/a><\/article><article class=\"post visible post-552 attachment type-attachment status-inherit hentry\"><a href=\"https:\/\/www.krapf-lex.de\/wp-content\/uploads\/2019\/06\/Bildschirmfoto-2019-06-05-um-10.07.53.png\" class=\"rollover-click-target rollover dt-pswp-item layzr-bg\"  data-dt-img-description=\"\"  data-large_image_width=\"437\" data-large_image_height = \"600\" ><img decoding=\"async\" class=\"preload-me owl-lazy-load aspect\" src=\"data:image\/svg+xml,%3Csvg%20xmlns%3D&#39;http%3A%2F%2Fwww.w3.org%2F2000%2Fsvg&#39;%20viewBox%3D&#39;0%200%20437%20437&#39;%2F%3E\" data-src=\"https:\/\/www.krapf-lex.de\/wp-content\/uploads\/2019\/06\/Bildschirmfoto-2019-06-05-um-10.07.53-437x437.png\" data-srcset=\"https:\/\/www.krapf-lex.de\/wp-content\/uploads\/2019\/06\/Bildschirmfoto-2019-06-05-um-10.07.53-437x437.png 437w\" loading=\"eager\" style=\"--ratio: 437 \/ 437\" sizes=\"(max-width: 437px) 100vw, 437px\" alt=\"\" width=\"437\" height=\"437\"  \/><span class=\"gallery-rollover\"><span class=\"gallery-zoom-ico icomoon-the7-font-the7-zoom-06\"><span><\/span><\/span><\/span><\/a><\/article><article class=\"post visible post-557 attachment type-attachment status-inherit hentry\"><a href=\"https:\/\/www.krapf-lex.de\/wp-content\/uploads\/2019\/06\/Bildschirmfoto-2019-06-05-um-10.08.02.png\" class=\"rollover-click-target rollover dt-pswp-item layzr-bg\"  data-dt-img-description=\"\"  data-large_image_width=\"798\" data-large_image_height = \"599\" ><img decoding=\"async\" class=\"preload-me owl-lazy-load aspect\" src=\"data:image\/svg+xml,%3Csvg%20xmlns%3D&#39;http%3A%2F%2Fwww.w3.org%2F2000%2Fsvg&#39;%20viewBox%3D&#39;0%200%20599%20599&#39;%2F%3E\" data-src=\"https:\/\/www.krapf-lex.de\/wp-content\/uploads\/2019\/06\/Bildschirmfoto-2019-06-05-um-10.08.02-599x599.png\" data-srcset=\"https:\/\/www.krapf-lex.de\/wp-content\/uploads\/2019\/06\/Bildschirmfoto-2019-06-05-um-10.08.02-599x599.png 599w\" loading=\"eager\" style=\"--ratio: 599 \/ 599\" sizes=\"(max-width: 599px) 100vw, 599px\" alt=\"\" width=\"599\" height=\"599\"  \/><span class=\"gallery-rollover\"><span class=\"gallery-zoom-ico icomoon-the7-font-the7-zoom-06\"><span><\/span><\/span><\/span><\/a><\/article><\/div>[\/vc_column][\/vc_row]<\/p>\n<\/div>","protected":false},"excerpt":{"rendered":"<p>[vc_row][vc_column][vc_column_text] Nos filtres prot\u00e8gent de l\u2019eau [\/vc_column_text][\/vc_column][\/vc_row][vc_row][vc_column width=\u00a0\u00bb1\/2&Prime;][vc_column_text]Chaque grille d\u2019a\u00e9ration (grille contre les intemp\u00e9ries) de Krapf &amp; Lex est adapt\u00e9e individuellement \u00e0 vos exigences. Nous sommes \u00e0 votre disposition d\u00e8s le d\u00e9but du projet pour la conception et la construction du syst\u00e8me le mieux adapt\u00e9 \u00e0 vos besoins. Notre large gamme de produits offre de&hellip;<\/p>\n","protected":false},"author":3,"featured_media":0,"parent":871,"menu_order":0,"comment_status":"closed","ping_status":"closed","template":"","meta":{"footnotes":""},"class_list":["post-899","page","type-page","status-publish","hentry","description-off"],"yoast_head":"<!-- This site is optimized with the Yoast SEO plugin v26.9 - https:\/\/yoast.com\/product\/yoast-seo-wordpress\/ -->\n<title>Protection contre l&#039;eau - Krapf &amp; Lex<\/title>\n<meta name=\"robots\" content=\"index, follow, max-snippet:-1, max-image-preview:large, max-video-preview:-1\" \/>\n<link rel=\"canonical\" href=\"https:\/\/www.krapf-lex.de\/fr\/filtres-a-air\/protection-contre-leau\/\" \/>\n<meta property=\"og:locale\" content=\"fr_FR\" \/>\n<meta property=\"og:type\" content=\"article\" \/>\n<meta property=\"og:title\" content=\"Protection contre l&#039;eau - Krapf &amp; Lex\" \/>\n<meta property=\"og:description\" content=\"[vc_row][vc_column][vc_column_text] Nos filtres prot\u00e8gent de l\u2019eau [\/vc_column_text][\/vc_column][\/vc_row][vc_row][vc_column width=\u00a0\u00bb1\/2&Prime;][vc_column_text]Chaque grille d\u2019a\u00e9ration (grille contre les intemp\u00e9ries) de Krapf &amp; Lex est adapt\u00e9e individuellement \u00e0 vos exigences. Nous sommes \u00e0 votre disposition d\u00e8s le d\u00e9but du projet pour la conception et la construction du syst\u00e8me le mieux adapt\u00e9 \u00e0 vos besoins. Notre large gamme de produits offre de&hellip;\" \/>\n<meta property=\"og:url\" content=\"https:\/\/www.krapf-lex.de\/fr\/filtres-a-air\/protection-contre-leau\/\" \/>\n<meta property=\"og:site_name\" content=\"Krapf &amp; Lex\" \/>\n<meta property=\"article:modified_time\" content=\"2019-07-09T14:55:45+00:00\" \/>\n<meta name=\"twitter:card\" content=\"summary_large_image\" \/>\n<meta name=\"twitter:label1\" content=\"Dur\u00e9e de lecture estim\u00e9e\" \/>\n\t<meta name=\"twitter:data1\" content=\"2 minutes\" \/>\n<script type=\"application\/ld+json\" class=\"yoast-schema-graph\">{\"@context\":\"https:\/\/schema.org\",\"@graph\":[{\"@type\":\"WebPage\",\"@id\":\"https:\/\/www.krapf-lex.de\/fr\/filtres-a-air\/protection-contre-leau\/\",\"url\":\"https:\/\/www.krapf-lex.de\/fr\/filtres-a-air\/protection-contre-leau\/\",\"name\":\"Protection contre l'eau - Krapf &amp; Lex\",\"isPartOf\":{\"@id\":\"https:\/\/www.krapf-lex.de\/fr\/#website\"},\"datePublished\":\"2019-07-09T14:04:53+00:00\",\"dateModified\":\"2019-07-09T14:55:45+00:00\",\"breadcrumb\":{\"@id\":\"https:\/\/www.krapf-lex.de\/fr\/filtres-a-air\/protection-contre-leau\/#breadcrumb\"},\"inLanguage\":\"fr-FR\",\"potentialAction\":[{\"@type\":\"ReadAction\",\"target\":[\"https:\/\/www.krapf-lex.de\/fr\/filtres-a-air\/protection-contre-leau\/\"]}]},{\"@type\":\"BreadcrumbList\",\"@id\":\"https:\/\/www.krapf-lex.de\/fr\/filtres-a-air\/protection-contre-leau\/#breadcrumb\",\"itemListElement\":[{\"@type\":\"ListItem\",\"position\":1,\"name\":\"Startseite\",\"item\":\"https:\/\/www.krapf-lex.de\/fr\/\"},{\"@type\":\"ListItem\",\"position\":2,\"name\":\"filtres \u00e0 air\",\"item\":\"https:\/\/www.krapf-lex.de\/fr\/filtres-a-air\/\"},{\"@type\":\"ListItem\",\"position\":3,\"name\":\"Protection contre l&rsquo;eau\"}]},{\"@type\":\"WebSite\",\"@id\":\"https:\/\/www.krapf-lex.de\/fr\/#website\",\"url\":\"https:\/\/www.krapf-lex.de\/fr\/\",\"name\":\"Krapf &amp; Lex\",\"description\":\"Weiden i. d. Oberpfalz\",\"potentialAction\":[{\"@type\":\"SearchAction\",\"target\":{\"@type\":\"EntryPoint\",\"urlTemplate\":\"https:\/\/www.krapf-lex.de\/fr\/?s={search_term_string}\"},\"query-input\":{\"@type\":\"PropertyValueSpecification\",\"valueRequired\":true,\"valueName\":\"search_term_string\"}}],\"inLanguage\":\"fr-FR\"}]}<\/script>\n<!-- \/ Yoast SEO plugin. -->","yoast_head_json":{"title":"Protection contre l'eau - Krapf &amp; Lex","robots":{"index":"index","follow":"follow","max-snippet":"max-snippet:-1","max-image-preview":"max-image-preview:large","max-video-preview":"max-video-preview:-1"},"canonical":"https:\/\/www.krapf-lex.de\/fr\/filtres-a-air\/protection-contre-leau\/","og_locale":"fr_FR","og_type":"article","og_title":"Protection contre l'eau - Krapf &amp; Lex","og_description":"[vc_row][vc_column][vc_column_text] Nos filtres prot\u00e8gent de l\u2019eau [\/vc_column_text][\/vc_column][\/vc_row][vc_row][vc_column width=\u00a0\u00bb1\/2&Prime;][vc_column_text]Chaque grille d\u2019a\u00e9ration (grille contre les intemp\u00e9ries) de Krapf &amp; Lex est adapt\u00e9e individuellement \u00e0 vos exigences. Nous sommes \u00e0 votre disposition d\u00e8s le d\u00e9but du projet pour la conception et la construction du syst\u00e8me le mieux adapt\u00e9 \u00e0 vos besoins. Notre large gamme de produits offre de&hellip;","og_url":"https:\/\/www.krapf-lex.de\/fr\/filtres-a-air\/protection-contre-leau\/","og_site_name":"Krapf &amp; Lex","article_modified_time":"2019-07-09T14:55:45+00:00","twitter_card":"summary_large_image","twitter_misc":{"Dur\u00e9e de lecture estim\u00e9e":"2 minutes"},"schema":{"@context":"https:\/\/schema.org","@graph":[{"@type":"WebPage","@id":"https:\/\/www.krapf-lex.de\/fr\/filtres-a-air\/protection-contre-leau\/","url":"https:\/\/www.krapf-lex.de\/fr\/filtres-a-air\/protection-contre-leau\/","name":"Protection contre l'eau - Krapf &amp; Lex","isPartOf":{"@id":"https:\/\/www.krapf-lex.de\/fr\/#website"},"datePublished":"2019-07-09T14:04:53+00:00","dateModified":"2019-07-09T14:55:45+00:00","breadcrumb":{"@id":"https:\/\/www.krapf-lex.de\/fr\/filtres-a-air\/protection-contre-leau\/#breadcrumb"},"inLanguage":"fr-FR","potentialAction":[{"@type":"ReadAction","target":["https:\/\/www.krapf-lex.de\/fr\/filtres-a-air\/protection-contre-leau\/"]}]},{"@type":"BreadcrumbList","@id":"https:\/\/www.krapf-lex.de\/fr\/filtres-a-air\/protection-contre-leau\/#breadcrumb","itemListElement":[{"@type":"ListItem","position":1,"name":"Startseite","item":"https:\/\/www.krapf-lex.de\/fr\/"},{"@type":"ListItem","position":2,"name":"filtres \u00e0 air","item":"https:\/\/www.krapf-lex.de\/fr\/filtres-a-air\/"},{"@type":"ListItem","position":3,"name":"Protection contre l&rsquo;eau"}]},{"@type":"WebSite","@id":"https:\/\/www.krapf-lex.de\/fr\/#website","url":"https:\/\/www.krapf-lex.de\/fr\/","name":"Krapf &amp; Lex","description":"Weiden i. d. Oberpfalz","potentialAction":[{"@type":"SearchAction","target":{"@type":"EntryPoint","urlTemplate":"https:\/\/www.krapf-lex.de\/fr\/?s={search_term_string}"},"query-input":{"@type":"PropertyValueSpecification","valueRequired":true,"valueName":"search_term_string"}}],"inLanguage":"fr-FR"}]}},"_links":{"self":[{"href":"https:\/\/www.krapf-lex.de\/fr\/wp-json\/wp\/v2\/pages\/899","targetHints":{"allow":["GET"]}}],"collection":[{"href":"https:\/\/www.krapf-lex.de\/fr\/wp-json\/wp\/v2\/pages"}],"about":[{"href":"https:\/\/www.krapf-lex.de\/fr\/wp-json\/wp\/v2\/types\/page"}],"author":[{"embeddable":true,"href":"https:\/\/www.krapf-lex.de\/fr\/wp-json\/wp\/v2\/users\/3"}],"replies":[{"embeddable":true,"href":"https:\/\/www.krapf-lex.de\/fr\/wp-json\/wp\/v2\/comments?post=899"}],"version-history":[{"count":2,"href":"https:\/\/www.krapf-lex.de\/fr\/wp-json\/wp\/v2\/pages\/899\/revisions"}],"predecessor-version":[{"id":972,"href":"https:\/\/www.krapf-lex.de\/fr\/wp-json\/wp\/v2\/pages\/899\/revisions\/972"}],"up":[{"embeddable":true,"href":"https:\/\/www.krapf-lex.de\/fr\/wp-json\/wp\/v2\/pages\/871"}],"wp:attachment":[{"href":"https:\/\/www.krapf-lex.de\/fr\/wp-json\/wp\/v2\/media?parent=899"}],"curies":[{"name":"wp","href":"https:\/\/api.w.org\/{rel}","templated":true}]}}