{"id":915,"date":"2019-07-09T16:27:54","date_gmt":"2019-07-09T14:27:54","guid":{"rendered":"http:\/\/www.krapf-lex.de\/?page_id=915"},"modified":"2023-01-24T09:05:59","modified_gmt":"2023-01-24T08:05:59","slug":"krapf-lex","status":"publish","type":"page","link":"https:\/\/www.krapf-lex.de\/fr\/entreprise\/krapf-lex\/","title":{"rendered":"Krapf &#038; Lex"},"content":{"rendered":"<div class=\"wpb-content-wrapper\"><p>[vc_row][vc_column width=\u00a0\u00bb1\/2&Prime;][vc_column_text]Krapf &amp; Lex d\u00e9veloppe et produit depuis plus de 50 ans des filtres, des persiennes et des syst\u00e8mes de protection \u00e0 la pression pour les syst\u00e8mes d\u2019entr\u00e9e et d\u2019\u00e9vacuation de l\u2019air des v\u00e9hicules ferroviaires.[\/vc_column_text][vc_column_text]<\/p>\n<p style=\"text-align: justify;\">Pour emp\u00eacher l\u2019infiltration de particules de poussi\u00e8re, d\u2019eau et de neige \u00e0 l\u2019int\u00e9rieur des v\u00e9hicules, nous d\u00e9veloppons et produisons depuis des ann\u00e9es, en partenariat avec nos clients, des syst\u00e8mes de filtration efficaces pour l\u2019entr\u00e9e et l\u2019\u00e9vacuation de l\u2019air d\u2019appareils d\u2019a\u00e9ration et de climatisation. Nous vous proposons \u00e9galement une large gamme de composants techniques pour diff\u00e9rents syst\u00e8mes de refroidissement pour locomotives et voitures de chemin de fer.<\/p>\n<p>[\/vc_column_text][\/vc_column][vc_column width=\u00a0\u00bb1\/2&Prime;][vc_column_text]<\/p>\n<p style=\"text-align: justify;\">Une bonne conception et la comp\u00e9tence de nos techniciens au service de nos clients, qui d\u00e8s le premier contact les conseillent et leur fournissent rapidement des mod\u00e8les en 3D et des \u00e9chantillons, garantit un montage simple des composants sur les v\u00e9hicules ferroviaires.<\/p>\n<p>[\/vc_column_text][vc_column_text]<\/p>\n<p style=\"text-align: justify;\">Les syst\u00e8mes de protection \u00e0 la pression qui \u00e9quipent les trains \u00e0 grande vitesse sont un enjeu primordial. Le d\u00e9veloppement des syst\u00e8mes de protection \u00e0 la pression de Krapf &amp; Lex bas\u00e9 sur des modules individuels test\u00e9s et des solutions fiables \u00e0 maintenance r\u00e9duite, pr\u00e9vient de fa\u00e7on s\u00fbre l\u2019apparition de diff\u00e9rences de pression \u00e0 l\u2019int\u00e9rieur des v\u00e9hicules.<\/p>\n<p>[\/vc_column_text][\/vc_column][\/vc_row]<\/p>\n<\/div>","protected":false},"excerpt":{"rendered":"<p>[vc_row][vc_column width=\u00a0\u00bb1\/2&Prime;][vc_column_text]Krapf &amp; Lex d\u00e9veloppe et produit depuis plus de 50 ans des filtres, des persiennes et des syst\u00e8mes de protection \u00e0 la pression pour les syst\u00e8mes d\u2019entr\u00e9e et d\u2019\u00e9vacuation de l\u2019air des v\u00e9hicules ferroviaires.[\/vc_column_text][vc_column_text] Pour emp\u00eacher l\u2019infiltration de particules de poussi\u00e8re, d\u2019eau et de neige \u00e0 l\u2019int\u00e9rieur des v\u00e9hicules, nous d\u00e9veloppons et produisons depuis&hellip;<\/p>\n","protected":false},"author":3,"featured_media":0,"parent":908,"menu_order":0,"comment_status":"closed","ping_status":"closed","template":"","meta":{"footnotes":""},"class_list":["post-915","page","type-page","status-publish","hentry","description-off"],"yoast_head":"<!-- This site is optimized with the Yoast SEO plugin v26.9 - https:\/\/yoast.com\/product\/yoast-seo-wordpress\/ -->\n<title>Krapf &amp; Lex - Krapf &amp; Lex<\/title>\n<meta name=\"robots\" content=\"index, follow, max-snippet:-1, max-image-preview:large, max-video-preview:-1\" \/>\n<link rel=\"canonical\" href=\"https:\/\/www.krapf-lex.de\/fr\/entreprise\/krapf-lex\/\" \/>\n<meta property=\"og:locale\" content=\"fr_FR\" \/>\n<meta property=\"og:type\" content=\"article\" \/>\n<meta property=\"og:title\" content=\"Krapf &amp; Lex - Krapf &amp; Lex\" \/>\n<meta property=\"og:description\" content=\"[vc_row][vc_column width=\u00a0\u00bb1\/2&Prime;][vc_column_text]Krapf &amp; Lex d\u00e9veloppe et produit depuis plus de 50 ans des filtres, des persiennes et des syst\u00e8mes de protection \u00e0 la pression pour les syst\u00e8mes d\u2019entr\u00e9e et d\u2019\u00e9vacuation de l\u2019air des v\u00e9hicules ferroviaires.[\/vc_column_text][vc_column_text] Pour emp\u00eacher l\u2019infiltration de particules de poussi\u00e8re, d\u2019eau et de neige \u00e0 l\u2019int\u00e9rieur des v\u00e9hicules, nous d\u00e9veloppons et produisons depuis&hellip;\" \/>\n<meta property=\"og:url\" content=\"https:\/\/www.krapf-lex.de\/fr\/entreprise\/krapf-lex\/\" \/>\n<meta property=\"og:site_name\" content=\"Krapf &amp; Lex\" \/>\n<meta property=\"article:modified_time\" content=\"2023-01-24T08:05:59+00:00\" \/>\n<meta name=\"twitter:card\" content=\"summary_large_image\" \/>\n<meta name=\"twitter:label1\" content=\"Dur\u00e9e de lecture estim\u00e9e\" \/>\n\t<meta name=\"twitter:data1\" content=\"2 minutes\" \/>\n<script type=\"application\/ld+json\" class=\"yoast-schema-graph\">{\"@context\":\"https:\/\/schema.org\",\"@graph\":[{\"@type\":\"WebPage\",\"@id\":\"https:\/\/www.krapf-lex.de\/fr\/entreprise\/krapf-lex\/\",\"url\":\"https:\/\/www.krapf-lex.de\/fr\/entreprise\/krapf-lex\/\",\"name\":\"Krapf & Lex - Krapf &amp; Lex\",\"isPartOf\":{\"@id\":\"https:\/\/www.krapf-lex.de\/fr\/#website\"},\"datePublished\":\"2019-07-09T14:27:54+00:00\",\"dateModified\":\"2023-01-24T08:05:59+00:00\",\"breadcrumb\":{\"@id\":\"https:\/\/www.krapf-lex.de\/fr\/entreprise\/krapf-lex\/#breadcrumb\"},\"inLanguage\":\"fr-FR\",\"potentialAction\":[{\"@type\":\"ReadAction\",\"target\":[\"https:\/\/www.krapf-lex.de\/fr\/entreprise\/krapf-lex\/\"]}]},{\"@type\":\"BreadcrumbList\",\"@id\":\"https:\/\/www.krapf-lex.de\/fr\/entreprise\/krapf-lex\/#breadcrumb\",\"itemListElement\":[{\"@type\":\"ListItem\",\"position\":1,\"name\":\"Startseite\",\"item\":\"https:\/\/www.krapf-lex.de\/fr\/\"},{\"@type\":\"ListItem\",\"position\":2,\"name\":\"Entreprise\",\"item\":\"https:\/\/www.krapf-lex.de\/fr\/entreprise\/\"},{\"@type\":\"ListItem\",\"position\":3,\"name\":\"Krapf &#038; Lex\"}]},{\"@type\":\"WebSite\",\"@id\":\"https:\/\/www.krapf-lex.de\/fr\/#website\",\"url\":\"https:\/\/www.krapf-lex.de\/fr\/\",\"name\":\"Krapf &amp; Lex\",\"description\":\"Weiden i. d. Oberpfalz\",\"potentialAction\":[{\"@type\":\"SearchAction\",\"target\":{\"@type\":\"EntryPoint\",\"urlTemplate\":\"https:\/\/www.krapf-lex.de\/fr\/?s={search_term_string}\"},\"query-input\":{\"@type\":\"PropertyValueSpecification\",\"valueRequired\":true,\"valueName\":\"search_term_string\"}}],\"inLanguage\":\"fr-FR\"}]}<\/script>\n<!-- \/ Yoast SEO plugin. -->","yoast_head_json":{"title":"Krapf & Lex - Krapf &amp; Lex","robots":{"index":"index","follow":"follow","max-snippet":"max-snippet:-1","max-image-preview":"max-image-preview:large","max-video-preview":"max-video-preview:-1"},"canonical":"https:\/\/www.krapf-lex.de\/fr\/entreprise\/krapf-lex\/","og_locale":"fr_FR","og_type":"article","og_title":"Krapf & Lex - Krapf &amp; Lex","og_description":"[vc_row][vc_column width=\u00a0\u00bb1\/2&Prime;][vc_column_text]Krapf &amp; Lex d\u00e9veloppe et produit depuis plus de 50 ans des filtres, des persiennes et des syst\u00e8mes de protection \u00e0 la pression pour les syst\u00e8mes d\u2019entr\u00e9e et d\u2019\u00e9vacuation de l\u2019air des v\u00e9hicules ferroviaires.[\/vc_column_text][vc_column_text] Pour emp\u00eacher l\u2019infiltration de particules de poussi\u00e8re, d\u2019eau et de neige \u00e0 l\u2019int\u00e9rieur des v\u00e9hicules, nous d\u00e9veloppons et produisons depuis&hellip;","og_url":"https:\/\/www.krapf-lex.de\/fr\/entreprise\/krapf-lex\/","og_site_name":"Krapf &amp; Lex","article_modified_time":"2023-01-24T08:05:59+00:00","twitter_card":"summary_large_image","twitter_misc":{"Dur\u00e9e de lecture estim\u00e9e":"2 minutes"},"schema":{"@context":"https:\/\/schema.org","@graph":[{"@type":"WebPage","@id":"https:\/\/www.krapf-lex.de\/fr\/entreprise\/krapf-lex\/","url":"https:\/\/www.krapf-lex.de\/fr\/entreprise\/krapf-lex\/","name":"Krapf & Lex - Krapf &amp; Lex","isPartOf":{"@id":"https:\/\/www.krapf-lex.de\/fr\/#website"},"datePublished":"2019-07-09T14:27:54+00:00","dateModified":"2023-01-24T08:05:59+00:00","breadcrumb":{"@id":"https:\/\/www.krapf-lex.de\/fr\/entreprise\/krapf-lex\/#breadcrumb"},"inLanguage":"fr-FR","potentialAction":[{"@type":"ReadAction","target":["https:\/\/www.krapf-lex.de\/fr\/entreprise\/krapf-lex\/"]}]},{"@type":"BreadcrumbList","@id":"https:\/\/www.krapf-lex.de\/fr\/entreprise\/krapf-lex\/#breadcrumb","itemListElement":[{"@type":"ListItem","position":1,"name":"Startseite","item":"https:\/\/www.krapf-lex.de\/fr\/"},{"@type":"ListItem","position":2,"name":"Entreprise","item":"https:\/\/www.krapf-lex.de\/fr\/entreprise\/"},{"@type":"ListItem","position":3,"name":"Krapf &#038; Lex"}]},{"@type":"WebSite","@id":"https:\/\/www.krapf-lex.de\/fr\/#website","url":"https:\/\/www.krapf-lex.de\/fr\/","name":"Krapf &amp; Lex","description":"Weiden i. d. Oberpfalz","potentialAction":[{"@type":"SearchAction","target":{"@type":"EntryPoint","urlTemplate":"https:\/\/www.krapf-lex.de\/fr\/?s={search_term_string}"},"query-input":{"@type":"PropertyValueSpecification","valueRequired":true,"valueName":"search_term_string"}}],"inLanguage":"fr-FR"}]}},"_links":{"self":[{"href":"https:\/\/www.krapf-lex.de\/fr\/wp-json\/wp\/v2\/pages\/915","targetHints":{"allow":["GET"]}}],"collection":[{"href":"https:\/\/www.krapf-lex.de\/fr\/wp-json\/wp\/v2\/pages"}],"about":[{"href":"https:\/\/www.krapf-lex.de\/fr\/wp-json\/wp\/v2\/types\/page"}],"author":[{"embeddable":true,"href":"https:\/\/www.krapf-lex.de\/fr\/wp-json\/wp\/v2\/users\/3"}],"replies":[{"embeddable":true,"href":"https:\/\/www.krapf-lex.de\/fr\/wp-json\/wp\/v2\/comments?post=915"}],"version-history":[{"count":2,"href":"https:\/\/www.krapf-lex.de\/fr\/wp-json\/wp\/v2\/pages\/915\/revisions"}],"predecessor-version":[{"id":1937,"href":"https:\/\/www.krapf-lex.de\/fr\/wp-json\/wp\/v2\/pages\/915\/revisions\/1937"}],"up":[{"embeddable":true,"href":"https:\/\/www.krapf-lex.de\/fr\/wp-json\/wp\/v2\/pages\/908"}],"wp:attachment":[{"href":"https:\/\/www.krapf-lex.de\/fr\/wp-json\/wp\/v2\/media?parent=915"}],"curies":[{"name":"wp","href":"https:\/\/api.w.org\/{rel}","templated":true}]}}