{"id":933,"date":"2019-07-09T16:41:03","date_gmt":"2019-07-09T14:41:03","guid":{"rendered":"http:\/\/www.krapf-lex.de\/?page_id=933"},"modified":"2019-07-09T17:26:06","modified_gmt":"2019-07-09T15:26:06","slug":"contact","status":"publish","type":"page","link":"https:\/\/www.krapf-lex.de\/fr\/contact\/","title":{"rendered":"Contact"},"content":{"rendered":"<div class=\"wpb-content-wrapper\"><p>[vc_row bg_type=\u00a0\u00bbbg_color\u00a0\u00bb bg_override=\u00a0\u00bbfull\u00a0\u00bb bg_color_value=\u00a0\u00bb#f9f9f9&Prime; css=\u00a0\u00bb.vc_custom_1562597626755{margin-top: -70px !important;}\u00a0\u00bb][vc_column][vc_empty_space][vc_column_text]<\/p>\n<div id=\"c768\" class=\"csc-default\">\n<h2 style=\"text-align: center;\">Acceptation de la commande<\/h2>\n<\/div>\n<p>[\/vc_column_text][vc_row_inner][vc_column_inner width=\u00a0\u00bb1\/3&Prime;][vc_icon icon_fontawesome=\u00a0\u00bbfa fa-envelope-o\u00a0\u00bb color=\u00a0\u00bbcustom\u00a0\u00bb background_style=\u00a0\u00bbrounded-outline\u00a0\u00bb background_color=\u00a0\u00bbcustom\u00a0\u00bb size=\u00a0\u00bblg\u00a0\u00bb align=\u00a0\u00bbcenter\u00a0\u00bb custom_color=\u00a0\u00bb#0091a5&Prime; custom_background_color=\u00a0\u00bb#0091a5&Prime; link=\u00a0\u00bburl:mailto%3Aorder%40krapf-lex.de|||\u00a0\u00bb][vc_column_text]<\/p>\n<h4 style=\"text-align: center;\"><a href=\"mailto:order@krapf-lex.de\">order(at)krapf-lex.de<\/a><\/h4>\n<p>[\/vc_column_text][\/vc_column_inner][vc_column_inner width=\u00a0\u00bb1\/3&Prime;][vc_icon icon_fontawesome=\u00a0\u00bbfa fa-print\u00a0\u00bb color=\u00a0\u00bbcustom\u00a0\u00bb background_style=\u00a0\u00bbrounded-outline\u00a0\u00bb background_color=\u00a0\u00bbcustom\u00a0\u00bb size=\u00a0\u00bblg\u00a0\u00bb align=\u00a0\u00bbcenter\u00a0\u00bb custom_color=\u00a0\u00bb#0091a5&Prime; custom_background_color=\u00a0\u00bb#0091a5&Prime;][vc_column_text]<\/p>\n<h4 style=\"text-align: center;\">T\u00e9l\u00e9fax: 0961 \/ 64 484-54<\/h4>\n<p>[\/vc_column_text][\/vc_column_inner][vc_column_inner width=\u00a0\u00bb1\/3&Prime;][vc_icon icon_fontawesome=\u00a0\u00bbfa fa-address-card\u00a0\u00bb color=\u00a0\u00bbcustom\u00a0\u00bb background_style=\u00a0\u00bbrounded-outline\u00a0\u00bb background_color=\u00a0\u00bbcustom\u00a0\u00bb size=\u00a0\u00bblg\u00a0\u00bb align=\u00a0\u00bbcenter\u00a0\u00bb custom_color=\u00a0\u00bb#0091a5&Prime; custom_background_color=\u00a0\u00bb#0091a5&Prime; link=\u00a0\u00bburl:http%3A%2F%2Fwww.krapf-lex.de%2Ffr%2Fentreprise%2Flequipe%2F|title:Team||\u00a0\u00bb][vc_column_text]<\/p>\n<h4 style=\"text-align: center;\"><a href=\"http:\/\/www.krapf-lex.de\/fr\/entreprise\/lequipe\/\">personne de contact<\/a><\/h4>\n<p>[\/vc_column_text][\/vc_column_inner][\/vc_row_inner][vc_empty_space][\/vc_column][\/vc_row][vc_row][vc_column width=\u00a0\u00bb1\/2&Prime;][vc_column_text]<\/p>\n<h2>Site de Weiden<\/h2>\n<p>Construction, Service Commercial, Service Achats, Production de syst\u00e8mes de protection \u00e0 la pression, peinture et finition des pi\u00e8ces.<\/p>\n<p><b>Krapf &amp; Lex Nachf. Verkehrstechnik GmbH &amp; Co. KG<\/b><\/p>\n<p>Stresemannstra\u00dfe 13<br \/>\nD-92637 Weiden i. d. OPf.<\/p>\n<p>T\u00e9l\u00e9phone +49 (0) 9 61 \/ 6 34 84 &#8211; 50<br \/>\nT\u00e9l\u00e9fax +49 (0) 9 61 \/ 6 34 84 &#8211; 54<\/p>\n<p>E-Mail: <a href=\"mailto:contact@krapf-lex.de\">contact(at)krapf-lex(dot)de<\/a>[\/vc_column_text][\/vc_column][vc_column width=\u00a0\u00bb1\/2&Prime;][vc_gmaps link=\u00a0\u00bb#E-8_JTNDaWZyYW1lJTIwc3JjJTNEJTIyaHR0cHMlM0ElMkYlMkZ3d3cuZ29vZ2xlLmNvbSUyRm1hcHMlMkZlbWJlZCUzRnBiJTNEJTIxMW0xOCUyMTFtMTIlMjExbTMlMjExZDI1ODEuODM1MjMzMDE1MDUzMyUyMTJkMTIuMTc1Mzk2NTE2MDc1NzM4JTIxM2Q0OS42NzYyNDIyNzkzNzYwNSUyMTJtMyUyMTFmMCUyMTJmMCUyMTNmMCUyMTNtMiUyMTFpMTAyNCUyMTJpNzY4JTIxNGYxMy4xJTIxM20zJTIxMW0yJTIxMXMweDQ3YTAzOGMzMjBmMWVkN2IlMjUzQTB4MmQyMGVhNTdlNDQyMGZiNiUyMTJzU3RyZXNlbWFubnN0cmElMjVDMyUyNTlGZSUyQjEzJTI1MkMlMkI5MjYzNyUyQldlaWRlbiUyQmluJTJCZGVyJTJCT2JlcnBmYWx6JTIxNWUwJTIxM20yJTIxMXNkZSUyMTJzZGUlMjE0djE1NTkxNDA2NDI3ODglMjE1bTIlMjExc2RlJTIxMnNkZSUyMiUyMHdpZHRoJTNEJTIyNjAwJTIyJTIwaGVpZ2h0JTNEJTIyNDUwJTIyJTIwZnJhbWVib3JkZXIlM0QlMjIwJTIyJTIwc3R5bGUlM0QlMjJib3JkZXIlM0EwJTIyJTIwYWxsb3dmdWxsc2NyZWVuJTNFJTNDJTJGaWZyYW1lJTNF\u00a0\u00bb][vc_empty_space][\/vc_column][\/vc_row][vc_row][vc_column width=\u00a0\u00bb1\/2&Prime;][vc_column_text]<\/p>\n<h2>Site de Roding<\/h2>\n<p><span lang=\"FR\">Production de grilles d\u2019a\u00e9ration, de filtres, de portes, de clapets frontaux et lat\u00e9raux, Achats pour la\u00a0 <\/span>production de Roding.<\/p>\n<p><b>Krapf &amp; Lex Nachf. Verkehrstechnik GmbH &amp; Co. KG<\/b><\/p>\n<p>Neuer Gstettenweg 2<br \/>\nD-93426 Roding<\/p>\n<p>T\u00e9l\u00e9phone: +49 (0) 94 61 \/ 91 30 345<br \/>\nT\u00e9l\u00e9fax: +49 (0) 94 61 \/ 91 23 75<\/p>\n<p>E-Mail: <a class=\"mail\" href=\"mailto:contact@krapf-lex.de\">contact(at)krapf-lex(dot)de<\/a>[\/vc_column_text][\/vc_column][vc_column width=\u00a0\u00bb1\/2&Prime;][vc_gmaps link=\u00a0\u00bb#E-8_JTNDaWZyYW1lJTIwc3JjJTNEJTIyaHR0cHMlM0ElMkYlMkZ3d3cuZ29vZ2xlLmNvbSUyRm1hcHMlMkZlbWJlZCUzRnBiJTNEJTIxMW0xOCUyMTFtMTIlMjExbTMlMjExZDI2MDYuNjE3Mzk5OTUyMDExNSUyMTJkMTIuNTA5OTgxNTE2MDYyNTYzJTIxM2Q0OS4yMDc4MTcxNzkzMjMzNyUyMTJtMyUyMTFmMCUyMTJmMCUyMTNmMCUyMTNtMiUyMTFpMTAyNCUyMTJpNzY4JTIxNGYxMy4xJTIxM20zJTIxMW0yJTIxMXMweDQ3OWZmZDBlNTc1OWEyNGIlMjUzQTB4YzNiODQzMTU2MGY5ZDUzJTIxMnNOZXVlciUyQkdzdGV0dGVud2VnJTJCMiUyNTJDJTJCOTM0MjYlMkJSb2RpbmclMjE1ZTAlMjEzbTIlMjExc2RlJTIxMnNkZSUyMTR2MTU1OTE0MDc5MTEwMCUyMTVtMiUyMTFzZGUlMjEyc2RlJTIyJTIwd2lkdGglM0QlMjI2MDAlMjIlMjBoZWlnaHQlM0QlMjI0NTAlMjIlMjBmcmFtZWJvcmRlciUzRCUyMjAlMjIlMjBzdHlsZSUzRCUyMmJvcmRlciUzQTAlMjIlMjBhbGxvd2Z1bGxzY3JlZW4lM0UlM0MlMkZpZnJhbWUlM0U=\u00a0\u00bb][\/vc_column][\/vc_row][vc_row][vc_column][vc_empty_space][\/vc_column][\/vc_row]<\/p>\n<\/div>","protected":false},"excerpt":{"rendered":"<p>[vc_row bg_type=\u00a0\u00bbbg_color\u00a0\u00bb bg_override=\u00a0\u00bbfull\u00a0\u00bb bg_color_value=\u00a0\u00bb#f9f9f9&Prime; css=\u00a0\u00bb.vc_custom_1562597626755{margin-top: -70px !important;}\u00a0\u00bb][vc_column][vc_empty_space][vc_column_text] Acceptation de la commande [\/vc_column_text][vc_row_inner][vc_column_inner width=\u00a0\u00bb1\/3&Prime;][vc_icon icon_fontawesome=\u00a0\u00bbfa fa-envelope-o\u00a0\u00bb color=\u00a0\u00bbcustom\u00a0\u00bb background_style=\u00a0\u00bbrounded-outline\u00a0\u00bb background_color=\u00a0\u00bbcustom\u00a0\u00bb size=\u00a0\u00bblg\u00a0\u00bb align=\u00a0\u00bbcenter\u00a0\u00bb custom_color=\u00a0\u00bb#0091a5&Prime; custom_background_color=\u00a0\u00bb#0091a5&Prime; link=\u00a0\u00bburl:mailto%3Aorder%40krapf-lex.de|||\u00a0\u00bb][vc_column_text] order(at)krapf-lex.de [\/vc_column_text][\/vc_column_inner][vc_column_inner width=\u00a0\u00bb1\/3&Prime;][vc_icon icon_fontawesome=\u00a0\u00bbfa fa-print\u00a0\u00bb color=\u00a0\u00bbcustom\u00a0\u00bb background_style=\u00a0\u00bbrounded-outline\u00a0\u00bb background_color=\u00a0\u00bbcustom\u00a0\u00bb size=\u00a0\u00bblg\u00a0\u00bb align=\u00a0\u00bbcenter\u00a0\u00bb custom_color=\u00a0\u00bb#0091a5&Prime; custom_background_color=\u00a0\u00bb#0091a5&Prime;][vc_column_text] T\u00e9l\u00e9fax: 0961 \/ 64 484-54 [\/vc_column_text][\/vc_column_inner][vc_column_inner width=\u00a0\u00bb1\/3&Prime;][vc_icon icon_fontawesome=\u00a0\u00bbfa fa-address-card\u00a0\u00bb color=\u00a0\u00bbcustom\u00a0\u00bb background_style=\u00a0\u00bbrounded-outline\u00a0\u00bb background_color=\u00a0\u00bbcustom\u00a0\u00bb size=\u00a0\u00bblg\u00a0\u00bb align=\u00a0\u00bbcenter\u00a0\u00bb custom_color=\u00a0\u00bb#0091a5&Prime; custom_background_color=\u00a0\u00bb#0091a5&Prime; link=\u00a0\u00bburl:http%3A%2F%2Fwww.krapf-lex.de%2Ffr%2Fentreprise%2Flequipe%2F|title:Team||\u00a0\u00bb][vc_column_text] personne de contact&hellip;<\/p>\n","protected":false},"author":3,"featured_media":0,"parent":0,"menu_order":0,"comment_status":"closed","ping_status":"closed","template":"","meta":{"footnotes":""},"class_list":["post-933","page","type-page","status-publish","hentry","description-off"],"yoast_head":"<!-- This site is optimized with the Yoast SEO plugin v26.9 - https:\/\/yoast.com\/product\/yoast-seo-wordpress\/ -->\n<title>Contact - Krapf &amp; Lex<\/title>\n<meta name=\"robots\" content=\"index, follow, max-snippet:-1, max-image-preview:large, max-video-preview:-1\" \/>\n<link rel=\"canonical\" href=\"https:\/\/www.krapf-lex.de\/fr\/contact\/\" \/>\n<meta property=\"og:locale\" content=\"fr_FR\" \/>\n<meta property=\"og:type\" content=\"article\" \/>\n<meta property=\"og:title\" content=\"Contact - Krapf &amp; Lex\" \/>\n<meta property=\"og:description\" content=\"[vc_row bg_type=\u00a0\u00bbbg_color\u00a0\u00bb bg_override=\u00a0\u00bbfull\u00a0\u00bb bg_color_value=\u00a0\u00bb#f9f9f9&Prime; css=\u00a0\u00bb.vc_custom_1562597626755{margin-top: -70px !important;}\u00a0\u00bb][vc_column][vc_empty_space][vc_column_text] Acceptation de la commande [\/vc_column_text][vc_row_inner][vc_column_inner width=\u00a0\u00bb1\/3&Prime;][vc_icon icon_fontawesome=\u00a0\u00bbfa fa-envelope-o\u00a0\u00bb color=\u00a0\u00bbcustom\u00a0\u00bb background_style=\u00a0\u00bbrounded-outline\u00a0\u00bb background_color=\u00a0\u00bbcustom\u00a0\u00bb size=\u00a0\u00bblg\u00a0\u00bb align=\u00a0\u00bbcenter\u00a0\u00bb custom_color=\u00a0\u00bb#0091a5&Prime; custom_background_color=\u00a0\u00bb#0091a5&Prime; link=\u00a0\u00bburl:mailto%3Aorder%40krapf-lex.de|||\u00a0\u00bb][vc_column_text] order(at)krapf-lex.de [\/vc_column_text][\/vc_column_inner][vc_column_inner width=\u00a0\u00bb1\/3&Prime;][vc_icon icon_fontawesome=\u00a0\u00bbfa fa-print\u00a0\u00bb color=\u00a0\u00bbcustom\u00a0\u00bb background_style=\u00a0\u00bbrounded-outline\u00a0\u00bb background_color=\u00a0\u00bbcustom\u00a0\u00bb size=\u00a0\u00bblg\u00a0\u00bb align=\u00a0\u00bbcenter\u00a0\u00bb custom_color=\u00a0\u00bb#0091a5&Prime; custom_background_color=\u00a0\u00bb#0091a5&Prime;][vc_column_text] T\u00e9l\u00e9fax: 0961 \/ 64 484-54 [\/vc_column_text][\/vc_column_inner][vc_column_inner width=\u00a0\u00bb1\/3&Prime;][vc_icon icon_fontawesome=\u00a0\u00bbfa fa-address-card\u00a0\u00bb color=\u00a0\u00bbcustom\u00a0\u00bb background_style=\u00a0\u00bbrounded-outline\u00a0\u00bb background_color=\u00a0\u00bbcustom\u00a0\u00bb size=\u00a0\u00bblg\u00a0\u00bb align=\u00a0\u00bbcenter\u00a0\u00bb custom_color=\u00a0\u00bb#0091a5&Prime; custom_background_color=\u00a0\u00bb#0091a5&Prime; link=\u00a0\u00bburl:http%3A%2F%2Fwww.krapf-lex.de%2Ffr%2Fentreprise%2Flequipe%2F|title:Team||\u00a0\u00bb][vc_column_text] personne de contact&hellip;\" \/>\n<meta property=\"og:url\" content=\"https:\/\/www.krapf-lex.de\/fr\/contact\/\" \/>\n<meta property=\"og:site_name\" content=\"Krapf &amp; Lex\" \/>\n<meta property=\"article:modified_time\" content=\"2019-07-09T15:26:06+00:00\" \/>\n<meta name=\"twitter:card\" content=\"summary_large_image\" \/>\n<meta name=\"twitter:label1\" content=\"Dur\u00e9e de lecture estim\u00e9e\" \/>\n\t<meta name=\"twitter:data1\" content=\"2 minutes\" \/>\n<script type=\"application\/ld+json\" class=\"yoast-schema-graph\">{\"@context\":\"https:\/\/schema.org\",\"@graph\":[{\"@type\":\"WebPage\",\"@id\":\"https:\/\/www.krapf-lex.de\/fr\/contact\/\",\"url\":\"https:\/\/www.krapf-lex.de\/fr\/contact\/\",\"name\":\"Contact - Krapf &amp; Lex\",\"isPartOf\":{\"@id\":\"https:\/\/www.krapf-lex.de\/fr\/#website\"},\"datePublished\":\"2019-07-09T14:41:03+00:00\",\"dateModified\":\"2019-07-09T15:26:06+00:00\",\"breadcrumb\":{\"@id\":\"https:\/\/www.krapf-lex.de\/fr\/contact\/#breadcrumb\"},\"inLanguage\":\"fr-FR\",\"potentialAction\":[{\"@type\":\"ReadAction\",\"target\":[\"https:\/\/www.krapf-lex.de\/fr\/contact\/\"]}]},{\"@type\":\"BreadcrumbList\",\"@id\":\"https:\/\/www.krapf-lex.de\/fr\/contact\/#breadcrumb\",\"itemListElement\":[{\"@type\":\"ListItem\",\"position\":1,\"name\":\"Startseite\",\"item\":\"https:\/\/www.krapf-lex.de\/fr\/\"},{\"@type\":\"ListItem\",\"position\":2,\"name\":\"Contact\"}]},{\"@type\":\"WebSite\",\"@id\":\"https:\/\/www.krapf-lex.de\/fr\/#website\",\"url\":\"https:\/\/www.krapf-lex.de\/fr\/\",\"name\":\"Krapf &amp; Lex\",\"description\":\"Weiden i. d. Oberpfalz\",\"potentialAction\":[{\"@type\":\"SearchAction\",\"target\":{\"@type\":\"EntryPoint\",\"urlTemplate\":\"https:\/\/www.krapf-lex.de\/fr\/?s={search_term_string}\"},\"query-input\":{\"@type\":\"PropertyValueSpecification\",\"valueRequired\":true,\"valueName\":\"search_term_string\"}}],\"inLanguage\":\"fr-FR\"}]}<\/script>\n<!-- \/ Yoast SEO plugin. -->","yoast_head_json":{"title":"Contact - Krapf &amp; Lex","robots":{"index":"index","follow":"follow","max-snippet":"max-snippet:-1","max-image-preview":"max-image-preview:large","max-video-preview":"max-video-preview:-1"},"canonical":"https:\/\/www.krapf-lex.de\/fr\/contact\/","og_locale":"fr_FR","og_type":"article","og_title":"Contact - Krapf &amp; Lex","og_description":"[vc_row bg_type=\u00a0\u00bbbg_color\u00a0\u00bb bg_override=\u00a0\u00bbfull\u00a0\u00bb bg_color_value=\u00a0\u00bb#f9f9f9&Prime; css=\u00a0\u00bb.vc_custom_1562597626755{margin-top: -70px !important;}\u00a0\u00bb][vc_column][vc_empty_space][vc_column_text] Acceptation de la commande [\/vc_column_text][vc_row_inner][vc_column_inner width=\u00a0\u00bb1\/3&Prime;][vc_icon icon_fontawesome=\u00a0\u00bbfa fa-envelope-o\u00a0\u00bb color=\u00a0\u00bbcustom\u00a0\u00bb background_style=\u00a0\u00bbrounded-outline\u00a0\u00bb background_color=\u00a0\u00bbcustom\u00a0\u00bb size=\u00a0\u00bblg\u00a0\u00bb align=\u00a0\u00bbcenter\u00a0\u00bb custom_color=\u00a0\u00bb#0091a5&Prime; custom_background_color=\u00a0\u00bb#0091a5&Prime; link=\u00a0\u00bburl:mailto%3Aorder%40krapf-lex.de|||\u00a0\u00bb][vc_column_text] order(at)krapf-lex.de [\/vc_column_text][\/vc_column_inner][vc_column_inner width=\u00a0\u00bb1\/3&Prime;][vc_icon icon_fontawesome=\u00a0\u00bbfa fa-print\u00a0\u00bb color=\u00a0\u00bbcustom\u00a0\u00bb background_style=\u00a0\u00bbrounded-outline\u00a0\u00bb background_color=\u00a0\u00bbcustom\u00a0\u00bb size=\u00a0\u00bblg\u00a0\u00bb align=\u00a0\u00bbcenter\u00a0\u00bb custom_color=\u00a0\u00bb#0091a5&Prime; custom_background_color=\u00a0\u00bb#0091a5&Prime;][vc_column_text] T\u00e9l\u00e9fax: 0961 \/ 64 484-54 [\/vc_column_text][\/vc_column_inner][vc_column_inner width=\u00a0\u00bb1\/3&Prime;][vc_icon icon_fontawesome=\u00a0\u00bbfa fa-address-card\u00a0\u00bb color=\u00a0\u00bbcustom\u00a0\u00bb background_style=\u00a0\u00bbrounded-outline\u00a0\u00bb background_color=\u00a0\u00bbcustom\u00a0\u00bb size=\u00a0\u00bblg\u00a0\u00bb align=\u00a0\u00bbcenter\u00a0\u00bb custom_color=\u00a0\u00bb#0091a5&Prime; custom_background_color=\u00a0\u00bb#0091a5&Prime; link=\u00a0\u00bburl:http%3A%2F%2Fwww.krapf-lex.de%2Ffr%2Fentreprise%2Flequipe%2F|title:Team||\u00a0\u00bb][vc_column_text] personne de contact&hellip;","og_url":"https:\/\/www.krapf-lex.de\/fr\/contact\/","og_site_name":"Krapf &amp; Lex","article_modified_time":"2019-07-09T15:26:06+00:00","twitter_card":"summary_large_image","twitter_misc":{"Dur\u00e9e de lecture estim\u00e9e":"2 minutes"},"schema":{"@context":"https:\/\/schema.org","@graph":[{"@type":"WebPage","@id":"https:\/\/www.krapf-lex.de\/fr\/contact\/","url":"https:\/\/www.krapf-lex.de\/fr\/contact\/","name":"Contact - Krapf &amp; Lex","isPartOf":{"@id":"https:\/\/www.krapf-lex.de\/fr\/#website"},"datePublished":"2019-07-09T14:41:03+00:00","dateModified":"2019-07-09T15:26:06+00:00","breadcrumb":{"@id":"https:\/\/www.krapf-lex.de\/fr\/contact\/#breadcrumb"},"inLanguage":"fr-FR","potentialAction":[{"@type":"ReadAction","target":["https:\/\/www.krapf-lex.de\/fr\/contact\/"]}]},{"@type":"BreadcrumbList","@id":"https:\/\/www.krapf-lex.de\/fr\/contact\/#breadcrumb","itemListElement":[{"@type":"ListItem","position":1,"name":"Startseite","item":"https:\/\/www.krapf-lex.de\/fr\/"},{"@type":"ListItem","position":2,"name":"Contact"}]},{"@type":"WebSite","@id":"https:\/\/www.krapf-lex.de\/fr\/#website","url":"https:\/\/www.krapf-lex.de\/fr\/","name":"Krapf &amp; Lex","description":"Weiden i. d. Oberpfalz","potentialAction":[{"@type":"SearchAction","target":{"@type":"EntryPoint","urlTemplate":"https:\/\/www.krapf-lex.de\/fr\/?s={search_term_string}"},"query-input":{"@type":"PropertyValueSpecification","valueRequired":true,"valueName":"search_term_string"}}],"inLanguage":"fr-FR"}]}},"_links":{"self":[{"href":"https:\/\/www.krapf-lex.de\/fr\/wp-json\/wp\/v2\/pages\/933","targetHints":{"allow":["GET"]}}],"collection":[{"href":"https:\/\/www.krapf-lex.de\/fr\/wp-json\/wp\/v2\/pages"}],"about":[{"href":"https:\/\/www.krapf-lex.de\/fr\/wp-json\/wp\/v2\/types\/page"}],"author":[{"embeddable":true,"href":"https:\/\/www.krapf-lex.de\/fr\/wp-json\/wp\/v2\/users\/3"}],"replies":[{"embeddable":true,"href":"https:\/\/www.krapf-lex.de\/fr\/wp-json\/wp\/v2\/comments?post=933"}],"version-history":[{"count":4,"href":"https:\/\/www.krapf-lex.de\/fr\/wp-json\/wp\/v2\/pages\/933\/revisions"}],"predecessor-version":[{"id":986,"href":"https:\/\/www.krapf-lex.de\/fr\/wp-json\/wp\/v2\/pages\/933\/revisions\/986"}],"wp:attachment":[{"href":"https:\/\/www.krapf-lex.de\/fr\/wp-json\/wp\/v2\/media?parent=933"}],"curies":[{"name":"wp","href":"https:\/\/api.w.org\/{rel}","templated":true}]}}