{"id":935,"date":"2019-07-09T16:42:57","date_gmt":"2019-07-09T14:42:57","guid":{"rendered":"http:\/\/www.krapf-lex.de\/?page_id=935"},"modified":"2019-07-15T15:40:39","modified_gmt":"2019-07-15T13:40:39","slug":"mentions-legales","status":"publish","type":"page","link":"https:\/\/www.krapf-lex.de\/fr\/mentions-legales\/","title":{"rendered":"Mentions l\u00e9gales"},"content":{"rendered":"<div class=\"wpb-content-wrapper\"><p>[vc_row][vc_column width=\u00a0\u00bb1\/2&Prime;][vc_column_text]<\/p>\n<h3>Editeur :<\/h3>\n<p><b>Krapf &amp; Lex Nachf. Verkehrstechnik GmbH &amp; Co. KG<\/b><br \/>\nSi\u00e8ge de la soci\u00e9t\u00e9 \u00e0 Roding, tribunal d&rsquo;instance de Regensburg HRA 5460<br \/>\nDirection G\u00e9n\u00e9rale: Dipl.-Ing (FH) Martin Schulz, Silvia Schulz<br \/>\nSoci\u00e9t\u00e9 en commandite: K&amp;L Verwaltungs-GmbH, si\u00e8ge de la soci\u00e9t\u00e9 \u00e0 Roding<br \/>\nInscrit au tribunal d&rsquo;instance de Regensburg HBR 10246<br \/>\nNum\u00e9ro fiscal: 255 \/ 166 \/ 51108<br \/>\nNum\u00e9ro de TVA intracommunautaire: DE 811 390 956<\/p>\n<p>Krapf &amp; Lex Nachf. Verkehrstechnik GmbH &amp; Co. KG<br \/>\nNeuer Gstettenweg 2<br \/>\nD-93426 Roding<\/p>\n<p>T\u00e9l\u00e9phone: +49 (0) 94 61\u00a0\/\u00a091 23 72<br \/>\nT\u00e9l\u00e9fax: +49 (0) 94 61 \/ 91 12 75<br \/>\nInternet: <a class=\"internal-link\" href=\"http:\/\/www.krapf-lex.de\/\" target=\"_blank\" rel=\"noopener noreferrer\">http:\/\/www.krapf-lex.de<\/a><br \/>\nE-Mail: <a class=\"mail\" href=\"mailto:contact@krapf-lex.de\">contact(at)krapf-lex(dot)de<\/a><\/p>\n<h3><span lang=\"FR\">Responsabilit\u00e9 du contenu<\/span><\/h3>\n<p><b>Dipl.-Ing (FH) Martin Schulz<br \/>\n<\/b>Krapf &amp; Lex Nachf. Verkehrstechnik GmbH &amp; Co. KG<br \/>\nStresemannstra\u00dfe 13<br \/>\nD-92637 Weiden<\/p>\n<p>T\u00e9l\u00e9phone: +49 (0) 9 61 \/ 6 34 84 &#8211; 50<br \/>\nT\u00e9l\u00e9fax: +49 (0) 9 61 \/ 6 34 84 &#8211; 54<br \/>\nE-Mail: <a href=\"mailto:contact@krapf-lex.de\">contact(at)krapf-lex(dot)de<\/a>[\/vc_column_text][vc_column_text]<\/p>\n<h3>Cr\u00e9dits photo<\/h3>\n<p class=\"no-margin beta\"><span class=\"grey dove-text\">Headerbild Filter Regen\u00a0<\/span><span class=\"grey mountain-mist-text\">von<\/span> <span class=\"blue bleu-de-france-text\"><a class=\"blue bleu-de-france-text\" href=\"https:\/\/stock.adobe.com\/de\/contributor\/206184451\/johnalexandr?load_type=author&amp;prev_url=detail\" data-ingest-clicktype=\"details-contributor-link\">johnalexandr<\/a>\u00a0@ stock.adobe.com<br \/>\n<\/span><span class=\"grey dove-text\">Headerbild Filter Staub\u00a0<\/span><span class=\"grey mountain-mist-text\">von<\/span> <span class=\"blue bleu-de-france-text\"><a class=\"blue bleu-de-france-text\" href=\"https:\/\/stock.adobe.com\/de\/contributor\/203424719\/allard1?load_type=author&amp;prev_url=detail\" data-ingest-clicktype=\"details-contributor-link\">allard1<\/a> @ stock.adobe.com<br \/>\nHeaderbild Filter Schnee von <\/span><span class=\"blue bleu-de-france-text\"><a class=\"blue bleu-de-france-text\" href=\"https:\/\/stock.adobe.com\/de\/contributor\/201569721\/tobias-arhelger?load_type=author&amp;prev_url=detail\" data-ingest-clicktype=\"details-contributor-link\">Tobias Arhelger<\/a><\/span><span class=\"blue bleu-de-france-text\">\u00a0<\/span><span class=\"blue bleu-de-france-text\">@ stock.adobe.com<br \/>\nHeaderbild Filter Druckschl\u00e4ge\u00a0<\/span><span class=\"grey mountain-mist-text\">von<\/span> <span class=\"blue bleu-de-france-text\"><a class=\"blue bleu-de-france-text\" href=\"https:\/\/stock.adobe.com\/de\/contributor\/200965174\/lightpoet?load_type=author&amp;prev_url=detail\" data-ingest-clicktype=\"details-contributor-link\">lightpoet<\/a> @ stock.adobe.com<br \/>\nHeaderbild Kontakt v<\/span><span class=\"grey mountain-mist-text\">on<\/span> <span class=\"blue bleu-de-france-text\"><a class=\"blue bleu-de-france-text\" href=\"https:\/\/stock.adobe.com\/de\/contributor\/200825764\/redpixel?load_type=author&amp;prev_url=detail\" data-ingest-clicktype=\"details-contributor-link\">REDPIXEL<\/a><\/span><span class=\"blue bleu-de-france-text\">\u00a0@ stock.adobe.com<br \/>\nHeaderbild Informationen\u00a0<\/span><span class=\"grey mountain-mist-text\">von<\/span> <span class=\"blue bleu-de-france-text\"><a class=\"blue bleu-de-france-text\" href=\"https:\/\/stock.adobe.com\/de\/contributor\/200417761\/bits-and-splits?load_type=author&amp;prev_url=detail\" data-ingest-clicktype=\"details-contributor-link\">Bits and Splits<\/a> @ stock.adobe.com<\/span><\/p>\n<p>[\/vc_column_text][\/vc_column][vc_column width=\u00a0\u00bb1\/2&Prime;][vc_column_text]<\/p>\n<h3><span lang=\"FR\">Exclusion de la responsabilit\u00e9 <\/span><\/h3>\n<p><span lang=\"FR\">Toutes les informations contenues sur ce site sont <\/span><span lang=\"FR\">sous r\u00e9serve d&rsquo;erreurs ou d\u2019omissions de notre part. Si toutefois, une erreur venait \u00e0 s\u2019\u00eatre gliss\u00e9e, nous nous en excusons mais ne pouvons en aucun cas en \u00eatre tenus responsables. Nous vous informons express\u00e9ment que <\/span>l\u2019actualit\u00e9 des informations propos\u00e9es peut \u00eatre modifi\u00e9e \u00e0 tout moment.<\/p>\n<h3>\u00a9 <span lang=\"FR\">Droits d\u2019auteur <\/span>(Copyright)<\/h3>\n<p><span lang=\"FR\">Le contenu du site <\/span><a href=\"http:\/\/www.krapf-lex.de\/\" target=\"_blank\" rel=\"noopener noreferrer\"><span lang=\"FR\">www.krapf-lex.de<\/span><\/a><span lang=\"FR\"> est prot\u00e9g\u00e9 par le droit d\u2019auteur.<\/span><\/p>\n<p><span lang=\"FR\">Les messages sont pour votre seule information.<br \/>\nL\u2019utilisation, en particulier l\u2019enregistrement dans des banques de donn\u00e9es, la publication officielle, la reproduction et toute exploitation commerciale ainsi que la retransmission aupr\u00e8s de tiers \u2013 en partie ou remani\u00e9e &#8211;\u00a0 <\/span>est interdite sans le consentement expr\u00e8s de Krapf &amp; Lex Verkehrstechnik GmbH &amp; Co. KG.<\/p>\n<h3><span lang=\"FR\">Exclusion de la responsabilit\u00e9, renvois et liens<\/span><\/h3>\n<p><span lang=\"FR\">Dans le cas de renvois directs ou indirects \u00e0 d&rsquo;autres sites Internet (\u00ab\u00a0hyperliens\u00a0\u00bb) en-dehors de la responsabilit\u00e9 de l&rsquo;auteur, la responsabilit\u00e9 de ce dernier ne pourrait \u00eatre engag\u00e9e seulement si l&rsquo;auteur avait connaissance des contenus et qu&rsquo;il \u00e9tait techniquement en mesure d&#8217;emp\u00eacher l&rsquo;utilisation au cas o\u00f9 la teneur des sites serait illicite. L&rsquo;auteur d\u00e9clare express\u00e9ment qu&rsquo;au moment de la mise en place des liens aucune teneur illicite n&rsquo;a \u00e9t\u00e9 d\u00e9cel\u00e9e sur les sites en question. L&rsquo;auteur n&rsquo;a aucune influence sur la configuration actuelle et future, sur la teneur ou sur les droits d&rsquo;auteur des sites avec un lien. C&rsquo;est pourquoi il ne peut \u00eatre tenu responsable par la pr\u00e9sente express\u00e9ment de tous les contenus de tous les sites avec un lien et qui auront \u00e9t\u00e9 modifi\u00e9s apr\u00e8s la mise en place des liens. Ceci est valable pour tous les liens et renvois mis en place sur le propre site Internet ainsi que pour les mentions \u00e9trang\u00e8res sur les livres d\u2019h\u00f4tes, forums de discussion et mailings mis en place par l&rsquo;auteur. Pour les teneurs ill\u00e9gales, incorrectes ou incompl\u00e8tes et en particulier pour les dommages qui r\u00e9sultent de l&rsquo;utilisation ou de la non-utilisation des informations fournies, la responsabilit\u00e9 incombe uniquement \u00e0 celui qui propose des pages sur lesquelles un renvoi a \u00e9t\u00e9 effectu\u00e9 et non celui qui renvoie uniquement \u00e0 cette publication officielle par des liens.<\/span>[\/vc_column_text][\/vc_column][\/vc_row][vc_row][vc_column][\/vc_column][\/vc_row]<\/p>\n<\/div>","protected":false},"excerpt":{"rendered":"<p>[vc_row][vc_column width=\u00a0\u00bb1\/2&Prime;][vc_column_text] Editeur : Krapf &amp; Lex Nachf. Verkehrstechnik GmbH &amp; Co. KG Si\u00e8ge de la soci\u00e9t\u00e9 \u00e0 Roding, tribunal d&rsquo;instance de Regensburg HRA 5460 Direction G\u00e9n\u00e9rale: Dipl.-Ing (FH) Martin Schulz, Silvia Schulz Soci\u00e9t\u00e9 en commandite: K&amp;L Verwaltungs-GmbH, si\u00e8ge de la soci\u00e9t\u00e9 \u00e0 Roding Inscrit au tribunal d&rsquo;instance de Regensburg HBR 10246 Num\u00e9ro fiscal: 255&hellip;<\/p>\n","protected":false},"author":3,"featured_media":0,"parent":0,"menu_order":0,"comment_status":"closed","ping_status":"closed","template":"","meta":{"footnotes":""},"class_list":["post-935","page","type-page","status-publish","hentry","description-off"],"yoast_head":"<!-- This site is optimized with the Yoast SEO plugin v26.9 - https:\/\/yoast.com\/product\/yoast-seo-wordpress\/ -->\n<title>Mentions l\u00e9gales - Krapf &amp; Lex<\/title>\n<meta name=\"robots\" content=\"index, follow, max-snippet:-1, max-image-preview:large, max-video-preview:-1\" \/>\n<link rel=\"canonical\" href=\"https:\/\/www.krapf-lex.de\/fr\/mentions-legales\/\" \/>\n<meta property=\"og:locale\" content=\"fr_FR\" \/>\n<meta property=\"og:type\" content=\"article\" \/>\n<meta property=\"og:title\" content=\"Mentions l\u00e9gales - Krapf &amp; Lex\" \/>\n<meta property=\"og:description\" content=\"[vc_row][vc_column width=\u00a0\u00bb1\/2&Prime;][vc_column_text] Editeur : Krapf &amp; Lex Nachf. Verkehrstechnik GmbH &amp; Co. KG Si\u00e8ge de la soci\u00e9t\u00e9 \u00e0 Roding, tribunal d&rsquo;instance de Regensburg HRA 5460 Direction G\u00e9n\u00e9rale: Dipl.-Ing (FH) Martin Schulz, Silvia Schulz Soci\u00e9t\u00e9 en commandite: K&amp;L Verwaltungs-GmbH, si\u00e8ge de la soci\u00e9t\u00e9 \u00e0 Roding Inscrit au tribunal d&rsquo;instance de Regensburg HBR 10246 Num\u00e9ro fiscal: 255&hellip;\" \/>\n<meta property=\"og:url\" content=\"https:\/\/www.krapf-lex.de\/fr\/mentions-legales\/\" \/>\n<meta property=\"og:site_name\" content=\"Krapf &amp; Lex\" \/>\n<meta property=\"article:modified_time\" content=\"2019-07-15T13:40:39+00:00\" \/>\n<meta name=\"twitter:card\" content=\"summary_large_image\" \/>\n<meta name=\"twitter:label1\" content=\"Dur\u00e9e de lecture estim\u00e9e\" \/>\n\t<meta name=\"twitter:data1\" content=\"3 minutes\" \/>\n<script type=\"application\/ld+json\" class=\"yoast-schema-graph\">{\"@context\":\"https:\/\/schema.org\",\"@graph\":[{\"@type\":\"WebPage\",\"@id\":\"https:\/\/www.krapf-lex.de\/fr\/mentions-legales\/\",\"url\":\"https:\/\/www.krapf-lex.de\/fr\/mentions-legales\/\",\"name\":\"Mentions l\u00e9gales - Krapf &amp; Lex\",\"isPartOf\":{\"@id\":\"https:\/\/www.krapf-lex.de\/fr\/#website\"},\"datePublished\":\"2019-07-09T14:42:57+00:00\",\"dateModified\":\"2019-07-15T13:40:39+00:00\",\"breadcrumb\":{\"@id\":\"https:\/\/www.krapf-lex.de\/fr\/mentions-legales\/#breadcrumb\"},\"inLanguage\":\"fr-FR\",\"potentialAction\":[{\"@type\":\"ReadAction\",\"target\":[\"https:\/\/www.krapf-lex.de\/fr\/mentions-legales\/\"]}]},{\"@type\":\"BreadcrumbList\",\"@id\":\"https:\/\/www.krapf-lex.de\/fr\/mentions-legales\/#breadcrumb\",\"itemListElement\":[{\"@type\":\"ListItem\",\"position\":1,\"name\":\"Startseite\",\"item\":\"https:\/\/www.krapf-lex.de\/fr\/\"},{\"@type\":\"ListItem\",\"position\":2,\"name\":\"Mentions l\u00e9gales\"}]},{\"@type\":\"WebSite\",\"@id\":\"https:\/\/www.krapf-lex.de\/fr\/#website\",\"url\":\"https:\/\/www.krapf-lex.de\/fr\/\",\"name\":\"Krapf &amp; Lex\",\"description\":\"Weiden i. d. Oberpfalz\",\"potentialAction\":[{\"@type\":\"SearchAction\",\"target\":{\"@type\":\"EntryPoint\",\"urlTemplate\":\"https:\/\/www.krapf-lex.de\/fr\/?s={search_term_string}\"},\"query-input\":{\"@type\":\"PropertyValueSpecification\",\"valueRequired\":true,\"valueName\":\"search_term_string\"}}],\"inLanguage\":\"fr-FR\"}]}<\/script>\n<!-- \/ Yoast SEO plugin. -->","yoast_head_json":{"title":"Mentions l\u00e9gales - Krapf &amp; Lex","robots":{"index":"index","follow":"follow","max-snippet":"max-snippet:-1","max-image-preview":"max-image-preview:large","max-video-preview":"max-video-preview:-1"},"canonical":"https:\/\/www.krapf-lex.de\/fr\/mentions-legales\/","og_locale":"fr_FR","og_type":"article","og_title":"Mentions l\u00e9gales - Krapf &amp; Lex","og_description":"[vc_row][vc_column width=\u00a0\u00bb1\/2&Prime;][vc_column_text] Editeur : Krapf &amp; Lex Nachf. Verkehrstechnik GmbH &amp; Co. KG Si\u00e8ge de la soci\u00e9t\u00e9 \u00e0 Roding, tribunal d&rsquo;instance de Regensburg HRA 5460 Direction G\u00e9n\u00e9rale: Dipl.-Ing (FH) Martin Schulz, Silvia Schulz Soci\u00e9t\u00e9 en commandite: K&amp;L Verwaltungs-GmbH, si\u00e8ge de la soci\u00e9t\u00e9 \u00e0 Roding Inscrit au tribunal d&rsquo;instance de Regensburg HBR 10246 Num\u00e9ro fiscal: 255&hellip;","og_url":"https:\/\/www.krapf-lex.de\/fr\/mentions-legales\/","og_site_name":"Krapf &amp; Lex","article_modified_time":"2019-07-15T13:40:39+00:00","twitter_card":"summary_large_image","twitter_misc":{"Dur\u00e9e de lecture estim\u00e9e":"3 minutes"},"schema":{"@context":"https:\/\/schema.org","@graph":[{"@type":"WebPage","@id":"https:\/\/www.krapf-lex.de\/fr\/mentions-legales\/","url":"https:\/\/www.krapf-lex.de\/fr\/mentions-legales\/","name":"Mentions l\u00e9gales - Krapf &amp; Lex","isPartOf":{"@id":"https:\/\/www.krapf-lex.de\/fr\/#website"},"datePublished":"2019-07-09T14:42:57+00:00","dateModified":"2019-07-15T13:40:39+00:00","breadcrumb":{"@id":"https:\/\/www.krapf-lex.de\/fr\/mentions-legales\/#breadcrumb"},"inLanguage":"fr-FR","potentialAction":[{"@type":"ReadAction","target":["https:\/\/www.krapf-lex.de\/fr\/mentions-legales\/"]}]},{"@type":"BreadcrumbList","@id":"https:\/\/www.krapf-lex.de\/fr\/mentions-legales\/#breadcrumb","itemListElement":[{"@type":"ListItem","position":1,"name":"Startseite","item":"https:\/\/www.krapf-lex.de\/fr\/"},{"@type":"ListItem","position":2,"name":"Mentions l\u00e9gales"}]},{"@type":"WebSite","@id":"https:\/\/www.krapf-lex.de\/fr\/#website","url":"https:\/\/www.krapf-lex.de\/fr\/","name":"Krapf &amp; Lex","description":"Weiden i. d. Oberpfalz","potentialAction":[{"@type":"SearchAction","target":{"@type":"EntryPoint","urlTemplate":"https:\/\/www.krapf-lex.de\/fr\/?s={search_term_string}"},"query-input":{"@type":"PropertyValueSpecification","valueRequired":true,"valueName":"search_term_string"}}],"inLanguage":"fr-FR"}]}},"_links":{"self":[{"href":"https:\/\/www.krapf-lex.de\/fr\/wp-json\/wp\/v2\/pages\/935","targetHints":{"allow":["GET"]}}],"collection":[{"href":"https:\/\/www.krapf-lex.de\/fr\/wp-json\/wp\/v2\/pages"}],"about":[{"href":"https:\/\/www.krapf-lex.de\/fr\/wp-json\/wp\/v2\/types\/page"}],"author":[{"embeddable":true,"href":"https:\/\/www.krapf-lex.de\/fr\/wp-json\/wp\/v2\/users\/3"}],"replies":[{"embeddable":true,"href":"https:\/\/www.krapf-lex.de\/fr\/wp-json\/wp\/v2\/comments?post=935"}],"version-history":[{"count":2,"href":"https:\/\/www.krapf-lex.de\/fr\/wp-json\/wp\/v2\/pages\/935\/revisions"}],"predecessor-version":[{"id":1255,"href":"https:\/\/www.krapf-lex.de\/fr\/wp-json\/wp\/v2\/pages\/935\/revisions\/1255"}],"wp:attachment":[{"href":"https:\/\/www.krapf-lex.de\/fr\/wp-json\/wp\/v2\/media?parent=935"}],"curies":[{"name":"wp","href":"https:\/\/api.w.org\/{rel}","templated":true}]}}