{"id":1020,"date":"2019-07-11T10:57:20","date_gmt":"2019-07-11T08:57:20","guid":{"rendered":"http:\/\/www.krapf-lex.de\/?page_id=1020"},"modified":"2023-01-24T09:06:21","modified_gmt":"2023-01-24T08:06:21","slug":"krapf-lex","status":"publish","type":"page","link":"https:\/\/www.krapf-lex.de\/pl\/firma\/krapf-lex\/","title":{"rendered":"Krapf &#038; Lex"},"content":{"rendered":"<div class=\"wpb-content-wrapper\"><p>[vc_row][vc_column width=&#8221;1\/2&#8243;][vc_column_text]Krapf &amp; Lex opracowuje i produkuje od ponad 50 lat skuteczne filtry, kratki wentylacyjne i systemy ochrony przed zmianami ci\u015bnienia dla uk\u0142ad\u00f3w zasilania \u015bwie\u017cym powietrzem i powietrza wylotowego w pojazdach kolejowych.[\/vc_column_text][vc_column_text]<\/p>\n<p style=\"text-align: justify;\">W celu zapobie\u017cenia przenikania py\u0142u, wody i \u015bniegu do wn\u0119trza pojazd\u00f3w, na bazie wieloletniego do\u015bwiadczenia\u00a0 wsp\u00f3\u0142pracy z klientami opracowano i wyprodukowano efektywne uk\u0142ady filtr\u00f3w dla powietrza \u015bwie\u017cego i wylotowego w uk\u0142adach HVAC, jak r\u00f3wnie\u017c r\u00f3\u017cne komponenty techniczne dla lokomotyw i wagon\u00f3w. Profesjonalny projekt i kompetentne wsparcie naszych in\u017cynier\u00f3w pocz\u0105wszy od pierwszej konsultacji, a\u017c do szybkiego przygotowania modeli 3D i pr\u00f3bek, u\u0142atwia naszym klientom w\u0142\u0105czanie naszych komponent\u00f3w w pojazdy szynowe.<\/p>\n<p>[\/vc_column_text][\/vc_column][vc_column width=&#8221;1\/2&#8243;][vc_column_text]<\/p>\n<p style=\"text-align: justify;\">Uk\u0142ady zabezpieczaj\u0105ce przed zmianami ci\u015bnienia stanowi\u0105 bardzo wa\u017cne zagadnienie w poci\u0105gach kolei szybkich. Krapf &amp; Lex konstruuje w oparciu o kilka przetestowanych modu\u0142\u00f3w niezawodne i tanie w eksploatacji rozwi\u0105zania, kt\u00f3re skutecznie zapobiegaj\u0105 wyst\u0119powaniu r\u00f3\u017cnic ci\u015bnienia wewn\u0105trz wagonu.<\/p>\n<p>[\/vc_column_text][\/vc_column][\/vc_row]<\/p>\n<\/div>","protected":false},"excerpt":{"rendered":"<p>[vc_row][vc_column width=&#8221;1\/2&#8243;][vc_column_text]Krapf &amp; Lex opracowuje i produkuje od ponad 50 lat skuteczne filtry, kratki wentylacyjne i systemy ochrony przed zmianami ci\u015bnienia dla uk\u0142ad\u00f3w zasilania \u015bwie\u017cym powietrzem i powietrza wylotowego w pojazdach kolejowych.[\/vc_column_text][vc_column_text] W celu zapobie\u017cenia przenikania py\u0142u, wody i \u015bniegu do wn\u0119trza pojazd\u00f3w, na bazie wieloletniego do\u015bwiadczenia\u00a0 wsp\u00f3\u0142pracy z klientami opracowano i wyprodukowano efektywne uk\u0142ady&hellip;<\/p>\n","protected":false},"author":3,"featured_media":0,"parent":1015,"menu_order":0,"comment_status":"closed","ping_status":"closed","template":"","meta":{"footnotes":""},"class_list":["post-1020","page","type-page","status-publish","hentry","description-off"],"yoast_head":"<!-- This site is optimized with the Yoast SEO plugin v26.9 - https:\/\/yoast.com\/product\/yoast-seo-wordpress\/ -->\n<title>Krapf &amp; Lex - Krapf &amp; Lex<\/title>\n<meta name=\"robots\" content=\"index, follow, max-snippet:-1, max-image-preview:large, max-video-preview:-1\" \/>\n<link rel=\"canonical\" href=\"https:\/\/www.krapf-lex.de\/pl\/firma\/krapf-lex\/\" \/>\n<meta property=\"og:locale\" content=\"pl_PL\" \/>\n<meta property=\"og:type\" content=\"article\" \/>\n<meta property=\"og:title\" content=\"Krapf &amp; Lex - Krapf &amp; Lex\" \/>\n<meta property=\"og:description\" content=\"[vc_row][vc_column width=&#8221;1\/2&#8243;][vc_column_text]Krapf &amp; Lex opracowuje i produkuje od ponad 50 lat skuteczne filtry, kratki wentylacyjne i systemy ochrony przed zmianami ci\u015bnienia dla uk\u0142ad\u00f3w zasilania \u015bwie\u017cym powietrzem i powietrza wylotowego w pojazdach kolejowych.[\/vc_column_text][vc_column_text] W celu zapobie\u017cenia przenikania py\u0142u, wody i \u015bniegu do wn\u0119trza pojazd\u00f3w, na bazie wieloletniego do\u015bwiadczenia\u00a0 wsp\u00f3\u0142pracy z klientami opracowano i wyprodukowano efektywne uk\u0142ady&hellip;\" \/>\n<meta property=\"og:url\" content=\"https:\/\/www.krapf-lex.de\/pl\/firma\/krapf-lex\/\" \/>\n<meta property=\"og:site_name\" content=\"Krapf &amp; Lex\" \/>\n<meta property=\"article:modified_time\" content=\"2023-01-24T08:06:21+00:00\" \/>\n<meta name=\"twitter:card\" content=\"summary_large_image\" \/>\n<meta name=\"twitter:label1\" content=\"Szacowany czas czytania\" \/>\n\t<meta name=\"twitter:data1\" content=\"2 minuty\" \/>\n<script type=\"application\/ld+json\" class=\"yoast-schema-graph\">{\"@context\":\"https:\/\/schema.org\",\"@graph\":[{\"@type\":\"WebPage\",\"@id\":\"https:\/\/www.krapf-lex.de\/pl\/firma\/krapf-lex\/\",\"url\":\"https:\/\/www.krapf-lex.de\/pl\/firma\/krapf-lex\/\",\"name\":\"Krapf & Lex - Krapf &amp; Lex\",\"isPartOf\":{\"@id\":\"https:\/\/www.krapf-lex.de\/pl\/#website\"},\"datePublished\":\"2019-07-11T08:57:20+00:00\",\"dateModified\":\"2023-01-24T08:06:21+00:00\",\"breadcrumb\":{\"@id\":\"https:\/\/www.krapf-lex.de\/pl\/firma\/krapf-lex\/#breadcrumb\"},\"inLanguage\":\"pl-PL\",\"potentialAction\":[{\"@type\":\"ReadAction\",\"target\":[\"https:\/\/www.krapf-lex.de\/pl\/firma\/krapf-lex\/\"]}]},{\"@type\":\"BreadcrumbList\",\"@id\":\"https:\/\/www.krapf-lex.de\/pl\/firma\/krapf-lex\/#breadcrumb\",\"itemListElement\":[{\"@type\":\"ListItem\",\"position\":1,\"name\":\"Startseite\",\"item\":\"https:\/\/www.krapf-lex.de\/pl\/\"},{\"@type\":\"ListItem\",\"position\":2,\"name\":\"Firma\",\"item\":\"https:\/\/www.krapf-lex.de\/pl\/firma\/\"},{\"@type\":\"ListItem\",\"position\":3,\"name\":\"Krapf &#038; Lex\"}]},{\"@type\":\"WebSite\",\"@id\":\"https:\/\/www.krapf-lex.de\/pl\/#website\",\"url\":\"https:\/\/www.krapf-lex.de\/pl\/\",\"name\":\"Krapf &amp; Lex\",\"description\":\"Weiden i. d. Oberpfalz\",\"potentialAction\":[{\"@type\":\"SearchAction\",\"target\":{\"@type\":\"EntryPoint\",\"urlTemplate\":\"https:\/\/www.krapf-lex.de\/pl\/?s={search_term_string}\"},\"query-input\":{\"@type\":\"PropertyValueSpecification\",\"valueRequired\":true,\"valueName\":\"search_term_string\"}}],\"inLanguage\":\"pl-PL\"}]}<\/script>\n<!-- \/ Yoast SEO plugin. -->","yoast_head_json":{"title":"Krapf & Lex - Krapf &amp; Lex","robots":{"index":"index","follow":"follow","max-snippet":"max-snippet:-1","max-image-preview":"max-image-preview:large","max-video-preview":"max-video-preview:-1"},"canonical":"https:\/\/www.krapf-lex.de\/pl\/firma\/krapf-lex\/","og_locale":"pl_PL","og_type":"article","og_title":"Krapf & Lex - Krapf &amp; Lex","og_description":"[vc_row][vc_column width=&#8221;1\/2&#8243;][vc_column_text]Krapf &amp; Lex opracowuje i produkuje od ponad 50 lat skuteczne filtry, kratki wentylacyjne i systemy ochrony przed zmianami ci\u015bnienia dla uk\u0142ad\u00f3w zasilania \u015bwie\u017cym powietrzem i powietrza wylotowego w pojazdach kolejowych.[\/vc_column_text][vc_column_text] W celu zapobie\u017cenia przenikania py\u0142u, wody i \u015bniegu do wn\u0119trza pojazd\u00f3w, na bazie wieloletniego do\u015bwiadczenia\u00a0 wsp\u00f3\u0142pracy z klientami opracowano i wyprodukowano efektywne uk\u0142ady&hellip;","og_url":"https:\/\/www.krapf-lex.de\/pl\/firma\/krapf-lex\/","og_site_name":"Krapf &amp; Lex","article_modified_time":"2023-01-24T08:06:21+00:00","twitter_card":"summary_large_image","twitter_misc":{"Szacowany czas czytania":"2 minuty"},"schema":{"@context":"https:\/\/schema.org","@graph":[{"@type":"WebPage","@id":"https:\/\/www.krapf-lex.de\/pl\/firma\/krapf-lex\/","url":"https:\/\/www.krapf-lex.de\/pl\/firma\/krapf-lex\/","name":"Krapf & Lex - Krapf &amp; Lex","isPartOf":{"@id":"https:\/\/www.krapf-lex.de\/pl\/#website"},"datePublished":"2019-07-11T08:57:20+00:00","dateModified":"2023-01-24T08:06:21+00:00","breadcrumb":{"@id":"https:\/\/www.krapf-lex.de\/pl\/firma\/krapf-lex\/#breadcrumb"},"inLanguage":"pl-PL","potentialAction":[{"@type":"ReadAction","target":["https:\/\/www.krapf-lex.de\/pl\/firma\/krapf-lex\/"]}]},{"@type":"BreadcrumbList","@id":"https:\/\/www.krapf-lex.de\/pl\/firma\/krapf-lex\/#breadcrumb","itemListElement":[{"@type":"ListItem","position":1,"name":"Startseite","item":"https:\/\/www.krapf-lex.de\/pl\/"},{"@type":"ListItem","position":2,"name":"Firma","item":"https:\/\/www.krapf-lex.de\/pl\/firma\/"},{"@type":"ListItem","position":3,"name":"Krapf &#038; Lex"}]},{"@type":"WebSite","@id":"https:\/\/www.krapf-lex.de\/pl\/#website","url":"https:\/\/www.krapf-lex.de\/pl\/","name":"Krapf &amp; Lex","description":"Weiden i. d. Oberpfalz","potentialAction":[{"@type":"SearchAction","target":{"@type":"EntryPoint","urlTemplate":"https:\/\/www.krapf-lex.de\/pl\/?s={search_term_string}"},"query-input":{"@type":"PropertyValueSpecification","valueRequired":true,"valueName":"search_term_string"}}],"inLanguage":"pl-PL"}]}},"_links":{"self":[{"href":"https:\/\/www.krapf-lex.de\/pl\/wp-json\/wp\/v2\/pages\/1020","targetHints":{"allow":["GET"]}}],"collection":[{"href":"https:\/\/www.krapf-lex.de\/pl\/wp-json\/wp\/v2\/pages"}],"about":[{"href":"https:\/\/www.krapf-lex.de\/pl\/wp-json\/wp\/v2\/types\/page"}],"author":[{"embeddable":true,"href":"https:\/\/www.krapf-lex.de\/pl\/wp-json\/wp\/v2\/users\/3"}],"replies":[{"embeddable":true,"href":"https:\/\/www.krapf-lex.de\/pl\/wp-json\/wp\/v2\/comments?post=1020"}],"version-history":[{"count":2,"href":"https:\/\/www.krapf-lex.de\/pl\/wp-json\/wp\/v2\/pages\/1020\/revisions"}],"predecessor-version":[{"id":1938,"href":"https:\/\/www.krapf-lex.de\/pl\/wp-json\/wp\/v2\/pages\/1020\/revisions\/1938"}],"up":[{"embeddable":true,"href":"https:\/\/www.krapf-lex.de\/pl\/wp-json\/wp\/v2\/pages\/1015"}],"wp:attachment":[{"href":"https:\/\/www.krapf-lex.de\/pl\/wp-json\/wp\/v2\/media?parent=1020"}],"curies":[{"name":"wp","href":"https:\/\/api.w.org\/{rel}","templated":true}]}}