{"id":1028,"date":"2019-07-11T11:06:01","date_gmt":"2019-07-11T09:06:01","guid":{"rendered":"http:\/\/www.krapf-lex.de\/?page_id=1028"},"modified":"2019-07-11T11:10:05","modified_gmt":"2019-07-11T09:10:05","slug":"ochrona-przed-woda","status":"publish","type":"page","link":"https:\/\/www.krapf-lex.de\/pl\/filtry-powietrza\/ochrona-przed-woda\/","title":{"rendered":"Ochrona przed wod\u0105"},"content":{"rendered":"<div class=\"wpb-content-wrapper\"><p>[vc_row][vc_column][vc_column_text]<\/p>\n<h2>Nasze filtry zabezpieczaj\u0105 przed wod\u0105<\/h2>\n<p>[\/vc_column_text][\/vc_column][\/vc_row][vc_row][vc_column width=&#8221;1\/2&#8243;][vc_column_text]Ka\u017cda kratka wentylacyjna (kratka zabezpieczaj\u0105ca przed warunkami atmosferycznymi) pochodz\u0105ca z firmy Kraft &amp; Lex jest dostosowana do indywidualnych wymaga\u0144 klienta. Jednocze\u015bnie zapewniamy wsparcie dla klient\u00f3w od pocz\u0105tku przedsi\u0119wzi\u0119cia, poprzez zaprojektowanie i budow\u0119 optymalnego rozwi\u0105zania. Szeroki zar\u00f3wno wiele mo\u017cliwo\u015bci dostosowywania g\u0142\u0119boko\u015bci instalacji jak r\u00f3wnie\u017c dostosowanie do wymaganej maksymalnej straty ci\u015bnienia.[\/vc_column_text][\/vc_column][vc_column width=&#8221;1\/2&#8243;]<style type=\"text\/css\" data-type=\"the7_shortcodes-inline-css\">.photos-carousel-shortcode-id-f755547e63c7d68765ed04ac6afb0de3.owl-carousel .owl-nav div {\n  width: 36px;\n  height: 36px;\n  border-radius: 500px;\n}\n.photos-carousel-shortcode-id-f755547e63c7d68765ed04ac6afb0de3.owl-carousel .owl-nav div:before,\n.photos-carousel-shortcode-id-f755547e63c7d68765ed04ac6afb0de3.owl-carousel .owl-nav div:after {\n  border-width: 0px;\n}\n.photos-carousel-shortcode-id-f755547e63c7d68765ed04ac6afb0de3.owl-carousel .owl-nav div.owl-prev {\n  top: 50%;\n  transform: translateY(calc(-50% + 0px));\n  left: -43px;\n}\n@media all and (-ms-high-contrast: none) {\n  .photos-carousel-shortcode-id-f755547e63c7d68765ed04ac6afb0de3.owl-carousel .owl-nav div.owl-prev {\n    transform: translateY(-50%);\n    margin-top: 0px;\n  }\n}\n.photos-carousel-shortcode-id-f755547e63c7d68765ed04ac6afb0de3.owl-carousel .owl-nav div.owl-prev i {\n  padding: 0px 0px 0px 0px;\n}\n.photos-carousel-shortcode-id-f755547e63c7d68765ed04ac6afb0de3.owl-carousel .owl-nav div.owl-next {\n  top: 50%;\n  transform: translateY(calc(-50% + 0px));\n  right: -43px;\n}\n@media all and (-ms-high-contrast: none) {\n  .photos-carousel-shortcode-id-f755547e63c7d68765ed04ac6afb0de3.owl-carousel .owl-nav div.owl-next {\n    transform: translateY(-50%);\n    margin-top: 0px;\n  }\n}\n.photos-carousel-shortcode-id-f755547e63c7d68765ed04ac6afb0de3.owl-carousel .owl-nav div.owl-next i {\n  padding: 0px 0px 0px 0px;\n}\n.photos-carousel-shortcode-id-f755547e63c7d68765ed04ac6afb0de3.owl-carousel .owl-nav i {\n  font-size: 18px;\n}\n.photos-carousel-shortcode-id-f755547e63c7d68765ed04ac6afb0de3.owl-carousel .owl-nav div:not(:hover) i,\n.photos-carousel-shortcode-id-f755547e63c7d68765ed04ac6afb0de3.owl-carousel .owl-nav div:not(:hover) i:before {\n  color: #ffffff;\n  background: none;\n}\n.photos-carousel-shortcode-id-f755547e63c7d68765ed04ac6afb0de3.owl-carousel .owl-nav div:hover i,\n.photos-carousel-shortcode-id-f755547e63c7d68765ed04ac6afb0de3.owl-carousel .owl-nav div:hover i:before {\n  color: rgba(255,255,255,0.75);\n  background: none;\n}\n.photos-carousel-shortcode-id-f755547e63c7d68765ed04ac6afb0de3 .owl-dots {\n  top: calc(100% + 20px);\n  left: 50%;\n  transform: translateX(calc(-50% + 0px));\n}\n@media all and (-ms-high-contrast: none) {\n  .photos-carousel-shortcode-id-f755547e63c7d68765ed04ac6afb0de3 .owl-dots {\n    transform: translateX(-50%);\n    margin-left: 0px;\n  }\n}\n.photos-carousel-shortcode-id-f755547e63c7d68765ed04ac6afb0de3 .owl-dot {\n  width: 10px;\n  height: 10px;\n  margin: 0 8px;\n}\n@media screen and (max-width: 778px) {\n  .photos-carousel-shortcode-id-f755547e63c7d68765ed04ac6afb0de3.hide-arrows.owl-carousel .owl-nav a {\n    display: none;\n  }\n}\n@media screen and (max-width: 778px) {\n  .photos-carousel-shortcode-id-f755547e63c7d68765ed04ac6afb0de3.reposition-arrows.owl-carousel .owl-nav .owl-prev {\n    top: 50%;\n    transform: translateY(calc(-50% + 0px));\n    left: 10px;\n  }\n  .photos-carousel-shortcode-id-f755547e63c7d68765ed04ac6afb0de3.reposition-arrows.owl-carousel .owl-nav .owl-next {\n    top: 50%;\n    transform: translateY(calc(-50% + 0px));\n    right: 10px;\n  }\n}\n@media screen and (max-width: 778px) and all and (-ms-high-contrast: none) {\n  .photos-carousel-shortcode-id-f755547e63c7d68765ed04ac6afb0de3.reposition-arrows.owl-carousel .owl-nav .owl-prev {\n    transform: translateY(-50%);\n    margin-top: 0px;\n  }\n}\n@media screen and (max-width: 778px) and all and (-ms-high-contrast: none) {\n  .photos-carousel-shortcode-id-f755547e63c7d68765ed04ac6afb0de3.reposition-arrows.owl-carousel .owl-nav .owl-next {\n    transform: translateY(-50%);\n    margin-top: 0px;\n  }\n}\n.photos-carousel-shortcode-id-f755547e63c7d68765ed04ac6afb0de3 figure,\n.photos-carousel-shortcode-id-f755547e63c7d68765ed04ac6afb0de3 .rollover,\n.photos-carousel-shortcode-id-f755547e63c7d68765ed04ac6afb0de3 img,\n.photos-carousel-shortcode-id-f755547e63c7d68765ed04ac6afb0de3 .gallery-rollover {\n  border-radius: 0px;\n}\n.photos-carousel-shortcode-id-f755547e63c7d68765ed04ac6afb0de3.enable-bg-rollover .gallery-rollover {\n  background: -webkit-linear-gradient();\n  background: linear-gradient();\n}\n.photos-carousel-shortcode-id-f755547e63c7d68765ed04ac6afb0de3.enable-bg-rollover.hover-scale .rollover:after {\n  background: -webkit-linear-gradient();\n  background: linear-gradient();\n}\n.photos-carousel-shortcode-id-f755547e63c7d68765ed04ac6afb0de3.enable-img-shadow .owl-stage-outer {\n  padding: 14px 0;\n}\n.photos-carousel-shortcode-id-f755547e63c7d68765ed04ac6afb0de3.gallery-shortcode .gallery-zoom-ico {\n  width: 44px;\n  height: 44px;\n  line-height: 44px;\n  border-radius: 100px;\n  margin: -22px 0 0 -22px;\n  border-width: 0px;\n}\n.dt-icon-bg-on.photos-carousel-shortcode-id-f755547e63c7d68765ed04ac6afb0de3.gallery-shortcode .gallery-zoom-ico {\n  background: rgba(255,255,255,0.3);\n  -webkit-box-shadow: none;\n  box-shadow: none;\n}\n.photos-carousel-shortcode-id-f755547e63c7d68765ed04ac6afb0de3.gallery-shortcode .gallery-zoom-ico:before,\n.photos-carousel-shortcode-id-f755547e63c7d68765ed04ac6afb0de3.gallery-shortcode .gallery-zoom-ico span {\n  font-size: 32px;\n  line-height: 44px;\n  color: #ffffff;\n  background: none;\n}<\/style><div class=\"owl-carousel gallery-carousel-shortcode gallery-shortcode dt-gallery-container album-gallery-shortcode dt-owl-carousel-call photos-carousel-shortcode-id-f755547e63c7d68765ed04ac6afb0de3 quick-scale-img enable-bg-rollover meta-info-off bullets-small-dot-stroke reposition-arrows dt-icon-bg-off arrows-bg-on dt-arrow-border-on dt-arrow-hover-border-on disable-arrows-hover-bg arrows-hover-bg-on  hover-fade \" data-scroll-mode=\"1\" data-col-num=\"4\" data-wide-col-num=\"4\" data-laptop-col=\"4\" data-h-tablet-columns-num=\"4\" data-v-tablet-columns-num=\"3\" data-phone-columns-num=\"1\" data-col-gap=\"10\" data-stage-padding=\"0\" data-speed=\"600\" data-autoplay=\"false\" data-autoplay_speed=\"6000\" data-arrows=\"true\" data-bullet=\"false\" data-next-icon=\"icon-ar-017-r\" data-prev-icon=\"icon-ar-017-l\" data-img-shadow-size=\"12px\" data-img-shadow-spread=\"3px\"><article class=\"post visible post-534 attachment type-attachment status-inherit hentry\"><a href=\"https:\/\/www.krapf-lex.de\/wp-content\/uploads\/2019\/06\/Bildschirmfoto-2019-06-05-um-09.58.24.png\" class=\"rollover-click-target rollover dt-pswp-item layzr-bg\"  data-dt-img-description=\"\"  data-large_image_width=\"801\" data-large_image_height = \"601\" ><img fetchpriority=\"high\" decoding=\"async\" class=\"preload-me owl-lazy-load aspect\" src=\"data:image\/svg+xml,%3Csvg%20xmlns%3D&#39;http%3A%2F%2Fwww.w3.org%2F2000%2Fsvg&#39;%20viewBox%3D&#39;0%200%20601%20601&#39;%2F%3E\" data-src=\"https:\/\/www.krapf-lex.de\/wp-content\/uploads\/2019\/06\/Bildschirmfoto-2019-06-05-um-09.58.24-601x601.png\" data-srcset=\"https:\/\/www.krapf-lex.de\/wp-content\/uploads\/2019\/06\/Bildschirmfoto-2019-06-05-um-09.58.24-601x601.png 601w\" loading=\"eager\" style=\"--ratio: 601 \/ 601\" sizes=\"(max-width: 601px) 100vw, 601px\" alt=\"\" width=\"601\" height=\"601\"  \/><span class=\"gallery-rollover\"><span class=\"gallery-zoom-ico icomoon-the7-font-the7-zoom-06\"><span><\/span><\/span><\/span><\/a><\/article><article class=\"post visible post-548 attachment type-attachment status-inherit hentry\"><a href=\"https:\/\/www.krapf-lex.de\/wp-content\/uploads\/2019\/06\/Bildschirmfoto-2019-06-05-um-10.07.41.png\" class=\"rollover-click-target rollover dt-pswp-item layzr-bg\"  data-dt-img-description=\"\"  data-large_image_width=\"634\" data-large_image_height = \"600\" ><img decoding=\"async\" class=\"preload-me owl-lazy-load aspect\" src=\"data:image\/svg+xml,%3Csvg%20xmlns%3D&#39;http%3A%2F%2Fwww.w3.org%2F2000%2Fsvg&#39;%20viewBox%3D&#39;0%200%20600%20600&#39;%2F%3E\" data-src=\"https:\/\/www.krapf-lex.de\/wp-content\/uploads\/2019\/06\/Bildschirmfoto-2019-06-05-um-10.07.41-600x600.png\" data-srcset=\"https:\/\/www.krapf-lex.de\/wp-content\/uploads\/2019\/06\/Bildschirmfoto-2019-06-05-um-10.07.41-600x600.png 600w\" loading=\"eager\" style=\"--ratio: 600 \/ 600\" sizes=\"(max-width: 600px) 100vw, 600px\" alt=\"\" width=\"600\" height=\"600\"  \/><span class=\"gallery-rollover\"><span class=\"gallery-zoom-ico icomoon-the7-font-the7-zoom-06\"><span><\/span><\/span><\/span><\/a><\/article><article class=\"post visible post-553 attachment type-attachment status-inherit hentry\"><a href=\"https:\/\/www.krapf-lex.de\/wp-content\/uploads\/2019\/06\/Bildschirmfoto-2019-06-05-um-10.07.53.png\" class=\"rollover-click-target rollover dt-pswp-item layzr-bg\"  data-dt-img-description=\"\"  data-large_image_width=\"437\" data-large_image_height = \"600\" ><img decoding=\"async\" class=\"preload-me owl-lazy-load aspect\" src=\"data:image\/svg+xml,%3Csvg%20xmlns%3D&#39;http%3A%2F%2Fwww.w3.org%2F2000%2Fsvg&#39;%20viewBox%3D&#39;0%200%20437%20437&#39;%2F%3E\" data-src=\"https:\/\/www.krapf-lex.de\/wp-content\/uploads\/2019\/06\/Bildschirmfoto-2019-06-05-um-10.07.53-437x437.png\" data-srcset=\"https:\/\/www.krapf-lex.de\/wp-content\/uploads\/2019\/06\/Bildschirmfoto-2019-06-05-um-10.07.53-437x437.png 437w\" loading=\"eager\" style=\"--ratio: 437 \/ 437\" sizes=\"(max-width: 437px) 100vw, 437px\" alt=\"\" width=\"437\" height=\"437\"  \/><span class=\"gallery-rollover\"><span class=\"gallery-zoom-ico icomoon-the7-font-the7-zoom-06\"><span><\/span><\/span><\/span><\/a><\/article><article class=\"post visible post-558 attachment type-attachment status-inherit hentry\"><a href=\"https:\/\/www.krapf-lex.de\/wp-content\/uploads\/2019\/06\/Bildschirmfoto-2019-06-05-um-10.08.02.png\" class=\"rollover-click-target rollover dt-pswp-item layzr-bg\"  data-dt-img-description=\"\"  data-large_image_width=\"798\" data-large_image_height = \"599\" ><img decoding=\"async\" class=\"preload-me owl-lazy-load aspect\" src=\"data:image\/svg+xml,%3Csvg%20xmlns%3D&#39;http%3A%2F%2Fwww.w3.org%2F2000%2Fsvg&#39;%20viewBox%3D&#39;0%200%20599%20599&#39;%2F%3E\" data-src=\"https:\/\/www.krapf-lex.de\/wp-content\/uploads\/2019\/06\/Bildschirmfoto-2019-06-05-um-10.08.02-599x599.png\" data-srcset=\"https:\/\/www.krapf-lex.de\/wp-content\/uploads\/2019\/06\/Bildschirmfoto-2019-06-05-um-10.08.02-599x599.png 599w\" loading=\"eager\" style=\"--ratio: 599 \/ 599\" sizes=\"(max-width: 599px) 100vw, 599px\" alt=\"\" width=\"599\" height=\"599\"  \/><span class=\"gallery-rollover\"><span class=\"gallery-zoom-ico icomoon-the7-font-the7-zoom-06\"><span><\/span><\/span><\/span><\/a><\/article><\/div>[\/vc_column][\/vc_row]<\/p>\n<\/div>","protected":false},"excerpt":{"rendered":"<p>[vc_row][vc_column][vc_column_text] Nasze filtry zabezpieczaj\u0105 przed wod\u0105 [\/vc_column_text][\/vc_column][\/vc_row][vc_row][vc_column width=&#8221;1\/2&#8243;][vc_column_text]Ka\u017cda kratka wentylacyjna (kratka zabezpieczaj\u0105ca przed warunkami atmosferycznymi) pochodz\u0105ca z firmy Kraft &amp; Lex jest dostosowana do indywidualnych wymaga\u0144 klienta. Jednocze\u015bnie zapewniamy wsparcie dla klient\u00f3w od pocz\u0105tku przedsi\u0119wzi\u0119cia, poprzez zaprojektowanie i budow\u0119 optymalnego rozwi\u0105zania. Szeroki zar\u00f3wno wiele mo\u017cliwo\u015bci dostosowywania g\u0142\u0119boko\u015bci instalacji jak r\u00f3wnie\u017c dostosowanie do wymaganej maksymalnej straty&hellip;<\/p>\n","protected":false},"author":3,"featured_media":0,"parent":1025,"menu_order":0,"comment_status":"closed","ping_status":"closed","template":"","meta":{"footnotes":""},"class_list":["post-1028","page","type-page","status-publish","hentry","description-off"],"yoast_head":"<!-- This site is optimized with the Yoast SEO plugin v26.9 - https:\/\/yoast.com\/product\/yoast-seo-wordpress\/ -->\n<title>Ochrona przed wod\u0105 - Krapf &amp; Lex<\/title>\n<meta name=\"robots\" content=\"index, follow, max-snippet:-1, max-image-preview:large, max-video-preview:-1\" \/>\n<link rel=\"canonical\" href=\"https:\/\/www.krapf-lex.de\/pl\/filtry-powietrza\/ochrona-przed-woda\/\" \/>\n<meta property=\"og:locale\" content=\"pl_PL\" \/>\n<meta property=\"og:type\" content=\"article\" \/>\n<meta property=\"og:title\" content=\"Ochrona przed wod\u0105 - Krapf &amp; Lex\" \/>\n<meta property=\"og:description\" content=\"[vc_row][vc_column][vc_column_text] Nasze filtry zabezpieczaj\u0105 przed wod\u0105 [\/vc_column_text][\/vc_column][\/vc_row][vc_row][vc_column width=&#8221;1\/2&#8243;][vc_column_text]Ka\u017cda kratka wentylacyjna (kratka zabezpieczaj\u0105ca przed warunkami atmosferycznymi) pochodz\u0105ca z firmy Kraft &amp; Lex jest dostosowana do indywidualnych wymaga\u0144 klienta. Jednocze\u015bnie zapewniamy wsparcie dla klient\u00f3w od pocz\u0105tku przedsi\u0119wzi\u0119cia, poprzez zaprojektowanie i budow\u0119 optymalnego rozwi\u0105zania. Szeroki zar\u00f3wno wiele mo\u017cliwo\u015bci dostosowywania g\u0142\u0119boko\u015bci instalacji jak r\u00f3wnie\u017c dostosowanie do wymaganej maksymalnej straty&hellip;\" \/>\n<meta property=\"og:url\" content=\"https:\/\/www.krapf-lex.de\/pl\/filtry-powietrza\/ochrona-przed-woda\/\" \/>\n<meta property=\"og:site_name\" content=\"Krapf &amp; Lex\" \/>\n<meta property=\"article:modified_time\" content=\"2019-07-11T09:10:05+00:00\" \/>\n<meta name=\"twitter:card\" content=\"summary_large_image\" \/>\n<meta name=\"twitter:label1\" content=\"Szacowany czas czytania\" \/>\n\t<meta name=\"twitter:data1\" content=\"1 minuta\" \/>\n<script type=\"application\/ld+json\" class=\"yoast-schema-graph\">{\"@context\":\"https:\/\/schema.org\",\"@graph\":[{\"@type\":\"WebPage\",\"@id\":\"https:\/\/www.krapf-lex.de\/pl\/filtry-powietrza\/ochrona-przed-woda\/\",\"url\":\"https:\/\/www.krapf-lex.de\/pl\/filtry-powietrza\/ochrona-przed-woda\/\",\"name\":\"Ochrona przed wod\u0105 - Krapf &amp; Lex\",\"isPartOf\":{\"@id\":\"https:\/\/www.krapf-lex.de\/pl\/#website\"},\"datePublished\":\"2019-07-11T09:06:01+00:00\",\"dateModified\":\"2019-07-11T09:10:05+00:00\",\"breadcrumb\":{\"@id\":\"https:\/\/www.krapf-lex.de\/pl\/filtry-powietrza\/ochrona-przed-woda\/#breadcrumb\"},\"inLanguage\":\"pl-PL\",\"potentialAction\":[{\"@type\":\"ReadAction\",\"target\":[\"https:\/\/www.krapf-lex.de\/pl\/filtry-powietrza\/ochrona-przed-woda\/\"]}]},{\"@type\":\"BreadcrumbList\",\"@id\":\"https:\/\/www.krapf-lex.de\/pl\/filtry-powietrza\/ochrona-przed-woda\/#breadcrumb\",\"itemListElement\":[{\"@type\":\"ListItem\",\"position\":1,\"name\":\"Startseite\",\"item\":\"https:\/\/www.krapf-lex.de\/pl\/\"},{\"@type\":\"ListItem\",\"position\":2,\"name\":\"Filtry Powietrza\",\"item\":\"https:\/\/www.krapf-lex.de\/pl\/filtry-powietrza\/\"},{\"@type\":\"ListItem\",\"position\":3,\"name\":\"Ochrona przed wod\u0105\"}]},{\"@type\":\"WebSite\",\"@id\":\"https:\/\/www.krapf-lex.de\/pl\/#website\",\"url\":\"https:\/\/www.krapf-lex.de\/pl\/\",\"name\":\"Krapf &amp; Lex\",\"description\":\"Weiden i. d. Oberpfalz\",\"potentialAction\":[{\"@type\":\"SearchAction\",\"target\":{\"@type\":\"EntryPoint\",\"urlTemplate\":\"https:\/\/www.krapf-lex.de\/pl\/?s={search_term_string}\"},\"query-input\":{\"@type\":\"PropertyValueSpecification\",\"valueRequired\":true,\"valueName\":\"search_term_string\"}}],\"inLanguage\":\"pl-PL\"}]}<\/script>\n<!-- \/ Yoast SEO plugin. -->","yoast_head_json":{"title":"Ochrona przed wod\u0105 - Krapf &amp; Lex","robots":{"index":"index","follow":"follow","max-snippet":"max-snippet:-1","max-image-preview":"max-image-preview:large","max-video-preview":"max-video-preview:-1"},"canonical":"https:\/\/www.krapf-lex.de\/pl\/filtry-powietrza\/ochrona-przed-woda\/","og_locale":"pl_PL","og_type":"article","og_title":"Ochrona przed wod\u0105 - Krapf &amp; Lex","og_description":"[vc_row][vc_column][vc_column_text] Nasze filtry zabezpieczaj\u0105 przed wod\u0105 [\/vc_column_text][\/vc_column][\/vc_row][vc_row][vc_column width=&#8221;1\/2&#8243;][vc_column_text]Ka\u017cda kratka wentylacyjna (kratka zabezpieczaj\u0105ca przed warunkami atmosferycznymi) pochodz\u0105ca z firmy Kraft &amp; Lex jest dostosowana do indywidualnych wymaga\u0144 klienta. Jednocze\u015bnie zapewniamy wsparcie dla klient\u00f3w od pocz\u0105tku przedsi\u0119wzi\u0119cia, poprzez zaprojektowanie i budow\u0119 optymalnego rozwi\u0105zania. Szeroki zar\u00f3wno wiele mo\u017cliwo\u015bci dostosowywania g\u0142\u0119boko\u015bci instalacji jak r\u00f3wnie\u017c dostosowanie do wymaganej maksymalnej straty&hellip;","og_url":"https:\/\/www.krapf-lex.de\/pl\/filtry-powietrza\/ochrona-przed-woda\/","og_site_name":"Krapf &amp; Lex","article_modified_time":"2019-07-11T09:10:05+00:00","twitter_card":"summary_large_image","twitter_misc":{"Szacowany czas czytania":"1 minuta"},"schema":{"@context":"https:\/\/schema.org","@graph":[{"@type":"WebPage","@id":"https:\/\/www.krapf-lex.de\/pl\/filtry-powietrza\/ochrona-przed-woda\/","url":"https:\/\/www.krapf-lex.de\/pl\/filtry-powietrza\/ochrona-przed-woda\/","name":"Ochrona przed wod\u0105 - Krapf &amp; Lex","isPartOf":{"@id":"https:\/\/www.krapf-lex.de\/pl\/#website"},"datePublished":"2019-07-11T09:06:01+00:00","dateModified":"2019-07-11T09:10:05+00:00","breadcrumb":{"@id":"https:\/\/www.krapf-lex.de\/pl\/filtry-powietrza\/ochrona-przed-woda\/#breadcrumb"},"inLanguage":"pl-PL","potentialAction":[{"@type":"ReadAction","target":["https:\/\/www.krapf-lex.de\/pl\/filtry-powietrza\/ochrona-przed-woda\/"]}]},{"@type":"BreadcrumbList","@id":"https:\/\/www.krapf-lex.de\/pl\/filtry-powietrza\/ochrona-przed-woda\/#breadcrumb","itemListElement":[{"@type":"ListItem","position":1,"name":"Startseite","item":"https:\/\/www.krapf-lex.de\/pl\/"},{"@type":"ListItem","position":2,"name":"Filtry Powietrza","item":"https:\/\/www.krapf-lex.de\/pl\/filtry-powietrza\/"},{"@type":"ListItem","position":3,"name":"Ochrona przed wod\u0105"}]},{"@type":"WebSite","@id":"https:\/\/www.krapf-lex.de\/pl\/#website","url":"https:\/\/www.krapf-lex.de\/pl\/","name":"Krapf &amp; Lex","description":"Weiden i. d. Oberpfalz","potentialAction":[{"@type":"SearchAction","target":{"@type":"EntryPoint","urlTemplate":"https:\/\/www.krapf-lex.de\/pl\/?s={search_term_string}"},"query-input":{"@type":"PropertyValueSpecification","valueRequired":true,"valueName":"search_term_string"}}],"inLanguage":"pl-PL"}]}},"_links":{"self":[{"href":"https:\/\/www.krapf-lex.de\/pl\/wp-json\/wp\/v2\/pages\/1028","targetHints":{"allow":["GET"]}}],"collection":[{"href":"https:\/\/www.krapf-lex.de\/pl\/wp-json\/wp\/v2\/pages"}],"about":[{"href":"https:\/\/www.krapf-lex.de\/pl\/wp-json\/wp\/v2\/types\/page"}],"author":[{"embeddable":true,"href":"https:\/\/www.krapf-lex.de\/pl\/wp-json\/wp\/v2\/users\/3"}],"replies":[{"embeddable":true,"href":"https:\/\/www.krapf-lex.de\/pl\/wp-json\/wp\/v2\/comments?post=1028"}],"version-history":[{"count":2,"href":"https:\/\/www.krapf-lex.de\/pl\/wp-json\/wp\/v2\/pages\/1028\/revisions"}],"predecessor-version":[{"id":1039,"href":"https:\/\/www.krapf-lex.de\/pl\/wp-json\/wp\/v2\/pages\/1028\/revisions\/1039"}],"up":[{"embeddable":true,"href":"https:\/\/www.krapf-lex.de\/pl\/wp-json\/wp\/v2\/pages\/1025"}],"wp:attachment":[{"href":"https:\/\/www.krapf-lex.de\/pl\/wp-json\/wp\/v2\/media?parent=1028"}],"curies":[{"name":"wp","href":"https:\/\/api.w.org\/{rel}","templated":true}]}}