{"id":1031,"date":"2019-07-11T11:09:41","date_gmt":"2019-07-11T09:09:41","guid":{"rendered":"http:\/\/www.krapf-lex.de\/?page_id=1031"},"modified":"2019-07-11T11:09:41","modified_gmt":"2019-07-11T09:09:41","slug":"ochrona-przed-pylem","status":"publish","type":"page","link":"https:\/\/www.krapf-lex.de\/pl\/filtry-powietrza\/ochrona-przed-pylem\/","title":{"rendered":"Ochrona przed py\u0142em"},"content":{"rendered":"<div class=\"wpb-content-wrapper\"><p>[vc_row][vc_column][vc_column_text]<\/p>\n<h2>Nasze filtry zabezpieczaj\u0105 przed py\u0142em<\/h2>\n<p>[\/vc_column_text][\/vc_column][\/vc_row][vc_row][vc_column width=&#8221;1\/2&#8243;][vc_column_text]W regionach bardzo suchych, a szczeg\u00f3lnie pustynnych, du\u017ce ilo\u015bci drobnoziarnistego piasku wymuszaj\u0105 kr\u00f3tkie okresy mi\u0119dzykonserwacyjne komponent\u00f3w znajduj\u0105cych si\u0119 za kratkami wentylacyjnymi, a tak\u017ce powoduj\u0105 gwa\u0142towne awarie wskutek zanieczyszczenia. Jest to przyczyna konieczno\u015bci cz\u0119stej wymiany filtra lub regularnej potrzeby czyszczenia zabezpieczanych komponent\u00f3w w celu zapewnienia bezawaryjnej pracy. Zastosowanie samooczyszczaj\u0105cego si\u0119 wst\u0119pnego filtra piasku z wentylatorem odprowadzania piasku umo\u017cliwia wyd\u0142u\u017cenie okres\u00f3w mi\u0119dzykonserwacyjnych oraz zwi\u0119ksza trwa\u0142o\u015b\u0107 pozosta\u0142ych komponent\u00f3w (filtra, wentylatora, element\u00f3w steruj\u0105cych) w uk\u0142adzie wentylacji. Z tego wzgl\u0119du firma Krapf &amp; Lex oferuje dwie mo\u017cliwo\u015bci:[\/vc_column_text][vc_column_text]<b>Multicyklon Krapf &amp; Lex<\/b><\/p>\n<p>Dzi\u0119ki zastosowaniu filtracji wst\u0119pnej z multicyklonem uzyskano 20-30-krotnie wy\u017csz\u0105 trwa\u0142o\u015b\u0107 filtr\u00f3w ko\u0144cowych. Multicyklony firmy Krapf &amp; Lex maj\u0105 wszystkie niezb\u0119dne certyfikaty do zastosowania w pojazdach kolejowych, takie jak zgodno\u015b\u0107 budowy i produkcji z norm\u0105 DIN EN 15085 lub bada\u0144 odporno\u015bci na wibracje i wstrz\u0105sy wed\u0142ug normy DIN EN 61373. Filtr multicyklonowy firmy Krapf &amp; Lex jest wykorzystywany na pustyniach Arabii Saudyjskiej pomi\u0119dzy Dammanem i Riadem. \u015awie\u017ce powietrze dla personelu poci\u0105gu i pasa\u017cer\u00f3w, niemal ca\u0142kowicie wolne od\u00a0 piasku i py\u0142u, zanim zostanie skierowane do uk\u0142ad\u00f3w HVAC,\u00a0 jest przygotowywane przez wst\u0119pn\u0105 filtracj\u0119 zaprojektowan\u0105 przez firm\u0119 Krapf &amp; Lex. Z tego powodu trwa\u0142o\u015b\u0107 filtra ko\u0144cowego zainstalowanego w uk\u0142adach HVAC znacz\u0105co zwi\u0119ksza si\u0119.[\/vc_column_text][\/vc_column][vc_column width=&#8221;1\/2&#8243;][vc_column_text]<b>Wst\u0119pny filtr piasku Krapf &amp; Lex<\/b><\/p>\n<p>W por\u00f3wnaniu do multicyklon\u00f3w, wydajno\u015b\u0107 absorbowania jest ni\u017csza, lecz wyst\u0119puje ni\u017csza strata ci\u015bnienia a tak\u017ce filtr ten wymaga mniejszej przestrzeni. Filtr wst\u0119pny piasku jest wykorzystywany w FLIRT Algieria. Tam powietrze wlotowe jest wst\u0119pnie filtrowane dla uk\u0142adu wentylacyjnego oraz uk\u0142adu ch\u0142odzenia\u00a0 generatora spr\u0119\u017conego powietrza poprzez wst\u0119pny filtr piasku.[\/vc_column_text]<style type=\"text\/css\" data-type=\"the7_shortcodes-inline-css\">.photos-carousel-shortcode-id-107fe89274616f20c31404f451f70425.owl-carousel .owl-nav div {\n  width: 36px;\n  height: 36px;\n  border-radius: 500px;\n}\n.photos-carousel-shortcode-id-107fe89274616f20c31404f451f70425.owl-carousel .owl-nav div:before,\n.photos-carousel-shortcode-id-107fe89274616f20c31404f451f70425.owl-carousel .owl-nav div:after {\n  border-width: 0px;\n}\n.photos-carousel-shortcode-id-107fe89274616f20c31404f451f70425.owl-carousel .owl-nav div.owl-prev {\n  top: 50%;\n  transform: translateY(calc(-50% + 0px));\n  left: -43px;\n}\n@media all and (-ms-high-contrast: none) {\n  .photos-carousel-shortcode-id-107fe89274616f20c31404f451f70425.owl-carousel .owl-nav div.owl-prev {\n    transform: translateY(-50%);\n    margin-top: 0px;\n  }\n}\n.photos-carousel-shortcode-id-107fe89274616f20c31404f451f70425.owl-carousel .owl-nav div.owl-prev i {\n  padding: 0px 0px 0px 0px;\n}\n.photos-carousel-shortcode-id-107fe89274616f20c31404f451f70425.owl-carousel .owl-nav div.owl-next {\n  top: 50%;\n  transform: translateY(calc(-50% + 0px));\n  right: -43px;\n}\n@media all and (-ms-high-contrast: none) {\n  .photos-carousel-shortcode-id-107fe89274616f20c31404f451f70425.owl-carousel .owl-nav div.owl-next {\n    transform: translateY(-50%);\n    margin-top: 0px;\n  }\n}\n.photos-carousel-shortcode-id-107fe89274616f20c31404f451f70425.owl-carousel .owl-nav div.owl-next i {\n  padding: 0px 0px 0px 0px;\n}\n.photos-carousel-shortcode-id-107fe89274616f20c31404f451f70425.owl-carousel .owl-nav i {\n  font-size: 18px;\n}\n.photos-carousel-shortcode-id-107fe89274616f20c31404f451f70425.owl-carousel .owl-nav div:not(:hover) i,\n.photos-carousel-shortcode-id-107fe89274616f20c31404f451f70425.owl-carousel .owl-nav div:not(:hover) i:before {\n  color: #ffffff;\n  background: none;\n}\n.photos-carousel-shortcode-id-107fe89274616f20c31404f451f70425.owl-carousel .owl-nav div:hover i,\n.photos-carousel-shortcode-id-107fe89274616f20c31404f451f70425.owl-carousel .owl-nav div:hover i:before {\n  color: rgba(255,255,255,0.75);\n  background: none;\n}\n.photos-carousel-shortcode-id-107fe89274616f20c31404f451f70425 .owl-dots {\n  top: calc(100% + 20px);\n  left: 50%;\n  transform: translateX(calc(-50% + 0px));\n}\n@media all and (-ms-high-contrast: none) {\n  .photos-carousel-shortcode-id-107fe89274616f20c31404f451f70425 .owl-dots {\n    transform: translateX(-50%);\n    margin-left: 0px;\n  }\n}\n.photos-carousel-shortcode-id-107fe89274616f20c31404f451f70425 .owl-dot {\n  width: 10px;\n  height: 10px;\n  margin: 0 8px;\n}\n@media screen and (max-width: 778px) {\n  .photos-carousel-shortcode-id-107fe89274616f20c31404f451f70425.hide-arrows.owl-carousel .owl-nav a {\n    display: none;\n  }\n}\n@media screen and (max-width: 778px) {\n  .photos-carousel-shortcode-id-107fe89274616f20c31404f451f70425.reposition-arrows.owl-carousel .owl-nav .owl-prev {\n    top: 50%;\n    transform: translateY(calc(-50% + 0px));\n    left: 10px;\n  }\n  .photos-carousel-shortcode-id-107fe89274616f20c31404f451f70425.reposition-arrows.owl-carousel .owl-nav .owl-next {\n    top: 50%;\n    transform: translateY(calc(-50% + 0px));\n    right: 10px;\n  }\n}\n@media screen and (max-width: 778px) and all and (-ms-high-contrast: none) {\n  .photos-carousel-shortcode-id-107fe89274616f20c31404f451f70425.reposition-arrows.owl-carousel .owl-nav .owl-prev {\n    transform: translateY(-50%);\n    margin-top: 0px;\n  }\n}\n@media screen and (max-width: 778px) and all and (-ms-high-contrast: none) {\n  .photos-carousel-shortcode-id-107fe89274616f20c31404f451f70425.reposition-arrows.owl-carousel .owl-nav .owl-next {\n    transform: translateY(-50%);\n    margin-top: 0px;\n  }\n}\n.photos-carousel-shortcode-id-107fe89274616f20c31404f451f70425 figure,\n.photos-carousel-shortcode-id-107fe89274616f20c31404f451f70425 .rollover,\n.photos-carousel-shortcode-id-107fe89274616f20c31404f451f70425 img,\n.photos-carousel-shortcode-id-107fe89274616f20c31404f451f70425 .gallery-rollover {\n  border-radius: 0px;\n}\n.photos-carousel-shortcode-id-107fe89274616f20c31404f451f70425.enable-bg-rollover .gallery-rollover {\n  background: -webkit-linear-gradient();\n  background: linear-gradient();\n}\n.photos-carousel-shortcode-id-107fe89274616f20c31404f451f70425.enable-bg-rollover.hover-scale .rollover:after {\n  background: -webkit-linear-gradient();\n  background: linear-gradient();\n}\n.photos-carousel-shortcode-id-107fe89274616f20c31404f451f70425.enable-img-shadow .owl-stage-outer {\n  padding: 14px 0;\n}\n.photos-carousel-shortcode-id-107fe89274616f20c31404f451f70425.gallery-shortcode .gallery-zoom-ico {\n  width: 44px;\n  height: 44px;\n  line-height: 44px;\n  border-radius: 100px;\n  margin: -22px 0 0 -22px;\n  border-width: 0px;\n}\n.dt-icon-bg-on.photos-carousel-shortcode-id-107fe89274616f20c31404f451f70425.gallery-shortcode .gallery-zoom-ico {\n  background: rgba(255,255,255,0.3);\n  -webkit-box-shadow: none;\n  box-shadow: none;\n}\n.photos-carousel-shortcode-id-107fe89274616f20c31404f451f70425.gallery-shortcode .gallery-zoom-ico:before,\n.photos-carousel-shortcode-id-107fe89274616f20c31404f451f70425.gallery-shortcode .gallery-zoom-ico span {\n  font-size: 32px;\n  line-height: 44px;\n  color: #ffffff;\n  background: none;\n}<\/style><div class=\"owl-carousel gallery-carousel-shortcode gallery-shortcode dt-gallery-container album-gallery-shortcode dt-owl-carousel-call photos-carousel-shortcode-id-107fe89274616f20c31404f451f70425 quick-scale-img enable-bg-rollover meta-info-off bullets-small-dot-stroke reposition-arrows dt-icon-bg-off arrows-bg-on dt-arrow-border-on dt-arrow-hover-border-on disable-arrows-hover-bg arrows-hover-bg-on  hover-fade \" data-scroll-mode=\"1\" data-col-num=\"2\" data-wide-col-num=\"2\" data-laptop-col=\"2\" data-h-tablet-columns-num=\"2\" data-v-tablet-columns-num=\"2\" data-phone-columns-num=\"1\" data-col-gap=\"10\" data-stage-padding=\"0\" data-speed=\"600\" data-autoplay=\"false\" data-autoplay_speed=\"6000\" data-arrows=\"true\" data-bullet=\"false\" data-next-icon=\"icon-ar-017-r\" data-prev-icon=\"icon-ar-017-l\" data-img-shadow-size=\"12px\" data-img-shadow-spread=\"3px\"><article class=\"post visible post-596 attachment type-attachment status-inherit hentry\"><a href=\"https:\/\/www.krapf-lex.de\/wp-content\/uploads\/2019\/07\/image.png\" class=\"rollover-click-target rollover dt-pswp-item layzr-bg\"  data-dt-img-description=\"\"  data-large_image_width=\"450\" data-large_image_height = \"225\" ><img fetchpriority=\"high\" decoding=\"async\" class=\"preload-me owl-lazy-load aspect\" src=\"data:image\/svg+xml,%3Csvg%20xmlns%3D&#39;http%3A%2F%2Fwww.w3.org%2F2000%2Fsvg&#39;%20viewBox%3D&#39;0%200%20225%20225&#39;%2F%3E\" data-src=\"https:\/\/www.krapf-lex.de\/wp-content\/uploads\/2019\/07\/image-225x225.png\" data-srcset=\"https:\/\/www.krapf-lex.de\/wp-content\/uploads\/2019\/07\/image-225x225.png 225w\" loading=\"eager\" style=\"--ratio: 225 \/ 225\" sizes=\"(max-width: 225px) 100vw, 225px\" alt=\"\" width=\"225\" height=\"225\"  \/><span class=\"gallery-rollover\"><span class=\"gallery-zoom-ico icomoon-the7-font-the7-zoom-06\"><span><\/span><\/span><\/span><\/a><\/article><article class=\"post visible post-601 attachment type-attachment status-inherit hentry\"><a href=\"https:\/\/www.krapf-lex.de\/wp-content\/uploads\/2019\/07\/image-1.png\" class=\"rollover-click-target rollover dt-pswp-item layzr-bg\" title=\"Bild: R. Br\u00fctting, www.trainpics.de\" data-dt-img-description=\"\"  data-large_image_width=\"495\" data-large_image_height = \"330\" ><img decoding=\"async\" class=\"preload-me owl-lazy-load aspect\" src=\"data:image\/svg+xml,%3Csvg%20xmlns%3D&#39;http%3A%2F%2Fwww.w3.org%2F2000%2Fsvg&#39;%20viewBox%3D&#39;0%200%20330%20330&#39;%2F%3E\" data-src=\"https:\/\/www.krapf-lex.de\/wp-content\/uploads\/2019\/07\/image-1-330x330.png\" data-srcset=\"https:\/\/www.krapf-lex.de\/wp-content\/uploads\/2019\/07\/image-1-330x330.png 330w\" loading=\"eager\" style=\"--ratio: 330 \/ 330\" sizes=\"(max-width: 330px) 100vw, 330px\" alt=\"\" width=\"330\" height=\"330\"  \/><span class=\"gallery-rollover\"><span class=\"gallery-zoom-ico icomoon-the7-font-the7-zoom-06\"><span><\/span><\/span><\/span><\/a><\/article><\/div>[\/vc_column][\/vc_row]<\/p>\n<\/div>","protected":false},"excerpt":{"rendered":"<p>[vc_row][vc_column][vc_column_text] Nasze filtry zabezpieczaj\u0105 przed py\u0142em [\/vc_column_text][\/vc_column][\/vc_row][vc_row][vc_column width=&#8221;1\/2&#8243;][vc_column_text]W regionach bardzo suchych, a szczeg\u00f3lnie pustynnych, du\u017ce ilo\u015bci drobnoziarnistego piasku wymuszaj\u0105 kr\u00f3tkie okresy mi\u0119dzykonserwacyjne komponent\u00f3w znajduj\u0105cych si\u0119 za kratkami wentylacyjnymi, a tak\u017ce powoduj\u0105 gwa\u0142towne awarie wskutek zanieczyszczenia. Jest to przyczyna konieczno\u015bci cz\u0119stej wymiany filtra lub regularnej potrzeby czyszczenia zabezpieczanych komponent\u00f3w w celu zapewnienia bezawaryjnej pracy. Zastosowanie samooczyszczaj\u0105cego&hellip;<\/p>\n","protected":false},"author":3,"featured_media":0,"parent":1025,"menu_order":0,"comment_status":"closed","ping_status":"closed","template":"","meta":{"footnotes":""},"class_list":["post-1031","page","type-page","status-publish","hentry","description-off"],"yoast_head":"<!-- This site is optimized with the Yoast SEO plugin v26.9 - https:\/\/yoast.com\/product\/yoast-seo-wordpress\/ -->\n<title>Ochrona przed py\u0142em - Krapf &amp; Lex<\/title>\n<meta name=\"robots\" content=\"index, follow, max-snippet:-1, max-image-preview:large, max-video-preview:-1\" \/>\n<link rel=\"canonical\" href=\"https:\/\/www.krapf-lex.de\/pl\/filtry-powietrza\/ochrona-przed-pylem\/\" \/>\n<meta property=\"og:locale\" content=\"pl_PL\" \/>\n<meta property=\"og:type\" content=\"article\" \/>\n<meta property=\"og:title\" content=\"Ochrona przed py\u0142em - Krapf &amp; Lex\" \/>\n<meta property=\"og:description\" content=\"[vc_row][vc_column][vc_column_text] Nasze filtry zabezpieczaj\u0105 przed py\u0142em [\/vc_column_text][\/vc_column][\/vc_row][vc_row][vc_column width=&#8221;1\/2&#8243;][vc_column_text]W regionach bardzo suchych, a szczeg\u00f3lnie pustynnych, du\u017ce ilo\u015bci drobnoziarnistego piasku wymuszaj\u0105 kr\u00f3tkie okresy mi\u0119dzykonserwacyjne komponent\u00f3w znajduj\u0105cych si\u0119 za kratkami wentylacyjnymi, a tak\u017ce powoduj\u0105 gwa\u0142towne awarie wskutek zanieczyszczenia. Jest to przyczyna konieczno\u015bci cz\u0119stej wymiany filtra lub regularnej potrzeby czyszczenia zabezpieczanych komponent\u00f3w w celu zapewnienia bezawaryjnej pracy. Zastosowanie samooczyszczaj\u0105cego&hellip;\" \/>\n<meta property=\"og:url\" content=\"https:\/\/www.krapf-lex.de\/pl\/filtry-powietrza\/ochrona-przed-pylem\/\" \/>\n<meta property=\"og:site_name\" content=\"Krapf &amp; Lex\" \/>\n<meta name=\"twitter:card\" content=\"summary_large_image\" \/>\n<meta name=\"twitter:label1\" content=\"Szacowany czas czytania\" \/>\n\t<meta name=\"twitter:data1\" content=\"2 minuty\" \/>\n<script type=\"application\/ld+json\" class=\"yoast-schema-graph\">{\"@context\":\"https:\/\/schema.org\",\"@graph\":[{\"@type\":\"WebPage\",\"@id\":\"https:\/\/www.krapf-lex.de\/pl\/filtry-powietrza\/ochrona-przed-pylem\/\",\"url\":\"https:\/\/www.krapf-lex.de\/pl\/filtry-powietrza\/ochrona-przed-pylem\/\",\"name\":\"Ochrona przed py\u0142em - Krapf &amp; Lex\",\"isPartOf\":{\"@id\":\"https:\/\/www.krapf-lex.de\/pl\/#website\"},\"datePublished\":\"2019-07-11T09:09:41+00:00\",\"breadcrumb\":{\"@id\":\"https:\/\/www.krapf-lex.de\/pl\/filtry-powietrza\/ochrona-przed-pylem\/#breadcrumb\"},\"inLanguage\":\"pl-PL\",\"potentialAction\":[{\"@type\":\"ReadAction\",\"target\":[\"https:\/\/www.krapf-lex.de\/pl\/filtry-powietrza\/ochrona-przed-pylem\/\"]}]},{\"@type\":\"BreadcrumbList\",\"@id\":\"https:\/\/www.krapf-lex.de\/pl\/filtry-powietrza\/ochrona-przed-pylem\/#breadcrumb\",\"itemListElement\":[{\"@type\":\"ListItem\",\"position\":1,\"name\":\"Startseite\",\"item\":\"https:\/\/www.krapf-lex.de\/pl\/\"},{\"@type\":\"ListItem\",\"position\":2,\"name\":\"Filtry Powietrza\",\"item\":\"https:\/\/www.krapf-lex.de\/pl\/filtry-powietrza\/\"},{\"@type\":\"ListItem\",\"position\":3,\"name\":\"Ochrona przed py\u0142em\"}]},{\"@type\":\"WebSite\",\"@id\":\"https:\/\/www.krapf-lex.de\/pl\/#website\",\"url\":\"https:\/\/www.krapf-lex.de\/pl\/\",\"name\":\"Krapf &amp; Lex\",\"description\":\"Weiden i. d. Oberpfalz\",\"potentialAction\":[{\"@type\":\"SearchAction\",\"target\":{\"@type\":\"EntryPoint\",\"urlTemplate\":\"https:\/\/www.krapf-lex.de\/pl\/?s={search_term_string}\"},\"query-input\":{\"@type\":\"PropertyValueSpecification\",\"valueRequired\":true,\"valueName\":\"search_term_string\"}}],\"inLanguage\":\"pl-PL\"}]}<\/script>\n<!-- \/ Yoast SEO plugin. -->","yoast_head_json":{"title":"Ochrona przed py\u0142em - Krapf &amp; Lex","robots":{"index":"index","follow":"follow","max-snippet":"max-snippet:-1","max-image-preview":"max-image-preview:large","max-video-preview":"max-video-preview:-1"},"canonical":"https:\/\/www.krapf-lex.de\/pl\/filtry-powietrza\/ochrona-przed-pylem\/","og_locale":"pl_PL","og_type":"article","og_title":"Ochrona przed py\u0142em - Krapf &amp; Lex","og_description":"[vc_row][vc_column][vc_column_text] Nasze filtry zabezpieczaj\u0105 przed py\u0142em [\/vc_column_text][\/vc_column][\/vc_row][vc_row][vc_column width=&#8221;1\/2&#8243;][vc_column_text]W regionach bardzo suchych, a szczeg\u00f3lnie pustynnych, du\u017ce ilo\u015bci drobnoziarnistego piasku wymuszaj\u0105 kr\u00f3tkie okresy mi\u0119dzykonserwacyjne komponent\u00f3w znajduj\u0105cych si\u0119 za kratkami wentylacyjnymi, a tak\u017ce powoduj\u0105 gwa\u0142towne awarie wskutek zanieczyszczenia. Jest to przyczyna konieczno\u015bci cz\u0119stej wymiany filtra lub regularnej potrzeby czyszczenia zabezpieczanych komponent\u00f3w w celu zapewnienia bezawaryjnej pracy. Zastosowanie samooczyszczaj\u0105cego&hellip;","og_url":"https:\/\/www.krapf-lex.de\/pl\/filtry-powietrza\/ochrona-przed-pylem\/","og_site_name":"Krapf &amp; Lex","twitter_card":"summary_large_image","twitter_misc":{"Szacowany czas czytania":"2 minuty"},"schema":{"@context":"https:\/\/schema.org","@graph":[{"@type":"WebPage","@id":"https:\/\/www.krapf-lex.de\/pl\/filtry-powietrza\/ochrona-przed-pylem\/","url":"https:\/\/www.krapf-lex.de\/pl\/filtry-powietrza\/ochrona-przed-pylem\/","name":"Ochrona przed py\u0142em - Krapf &amp; Lex","isPartOf":{"@id":"https:\/\/www.krapf-lex.de\/pl\/#website"},"datePublished":"2019-07-11T09:09:41+00:00","breadcrumb":{"@id":"https:\/\/www.krapf-lex.de\/pl\/filtry-powietrza\/ochrona-przed-pylem\/#breadcrumb"},"inLanguage":"pl-PL","potentialAction":[{"@type":"ReadAction","target":["https:\/\/www.krapf-lex.de\/pl\/filtry-powietrza\/ochrona-przed-pylem\/"]}]},{"@type":"BreadcrumbList","@id":"https:\/\/www.krapf-lex.de\/pl\/filtry-powietrza\/ochrona-przed-pylem\/#breadcrumb","itemListElement":[{"@type":"ListItem","position":1,"name":"Startseite","item":"https:\/\/www.krapf-lex.de\/pl\/"},{"@type":"ListItem","position":2,"name":"Filtry Powietrza","item":"https:\/\/www.krapf-lex.de\/pl\/filtry-powietrza\/"},{"@type":"ListItem","position":3,"name":"Ochrona przed py\u0142em"}]},{"@type":"WebSite","@id":"https:\/\/www.krapf-lex.de\/pl\/#website","url":"https:\/\/www.krapf-lex.de\/pl\/","name":"Krapf &amp; Lex","description":"Weiden i. d. Oberpfalz","potentialAction":[{"@type":"SearchAction","target":{"@type":"EntryPoint","urlTemplate":"https:\/\/www.krapf-lex.de\/pl\/?s={search_term_string}"},"query-input":{"@type":"PropertyValueSpecification","valueRequired":true,"valueName":"search_term_string"}}],"inLanguage":"pl-PL"}]}},"_links":{"self":[{"href":"https:\/\/www.krapf-lex.de\/pl\/wp-json\/wp\/v2\/pages\/1031","targetHints":{"allow":["GET"]}}],"collection":[{"href":"https:\/\/www.krapf-lex.de\/pl\/wp-json\/wp\/v2\/pages"}],"about":[{"href":"https:\/\/www.krapf-lex.de\/pl\/wp-json\/wp\/v2\/types\/page"}],"author":[{"embeddable":true,"href":"https:\/\/www.krapf-lex.de\/pl\/wp-json\/wp\/v2\/users\/3"}],"replies":[{"embeddable":true,"href":"https:\/\/www.krapf-lex.de\/pl\/wp-json\/wp\/v2\/comments?post=1031"}],"version-history":[{"count":1,"href":"https:\/\/www.krapf-lex.de\/pl\/wp-json\/wp\/v2\/pages\/1031\/revisions"}],"predecessor-version":[{"id":1038,"href":"https:\/\/www.krapf-lex.de\/pl\/wp-json\/wp\/v2\/pages\/1031\/revisions\/1038"}],"up":[{"embeddable":true,"href":"https:\/\/www.krapf-lex.de\/pl\/wp-json\/wp\/v2\/pages\/1025"}],"wp:attachment":[{"href":"https:\/\/www.krapf-lex.de\/pl\/wp-json\/wp\/v2\/media?parent=1031"}],"curies":[{"name":"wp","href":"https:\/\/api.w.org\/{rel}","templated":true}]}}