{"id":1040,"date":"2019-07-11T11:11:45","date_gmt":"2019-07-11T09:11:45","guid":{"rendered":"http:\/\/www.krapf-lex.de\/?page_id=1040"},"modified":"2019-07-11T11:11:45","modified_gmt":"2019-07-11T09:11:45","slug":"ochrona-przed-sniegiem","status":"publish","type":"page","link":"https:\/\/www.krapf-lex.de\/pl\/filtry-powietrza\/ochrona-przed-sniegiem\/","title":{"rendered":"Ochrona przed \u015bniegiem"},"content":{"rendered":"<div class=\"wpb-content-wrapper\"><p>[vc_row][vc_column][vc_column_text]<\/p>\n<h2>Nasze filtry zabezpieczaj\u0105 przed \u015bniegiem<\/h2>\n<p>[\/vc_column_text][\/vc_column][\/vc_row][vc_row][vc_column width=&#8221;1\/2&#8243;][vc_column_text]W zimie na prze\u0142omie 2009\/2010 wyst\u0105pi\u0142y problemy techniczne w ruchu kolejowym. W ca\u0142ej Europie poci\u0105gi musia\u0142y zatrzymywa\u0107 si\u0119 w po\u0142owie trasy lub mog\u0142y kontynuowa\u0107 jazd\u0119 ze zmniejszon\u0105 moc\u0105, poniewa\u017c przenikaj\u0105cy \u015bnieg powodowa\u0142 wy\u0142\u0105czenie komponent\u00f3w elektronicznych. Najbardziej znanym przyk\u0142adem tego problemu jest Eurostar, kt\u00f3ry kilkukrotnie zatrzymywa\u0142 si\u0119 w kanale La Manche.[\/vc_column_text][vc_column_text]Filtracja \u015bniegu jest bardzo trudna, poniewa\u017c wyst\u0119puj\u0105 tysi\u0105ce bardzo r\u00f3\u017cnych kryszta\u0142\u00f3w \u015bniegu, kt\u00f3re mog\u0105 zmienia\u0107 si\u0119 w ci\u0105gu kilku sekund, przechodz\u0105c z jednego typu w inny, zale\u017cnie od warunk\u00f3w klimatycznych.<\/p>\n<p>Celem jest uniemo\u017cliwienie przenikania \u015bniegu do pojazdu kolejowego, przy jednoczesnym nieblokowaniu przewod\u00f3w \u015bwie\u017cego powietrza i powietrza wylotowego \u015bniegiem lub lodem. Poprzez wiele zrealizowanych projekt\u00f3w dla kraj\u00f3w skandynawskich, uzyskali\u015bmy wieloletnie do\u015bwiadczenie w tej bran\u017cy, a dodatkowo wsp\u00f3\u0142pracujemy z wiod\u0105cym europejskim instytutem badawczym zajmuj\u0105cym si\u0119 zjawiskiem opad\u00f3w \u015bniegu.[\/vc_column_text][vc_empty_space][\/vc_column][vc_column width=&#8221;1\/2&#8243;]<style type=\"text\/css\" data-type=\"the7_shortcodes-inline-css\">.photos-carousel-shortcode-id-ee154230366de0f18c6d39b06ae796f2.owl-carousel .owl-nav div {\n  width: 36px;\n  height: 36px;\n  border-radius: 500px;\n}\n.photos-carousel-shortcode-id-ee154230366de0f18c6d39b06ae796f2.owl-carousel .owl-nav div:before,\n.photos-carousel-shortcode-id-ee154230366de0f18c6d39b06ae796f2.owl-carousel .owl-nav div:after {\n  border-width: 0px;\n}\n.photos-carousel-shortcode-id-ee154230366de0f18c6d39b06ae796f2.owl-carousel .owl-nav div.owl-prev {\n  top: 50%;\n  transform: translateY(calc(-50% + 0px));\n  left: -43px;\n}\n@media all and (-ms-high-contrast: none) {\n  .photos-carousel-shortcode-id-ee154230366de0f18c6d39b06ae796f2.owl-carousel .owl-nav div.owl-prev {\n    transform: translateY(-50%);\n    margin-top: 0px;\n  }\n}\n.photos-carousel-shortcode-id-ee154230366de0f18c6d39b06ae796f2.owl-carousel .owl-nav div.owl-prev i {\n  padding: 0px 0px 0px 0px;\n}\n.photos-carousel-shortcode-id-ee154230366de0f18c6d39b06ae796f2.owl-carousel .owl-nav div.owl-next {\n  top: 50%;\n  transform: translateY(calc(-50% + 0px));\n  right: -43px;\n}\n@media all and (-ms-high-contrast: none) {\n  .photos-carousel-shortcode-id-ee154230366de0f18c6d39b06ae796f2.owl-carousel .owl-nav div.owl-next {\n    transform: translateY(-50%);\n    margin-top: 0px;\n  }\n}\n.photos-carousel-shortcode-id-ee154230366de0f18c6d39b06ae796f2.owl-carousel .owl-nav div.owl-next i {\n  padding: 0px 0px 0px 0px;\n}\n.photos-carousel-shortcode-id-ee154230366de0f18c6d39b06ae796f2.owl-carousel .owl-nav i {\n  font-size: 18px;\n}\n.photos-carousel-shortcode-id-ee154230366de0f18c6d39b06ae796f2.owl-carousel .owl-nav div:not(:hover) i,\n.photos-carousel-shortcode-id-ee154230366de0f18c6d39b06ae796f2.owl-carousel .owl-nav div:not(:hover) i:before {\n  color: #ffffff;\n  background: none;\n}\n.photos-carousel-shortcode-id-ee154230366de0f18c6d39b06ae796f2.owl-carousel .owl-nav div:hover i,\n.photos-carousel-shortcode-id-ee154230366de0f18c6d39b06ae796f2.owl-carousel .owl-nav div:hover i:before {\n  color: rgba(255,255,255,0.75);\n  background: none;\n}\n.photos-carousel-shortcode-id-ee154230366de0f18c6d39b06ae796f2 .owl-dots {\n  top: calc(100% + 20px);\n  left: 50%;\n  transform: translateX(calc(-50% + 0px));\n}\n@media all and (-ms-high-contrast: none) {\n  .photos-carousel-shortcode-id-ee154230366de0f18c6d39b06ae796f2 .owl-dots {\n    transform: translateX(-50%);\n    margin-left: 0px;\n  }\n}\n.photos-carousel-shortcode-id-ee154230366de0f18c6d39b06ae796f2 .owl-dot {\n  width: 10px;\n  height: 10px;\n  margin: 0 8px;\n}\n@media screen and (max-width: 778px) {\n  .photos-carousel-shortcode-id-ee154230366de0f18c6d39b06ae796f2.hide-arrows.owl-carousel .owl-nav a {\n    display: none;\n  }\n}\n@media screen and (max-width: 778px) {\n  .photos-carousel-shortcode-id-ee154230366de0f18c6d39b06ae796f2.reposition-arrows.owl-carousel .owl-nav .owl-prev {\n    top: 50%;\n    transform: translateY(calc(-50% + 0px));\n    left: 10px;\n  }\n  .photos-carousel-shortcode-id-ee154230366de0f18c6d39b06ae796f2.reposition-arrows.owl-carousel .owl-nav .owl-next {\n    top: 50%;\n    transform: translateY(calc(-50% + 0px));\n    right: 10px;\n  }\n}\n@media screen and (max-width: 778px) and all and (-ms-high-contrast: none) {\n  .photos-carousel-shortcode-id-ee154230366de0f18c6d39b06ae796f2.reposition-arrows.owl-carousel .owl-nav .owl-prev {\n    transform: translateY(-50%);\n    margin-top: 0px;\n  }\n}\n@media screen and (max-width: 778px) and all and (-ms-high-contrast: none) {\n  .photos-carousel-shortcode-id-ee154230366de0f18c6d39b06ae796f2.reposition-arrows.owl-carousel .owl-nav .owl-next {\n    transform: translateY(-50%);\n    margin-top: 0px;\n  }\n}\n.photos-carousel-shortcode-id-ee154230366de0f18c6d39b06ae796f2 figure,\n.photos-carousel-shortcode-id-ee154230366de0f18c6d39b06ae796f2 .rollover,\n.photos-carousel-shortcode-id-ee154230366de0f18c6d39b06ae796f2 img,\n.photos-carousel-shortcode-id-ee154230366de0f18c6d39b06ae796f2 .gallery-rollover {\n  border-radius: 0px;\n}\n.photos-carousel-shortcode-id-ee154230366de0f18c6d39b06ae796f2.enable-bg-rollover .gallery-rollover {\n  background: -webkit-linear-gradient();\n  background: linear-gradient();\n}\n.photos-carousel-shortcode-id-ee154230366de0f18c6d39b06ae796f2.enable-bg-rollover.hover-scale .rollover:after {\n  background: -webkit-linear-gradient();\n  background: linear-gradient();\n}\n.photos-carousel-shortcode-id-ee154230366de0f18c6d39b06ae796f2.enable-img-shadow .owl-stage-outer {\n  padding: 14px 0;\n}\n.photos-carousel-shortcode-id-ee154230366de0f18c6d39b06ae796f2.gallery-shortcode .gallery-zoom-ico {\n  width: 44px;\n  height: 44px;\n  line-height: 44px;\n  border-radius: 100px;\n  margin: -22px 0 0 -22px;\n  border-width: 0px;\n}\n.dt-icon-bg-on.photos-carousel-shortcode-id-ee154230366de0f18c6d39b06ae796f2.gallery-shortcode .gallery-zoom-ico {\n  background: rgba(255,255,255,0.3);\n  -webkit-box-shadow: none;\n  box-shadow: none;\n}\n.photos-carousel-shortcode-id-ee154230366de0f18c6d39b06ae796f2.gallery-shortcode .gallery-zoom-ico:before,\n.photos-carousel-shortcode-id-ee154230366de0f18c6d39b06ae796f2.gallery-shortcode .gallery-zoom-ico span {\n  font-size: 32px;\n  line-height: 44px;\n  color: #ffffff;\n  background: none;\n}<\/style><div class=\"owl-carousel gallery-carousel-shortcode gallery-shortcode dt-gallery-container album-gallery-shortcode dt-owl-carousel-call photos-carousel-shortcode-id-ee154230366de0f18c6d39b06ae796f2 quick-scale-img enable-bg-rollover meta-info-off bullets-small-dot-stroke reposition-arrows dt-icon-bg-off arrows-bg-on dt-arrow-border-on dt-arrow-hover-border-on disable-arrows-hover-bg arrows-hover-bg-on  hover-fade \" data-scroll-mode=\"1\" data-col-num=\"2\" data-wide-col-num=\"2\" data-laptop-col=\"2\" data-h-tablet-columns-num=\"2\" data-v-tablet-columns-num=\"2\" data-phone-columns-num=\"1\" data-col-gap=\"10\" data-stage-padding=\"0\" data-speed=\"600\" data-autoplay=\"false\" data-autoplay_speed=\"6000\" data-arrows=\"true\" data-bullet=\"false\" data-next-icon=\"icon-ar-017-r\" data-prev-icon=\"icon-ar-017-l\" data-img-shadow-size=\"12px\" data-img-shadow-spread=\"3px\"><article class=\"post visible post-626 attachment type-attachment status-inherit hentry\"><a href=\"https:\/\/www.krapf-lex.de\/wp-content\/uploads\/2019\/07\/image-2.png\" class=\"rollover-click-target rollover dt-pswp-item layzr-bg\" title=\"Bild: R. Br\u00fctting, www.trainpics.de\" data-dt-img-description=\"\"  data-large_image_width=\"900\" data-large_image_height = \"600\" ><img fetchpriority=\"high\" decoding=\"async\" class=\"preload-me owl-lazy-load aspect\" src=\"data:image\/svg+xml,%3Csvg%20xmlns%3D&#39;http%3A%2F%2Fwww.w3.org%2F2000%2Fsvg&#39;%20viewBox%3D&#39;0%200%20600%20600&#39;%2F%3E\" data-src=\"https:\/\/www.krapf-lex.de\/wp-content\/uploads\/2019\/07\/image-2-600x600.png\" data-srcset=\"https:\/\/www.krapf-lex.de\/wp-content\/uploads\/2019\/07\/image-2-600x600.png 600w\" loading=\"eager\" style=\"--ratio: 600 \/ 600\" sizes=\"(max-width: 600px) 100vw, 600px\" alt=\"Zug auf Schienen bei Schneefall\" width=\"600\" height=\"600\"  \/><span class=\"gallery-rollover\"><span class=\"gallery-zoom-ico icomoon-the7-font-the7-zoom-06\"><span><\/span><\/span><\/span><\/a><\/article><article class=\"post visible post-621 attachment type-attachment status-inherit hentry\"><a href=\"https:\/\/www.krapf-lex.de\/wp-content\/uploads\/2019\/07\/Zugbild_Schnee.jpg\" class=\"rollover-click-target rollover dt-pswp-item layzr-bg\"  data-dt-img-description=\"\"  data-large_image_width=\"900\" data-large_image_height = \"500\" ><img decoding=\"async\" class=\"preload-me owl-lazy-load aspect\" src=\"data:image\/svg+xml,%3Csvg%20xmlns%3D&#39;http%3A%2F%2Fwww.w3.org%2F2000%2Fsvg&#39;%20viewBox%3D&#39;0%200%20500%20500&#39;%2F%3E\" data-src=\"https:\/\/www.krapf-lex.de\/wp-content\/uploads\/2019\/07\/Zugbild_Schnee-500x500.jpg\" data-srcset=\"https:\/\/www.krapf-lex.de\/wp-content\/uploads\/2019\/07\/Zugbild_Schnee-500x500.jpg 500w\" loading=\"eager\" style=\"--ratio: 500 \/ 500\" sizes=\"(max-width: 500px) 100vw, 500px\" alt=\"\" width=\"500\" height=\"500\"  \/><span class=\"gallery-rollover\"><span class=\"gallery-zoom-ico icomoon-the7-font-the7-zoom-06\"><span><\/span><\/span><\/span><\/a><\/article><\/div>[\/vc_column][\/vc_row][vc_row bg_type=&#8221;bg_color&#8221; bg_color_value=&#8221;#0091a5&#8243; css=&#8221;.vc_custom_1562589008846{margin-right: 15px !important;margin-left: 15px !important;}&#8221;][vc_column width=&#8221;1\/6&#8243;][vc_icon icon_fontawesome=&#8221;fa fa-lightbulb-o&#8221; color=&#8221;custom&#8221; background_style=&#8221;rounded&#8221; background_color=&#8221;custom&#8221; size=&#8221;lg&#8221; align=&#8221;center&#8221; css_animation=&#8221;fadeIn&#8221; custom_background_color=&#8221;#ffffff&#8221; custom_color=&#8221;#0091a5&#8243;][\/vc_column][vc_column width=&#8221;5\/6&#8243;][vc_column_text css=&#8221;.vc_custom_1562836300095{padding-right: 20px !important;padding-left: 20px !important;}&#8221;]<span style=\"color: #ffffff;\">Uk\u0142ady filtr\u00f3w przeciw\u015bniegowych z firmy Krapf &amp; Lex sprawdzi\u0142y si\u0119 ju\u017c w za\u015bnie\u017conych regionach\u00a0 p\u00f3\u0142nocnej Europy oraz w regionach alpejskich. Nasze referencje obejmuj\u0105 Eurosprinter Siemens dla Litwy, poci\u0105gi skandynawskie OUT, Metro Helsinki oraz poci\u0105gi Regina firmy Bombardier, Minutteo ALSTOM oraz FLIRT.<\/span>[\/vc_column_text][\/vc_column][\/vc_row]<\/p>\n<\/div>","protected":false},"excerpt":{"rendered":"<p>[vc_row][vc_column][vc_column_text] Nasze filtry zabezpieczaj\u0105 przed \u015bniegiem [\/vc_column_text][\/vc_column][\/vc_row][vc_row][vc_column width=&#8221;1\/2&#8243;][vc_column_text]W zimie na prze\u0142omie 2009\/2010 wyst\u0105pi\u0142y problemy techniczne w ruchu kolejowym. W ca\u0142ej Europie poci\u0105gi musia\u0142y zatrzymywa\u0107 si\u0119 w po\u0142owie trasy lub mog\u0142y kontynuowa\u0107 jazd\u0119 ze zmniejszon\u0105 moc\u0105, poniewa\u017c przenikaj\u0105cy \u015bnieg powodowa\u0142 wy\u0142\u0105czenie komponent\u00f3w elektronicznych. Najbardziej znanym przyk\u0142adem tego problemu jest Eurostar, kt\u00f3ry kilkukrotnie zatrzymywa\u0142 si\u0119 w kanale&hellip;<\/p>\n","protected":false},"author":3,"featured_media":0,"parent":1025,"menu_order":0,"comment_status":"closed","ping_status":"closed","template":"","meta":{"footnotes":""},"class_list":["post-1040","page","type-page","status-publish","hentry","description-off"],"yoast_head":"<!-- This site is optimized with the Yoast SEO plugin v26.9 - https:\/\/yoast.com\/product\/yoast-seo-wordpress\/ -->\n<title>Ochrona przed \u015bniegiem - Krapf &amp; Lex<\/title>\n<meta name=\"robots\" content=\"index, follow, max-snippet:-1, max-image-preview:large, max-video-preview:-1\" \/>\n<link rel=\"canonical\" href=\"https:\/\/www.krapf-lex.de\/pl\/filtry-powietrza\/ochrona-przed-sniegiem\/\" \/>\n<meta property=\"og:locale\" content=\"pl_PL\" \/>\n<meta property=\"og:type\" content=\"article\" \/>\n<meta property=\"og:title\" content=\"Ochrona przed \u015bniegiem - Krapf &amp; Lex\" \/>\n<meta property=\"og:description\" content=\"[vc_row][vc_column][vc_column_text] Nasze filtry zabezpieczaj\u0105 przed \u015bniegiem [\/vc_column_text][\/vc_column][\/vc_row][vc_row][vc_column width=&#8221;1\/2&#8243;][vc_column_text]W zimie na prze\u0142omie 2009\/2010 wyst\u0105pi\u0142y problemy techniczne w ruchu kolejowym. W ca\u0142ej Europie poci\u0105gi musia\u0142y zatrzymywa\u0107 si\u0119 w po\u0142owie trasy lub mog\u0142y kontynuowa\u0107 jazd\u0119 ze zmniejszon\u0105 moc\u0105, poniewa\u017c przenikaj\u0105cy \u015bnieg powodowa\u0142 wy\u0142\u0105czenie komponent\u00f3w elektronicznych. Najbardziej znanym przyk\u0142adem tego problemu jest Eurostar, kt\u00f3ry kilkukrotnie zatrzymywa\u0142 si\u0119 w kanale&hellip;\" \/>\n<meta property=\"og:url\" content=\"https:\/\/www.krapf-lex.de\/pl\/filtry-powietrza\/ochrona-przed-sniegiem\/\" \/>\n<meta property=\"og:site_name\" content=\"Krapf &amp; Lex\" \/>\n<meta name=\"twitter:card\" content=\"summary_large_image\" \/>\n<meta name=\"twitter:label1\" content=\"Szacowany czas czytania\" \/>\n\t<meta name=\"twitter:data1\" content=\"2 minuty\" \/>\n<script type=\"application\/ld+json\" class=\"yoast-schema-graph\">{\"@context\":\"https:\/\/schema.org\",\"@graph\":[{\"@type\":\"WebPage\",\"@id\":\"https:\/\/www.krapf-lex.de\/pl\/filtry-powietrza\/ochrona-przed-sniegiem\/\",\"url\":\"https:\/\/www.krapf-lex.de\/pl\/filtry-powietrza\/ochrona-przed-sniegiem\/\",\"name\":\"Ochrona przed \u015bniegiem - Krapf &amp; Lex\",\"isPartOf\":{\"@id\":\"https:\/\/www.krapf-lex.de\/pl\/#website\"},\"datePublished\":\"2019-07-11T09:11:45+00:00\",\"breadcrumb\":{\"@id\":\"https:\/\/www.krapf-lex.de\/pl\/filtry-powietrza\/ochrona-przed-sniegiem\/#breadcrumb\"},\"inLanguage\":\"pl-PL\",\"potentialAction\":[{\"@type\":\"ReadAction\",\"target\":[\"https:\/\/www.krapf-lex.de\/pl\/filtry-powietrza\/ochrona-przed-sniegiem\/\"]}]},{\"@type\":\"BreadcrumbList\",\"@id\":\"https:\/\/www.krapf-lex.de\/pl\/filtry-powietrza\/ochrona-przed-sniegiem\/#breadcrumb\",\"itemListElement\":[{\"@type\":\"ListItem\",\"position\":1,\"name\":\"Startseite\",\"item\":\"https:\/\/www.krapf-lex.de\/pl\/\"},{\"@type\":\"ListItem\",\"position\":2,\"name\":\"Filtry Powietrza\",\"item\":\"https:\/\/www.krapf-lex.de\/pl\/filtry-powietrza\/\"},{\"@type\":\"ListItem\",\"position\":3,\"name\":\"Ochrona przed \u015bniegiem\"}]},{\"@type\":\"WebSite\",\"@id\":\"https:\/\/www.krapf-lex.de\/pl\/#website\",\"url\":\"https:\/\/www.krapf-lex.de\/pl\/\",\"name\":\"Krapf &amp; Lex\",\"description\":\"Weiden i. d. Oberpfalz\",\"potentialAction\":[{\"@type\":\"SearchAction\",\"target\":{\"@type\":\"EntryPoint\",\"urlTemplate\":\"https:\/\/www.krapf-lex.de\/pl\/?s={search_term_string}\"},\"query-input\":{\"@type\":\"PropertyValueSpecification\",\"valueRequired\":true,\"valueName\":\"search_term_string\"}}],\"inLanguage\":\"pl-PL\"}]}<\/script>\n<!-- \/ Yoast SEO plugin. -->","yoast_head_json":{"title":"Ochrona przed \u015bniegiem - Krapf &amp; Lex","robots":{"index":"index","follow":"follow","max-snippet":"max-snippet:-1","max-image-preview":"max-image-preview:large","max-video-preview":"max-video-preview:-1"},"canonical":"https:\/\/www.krapf-lex.de\/pl\/filtry-powietrza\/ochrona-przed-sniegiem\/","og_locale":"pl_PL","og_type":"article","og_title":"Ochrona przed \u015bniegiem - Krapf &amp; Lex","og_description":"[vc_row][vc_column][vc_column_text] Nasze filtry zabezpieczaj\u0105 przed \u015bniegiem [\/vc_column_text][\/vc_column][\/vc_row][vc_row][vc_column width=&#8221;1\/2&#8243;][vc_column_text]W zimie na prze\u0142omie 2009\/2010 wyst\u0105pi\u0142y problemy techniczne w ruchu kolejowym. W ca\u0142ej Europie poci\u0105gi musia\u0142y zatrzymywa\u0107 si\u0119 w po\u0142owie trasy lub mog\u0142y kontynuowa\u0107 jazd\u0119 ze zmniejszon\u0105 moc\u0105, poniewa\u017c przenikaj\u0105cy \u015bnieg powodowa\u0142 wy\u0142\u0105czenie komponent\u00f3w elektronicznych. Najbardziej znanym przyk\u0142adem tego problemu jest Eurostar, kt\u00f3ry kilkukrotnie zatrzymywa\u0142 si\u0119 w kanale&hellip;","og_url":"https:\/\/www.krapf-lex.de\/pl\/filtry-powietrza\/ochrona-przed-sniegiem\/","og_site_name":"Krapf &amp; Lex","twitter_card":"summary_large_image","twitter_misc":{"Szacowany czas czytania":"2 minuty"},"schema":{"@context":"https:\/\/schema.org","@graph":[{"@type":"WebPage","@id":"https:\/\/www.krapf-lex.de\/pl\/filtry-powietrza\/ochrona-przed-sniegiem\/","url":"https:\/\/www.krapf-lex.de\/pl\/filtry-powietrza\/ochrona-przed-sniegiem\/","name":"Ochrona przed \u015bniegiem - Krapf &amp; Lex","isPartOf":{"@id":"https:\/\/www.krapf-lex.de\/pl\/#website"},"datePublished":"2019-07-11T09:11:45+00:00","breadcrumb":{"@id":"https:\/\/www.krapf-lex.de\/pl\/filtry-powietrza\/ochrona-przed-sniegiem\/#breadcrumb"},"inLanguage":"pl-PL","potentialAction":[{"@type":"ReadAction","target":["https:\/\/www.krapf-lex.de\/pl\/filtry-powietrza\/ochrona-przed-sniegiem\/"]}]},{"@type":"BreadcrumbList","@id":"https:\/\/www.krapf-lex.de\/pl\/filtry-powietrza\/ochrona-przed-sniegiem\/#breadcrumb","itemListElement":[{"@type":"ListItem","position":1,"name":"Startseite","item":"https:\/\/www.krapf-lex.de\/pl\/"},{"@type":"ListItem","position":2,"name":"Filtry Powietrza","item":"https:\/\/www.krapf-lex.de\/pl\/filtry-powietrza\/"},{"@type":"ListItem","position":3,"name":"Ochrona przed \u015bniegiem"}]},{"@type":"WebSite","@id":"https:\/\/www.krapf-lex.de\/pl\/#website","url":"https:\/\/www.krapf-lex.de\/pl\/","name":"Krapf &amp; Lex","description":"Weiden i. d. Oberpfalz","potentialAction":[{"@type":"SearchAction","target":{"@type":"EntryPoint","urlTemplate":"https:\/\/www.krapf-lex.de\/pl\/?s={search_term_string}"},"query-input":{"@type":"PropertyValueSpecification","valueRequired":true,"valueName":"search_term_string"}}],"inLanguage":"pl-PL"}]}},"_links":{"self":[{"href":"https:\/\/www.krapf-lex.de\/pl\/wp-json\/wp\/v2\/pages\/1040","targetHints":{"allow":["GET"]}}],"collection":[{"href":"https:\/\/www.krapf-lex.de\/pl\/wp-json\/wp\/v2\/pages"}],"about":[{"href":"https:\/\/www.krapf-lex.de\/pl\/wp-json\/wp\/v2\/types\/page"}],"author":[{"embeddable":true,"href":"https:\/\/www.krapf-lex.de\/pl\/wp-json\/wp\/v2\/users\/3"}],"replies":[{"embeddable":true,"href":"https:\/\/www.krapf-lex.de\/pl\/wp-json\/wp\/v2\/comments?post=1040"}],"version-history":[{"count":1,"href":"https:\/\/www.krapf-lex.de\/pl\/wp-json\/wp\/v2\/pages\/1040\/revisions"}],"predecessor-version":[{"id":1041,"href":"https:\/\/www.krapf-lex.de\/pl\/wp-json\/wp\/v2\/pages\/1040\/revisions\/1041"}],"up":[{"embeddable":true,"href":"https:\/\/www.krapf-lex.de\/pl\/wp-json\/wp\/v2\/pages\/1025"}],"wp:attachment":[{"href":"https:\/\/www.krapf-lex.de\/pl\/wp-json\/wp\/v2\/media?parent=1040"}],"curies":[{"name":"wp","href":"https:\/\/api.w.org\/{rel}","templated":true}]}}