{"id":1043,"date":"2019-07-11T11:13:13","date_gmt":"2019-07-11T09:13:13","guid":{"rendered":"http:\/\/www.krapf-lex.de\/?page_id=1043"},"modified":"2019-07-11T11:13:24","modified_gmt":"2019-07-11T09:13:24","slug":"ochrona-przed-wyzszym-cisnieniem-udarowym","status":"publish","type":"page","link":"https:\/\/www.krapf-lex.de\/pl\/filtry-powietrza\/ochrona-przed-wyzszym-cisnieniem-udarowym\/","title":{"rendered":"Ochrona przed wy\u017cszym ci\u015bnieniem udarowym"},"content":{"rendered":"<div class=\"wpb-content-wrapper\"><p>[vc_row][vc_column][vc_column_text]<\/p>\n<h2>Nasze filtry zabezpieczaj\u0105 przed udarowymi zmianami ci\u015bnienia<\/h2>\n<p>[\/vc_column_text][\/vc_column][\/vc_row][vc_row][vc_column width=&#8221;1\/2&#8243;][vc_column_text]<\/p>\n<div id=\"c312\" class=\"csc-default\">\n<div class=\"csc-textpic csc-textpic-intext-right csc-textpic-border csc-textpic-caption-l\">\n<div class=\"csc-textpic-text\">\n<div id=\"c312\" class=\"csc-default\">\n<div class=\"csc-textpic csc-textpic-intext-right csc-textpic-border csc-textpic-caption-l\">\n<div class=\"csc-textpic-text\">\n<p>Je\u015bli poci\u0105gi kolei szybkich wje\u017cd\u017caj\u0105 do tuneli lub gdy wyst\u0119puje ruch z przeciwnego kierunku, mog\u0105 mie\u0107 miejsce silne fluktuacje ci\u015bnienia otoczenia, kt\u00f3re mog\u0105 si\u0119ga\u0107 nawet +\/- 10.000 Pa. Udary ci\u015bnienia mog\u0142yby przedostawa\u0107 si\u0119 do wn\u0119trza szczelnego wagonu poprzez przewody wlotowe \u015bwie\u017cego powietrza i wylotowe uk\u0142adu HVAC. Podczas wyst\u0105pienia r\u00f3\u017cnic ci\u015bnienia we wn\u0119trzu pojazdu, pasa\u017cerowie mogliby odczuwa\u0107 wynikaj\u0105cy z tego dyskomfort. Uk\u0142ady zabezpieczaj\u0105ce przed r\u00f3\u017cnicami ci\u015bnienia sk\u0142adaj\u0105 si\u0119 z obs\u0142ugiwanego pneumatycznie, dociskanego ci\u015bnieniem mocowania oraz elektronicznego miernika ci\u015bnienia r\u00f3\u017cnicowego, kt\u00f3ry w sytuacji przekroczenia warto\u015bci granicznej wysy\u0142a sygna\u0142 do uk\u0142adu pneumatycznego w celu uruchomienia zamykania mechanizmu.<\/p>\n<\/div>\n<\/div>\n<\/div>\n<div id=\"c486\" class=\"csc-default\">\n<div class=\"csc-textpic-text\">\n<p>Uk\u0142ady zabezpieczaj\u0105ce przed r\u00f3\u017cnicami ci\u015bnienia firmy Krapf &amp; Lex oparto na 15-letnim do\u015bwiadczeniu i charakteryzuj\u0105 je w szczeg\u00f3lno\u015bci:<\/p>\n<ul>\n<li>minimalne wymagania odno\u015bnie przestrzeni instalacyjnej<\/li>\n<li>bardzo niska strata ci\u015bnienia<\/li>\n<li>bezawaryjna eksploatacja<\/li>\n<li>bardzo ma\u0142e wymagania konserwacyjne<\/li>\n<\/ul>\n<\/div>\n<\/div>\n<\/div>\n<\/div>\n<\/div>\n<p>[\/vc_column_text][\/vc_column][vc_column width=&#8221;1\/2&#8243;][vc_single_image image=&#8221;142&#8243; img_size=&#8221;full&#8221; onclick=&#8221;link_image&#8221;][\/vc_column][\/vc_row][vc_row bg_type=&#8221;bg_color&#8221; bg_color_value=&#8221;#0091a5&#8243; css=&#8221;.vc_custom_1562589008846{margin-right: 15px !important;margin-left: 15px !important;}&#8221;][vc_column width=&#8221;1\/6&#8243;][vc_icon icon_fontawesome=&#8221;fa fa-lightbulb-o&#8221; color=&#8221;custom&#8221; background_style=&#8221;rounded&#8221; background_color=&#8221;custom&#8221; size=&#8221;lg&#8221; align=&#8221;center&#8221; css_animation=&#8221;fadeIn&#8221; custom_background_color=&#8221;#ffffff&#8221; custom_color=&#8221;#0091a5&#8243;][\/vc_column][vc_column width=&#8221;5\/6&#8243;][vc_column_text css=&#8221;.vc_custom_1562836391043{padding-right: 20px !important;padding-left: 20px !important;}&#8221;]<span style=\"color: #ffffff;\">Uk\u0142ady zabezpieczaj\u0105ce przed r\u00f3\u017cnicami ci\u015bnienia firmy Krapf &amp; Lex\u00a0 niezawodnie gwarantuj\u0105 bardzo wysoki komfort dla pasa\u017cer\u00f3w oraz personelu poci\u0105gu przy du\u017cych pr\u0119dko\u015bciach jazdy, przez ca\u0142y czas. Nasze najlepsze referencje to Transrapid, ICE3 w Niemczech, Raijlet w Austrii oraz TRAXX Locomitives Bombardier.<\/span>[\/vc_column_text][\/vc_column][\/vc_row]<\/p>\n<\/div>","protected":false},"excerpt":{"rendered":"<p>[vc_row][vc_column][vc_column_text] Nasze filtry zabezpieczaj\u0105 przed udarowymi zmianami ci\u015bnienia [\/vc_column_text][\/vc_column][\/vc_row][vc_row][vc_column width=&#8221;1\/2&#8243;][vc_column_text] Je\u015bli poci\u0105gi kolei szybkich wje\u017cd\u017caj\u0105 do tuneli lub gdy wyst\u0119puje ruch z przeciwnego kierunku, mog\u0105 mie\u0107 miejsce silne fluktuacje ci\u015bnienia otoczenia, kt\u00f3re mog\u0105 si\u0119ga\u0107 nawet +\/- 10.000 Pa. Udary ci\u015bnienia mog\u0142yby przedostawa\u0107 si\u0119 do wn\u0119trza szczelnego wagonu poprzez przewody wlotowe \u015bwie\u017cego powietrza i wylotowe uk\u0142adu&hellip;<\/p>\n","protected":false},"author":3,"featured_media":0,"parent":1025,"menu_order":0,"comment_status":"closed","ping_status":"closed","template":"","meta":{"footnotes":""},"class_list":["post-1043","page","type-page","status-publish","hentry","description-off"],"yoast_head":"<!-- This site is optimized with the Yoast SEO plugin v26.9 - https:\/\/yoast.com\/product\/yoast-seo-wordpress\/ -->\n<title>Ochrona przed wy\u017cszym ci\u015bnieniem udarowym - Krapf &amp; Lex<\/title>\n<meta name=\"robots\" content=\"index, follow, max-snippet:-1, max-image-preview:large, max-video-preview:-1\" \/>\n<link rel=\"canonical\" href=\"https:\/\/www.krapf-lex.de\/pl\/filtry-powietrza\/ochrona-przed-wyzszym-cisnieniem-udarowym\/\" \/>\n<meta property=\"og:locale\" content=\"pl_PL\" \/>\n<meta property=\"og:type\" content=\"article\" \/>\n<meta property=\"og:title\" content=\"Ochrona przed wy\u017cszym ci\u015bnieniem udarowym - Krapf &amp; Lex\" \/>\n<meta property=\"og:description\" content=\"[vc_row][vc_column][vc_column_text] Nasze filtry zabezpieczaj\u0105 przed udarowymi zmianami ci\u015bnienia [\/vc_column_text][\/vc_column][\/vc_row][vc_row][vc_column width=&#8221;1\/2&#8243;][vc_column_text] Je\u015bli poci\u0105gi kolei szybkich wje\u017cd\u017caj\u0105 do tuneli lub gdy wyst\u0119puje ruch z przeciwnego kierunku, mog\u0105 mie\u0107 miejsce silne fluktuacje ci\u015bnienia otoczenia, kt\u00f3re mog\u0105 si\u0119ga\u0107 nawet +\/- 10.000 Pa. Udary ci\u015bnienia mog\u0142yby przedostawa\u0107 si\u0119 do wn\u0119trza szczelnego wagonu poprzez przewody wlotowe \u015bwie\u017cego powietrza i wylotowe uk\u0142adu&hellip;\" \/>\n<meta property=\"og:url\" content=\"https:\/\/www.krapf-lex.de\/pl\/filtry-powietrza\/ochrona-przed-wyzszym-cisnieniem-udarowym\/\" \/>\n<meta property=\"og:site_name\" content=\"Krapf &amp; Lex\" \/>\n<meta property=\"article:modified_time\" content=\"2019-07-11T09:13:24+00:00\" \/>\n<meta name=\"twitter:card\" content=\"summary_large_image\" \/>\n<meta name=\"twitter:label1\" content=\"Szacowany czas czytania\" \/>\n\t<meta name=\"twitter:data1\" content=\"2 minuty\" \/>\n<script type=\"application\/ld+json\" class=\"yoast-schema-graph\">{\"@context\":\"https:\/\/schema.org\",\"@graph\":[{\"@type\":\"WebPage\",\"@id\":\"https:\/\/www.krapf-lex.de\/pl\/filtry-powietrza\/ochrona-przed-wyzszym-cisnieniem-udarowym\/\",\"url\":\"https:\/\/www.krapf-lex.de\/pl\/filtry-powietrza\/ochrona-przed-wyzszym-cisnieniem-udarowym\/\",\"name\":\"Ochrona przed wy\u017cszym ci\u015bnieniem udarowym - Krapf &amp; Lex\",\"isPartOf\":{\"@id\":\"https:\/\/www.krapf-lex.de\/pl\/#website\"},\"datePublished\":\"2019-07-11T09:13:13+00:00\",\"dateModified\":\"2019-07-11T09:13:24+00:00\",\"breadcrumb\":{\"@id\":\"https:\/\/www.krapf-lex.de\/pl\/filtry-powietrza\/ochrona-przed-wyzszym-cisnieniem-udarowym\/#breadcrumb\"},\"inLanguage\":\"pl-PL\",\"potentialAction\":[{\"@type\":\"ReadAction\",\"target\":[\"https:\/\/www.krapf-lex.de\/pl\/filtry-powietrza\/ochrona-przed-wyzszym-cisnieniem-udarowym\/\"]}]},{\"@type\":\"BreadcrumbList\",\"@id\":\"https:\/\/www.krapf-lex.de\/pl\/filtry-powietrza\/ochrona-przed-wyzszym-cisnieniem-udarowym\/#breadcrumb\",\"itemListElement\":[{\"@type\":\"ListItem\",\"position\":1,\"name\":\"Startseite\",\"item\":\"https:\/\/www.krapf-lex.de\/pl\/\"},{\"@type\":\"ListItem\",\"position\":2,\"name\":\"Filtry Powietrza\",\"item\":\"https:\/\/www.krapf-lex.de\/pl\/filtry-powietrza\/\"},{\"@type\":\"ListItem\",\"position\":3,\"name\":\"Ochrona przed wy\u017cszym ci\u015bnieniem udarowym\"}]},{\"@type\":\"WebSite\",\"@id\":\"https:\/\/www.krapf-lex.de\/pl\/#website\",\"url\":\"https:\/\/www.krapf-lex.de\/pl\/\",\"name\":\"Krapf &amp; Lex\",\"description\":\"Weiden i. d. Oberpfalz\",\"potentialAction\":[{\"@type\":\"SearchAction\",\"target\":{\"@type\":\"EntryPoint\",\"urlTemplate\":\"https:\/\/www.krapf-lex.de\/pl\/?s={search_term_string}\"},\"query-input\":{\"@type\":\"PropertyValueSpecification\",\"valueRequired\":true,\"valueName\":\"search_term_string\"}}],\"inLanguage\":\"pl-PL\"}]}<\/script>\n<!-- \/ Yoast SEO plugin. -->","yoast_head_json":{"title":"Ochrona przed wy\u017cszym ci\u015bnieniem udarowym - Krapf &amp; Lex","robots":{"index":"index","follow":"follow","max-snippet":"max-snippet:-1","max-image-preview":"max-image-preview:large","max-video-preview":"max-video-preview:-1"},"canonical":"https:\/\/www.krapf-lex.de\/pl\/filtry-powietrza\/ochrona-przed-wyzszym-cisnieniem-udarowym\/","og_locale":"pl_PL","og_type":"article","og_title":"Ochrona przed wy\u017cszym ci\u015bnieniem udarowym - Krapf &amp; Lex","og_description":"[vc_row][vc_column][vc_column_text] Nasze filtry zabezpieczaj\u0105 przed udarowymi zmianami ci\u015bnienia [\/vc_column_text][\/vc_column][\/vc_row][vc_row][vc_column width=&#8221;1\/2&#8243;][vc_column_text] Je\u015bli poci\u0105gi kolei szybkich wje\u017cd\u017caj\u0105 do tuneli lub gdy wyst\u0119puje ruch z przeciwnego kierunku, mog\u0105 mie\u0107 miejsce silne fluktuacje ci\u015bnienia otoczenia, kt\u00f3re mog\u0105 si\u0119ga\u0107 nawet +\/- 10.000 Pa. Udary ci\u015bnienia mog\u0142yby przedostawa\u0107 si\u0119 do wn\u0119trza szczelnego wagonu poprzez przewody wlotowe \u015bwie\u017cego powietrza i wylotowe uk\u0142adu&hellip;","og_url":"https:\/\/www.krapf-lex.de\/pl\/filtry-powietrza\/ochrona-przed-wyzszym-cisnieniem-udarowym\/","og_site_name":"Krapf &amp; Lex","article_modified_time":"2019-07-11T09:13:24+00:00","twitter_card":"summary_large_image","twitter_misc":{"Szacowany czas czytania":"2 minuty"},"schema":{"@context":"https:\/\/schema.org","@graph":[{"@type":"WebPage","@id":"https:\/\/www.krapf-lex.de\/pl\/filtry-powietrza\/ochrona-przed-wyzszym-cisnieniem-udarowym\/","url":"https:\/\/www.krapf-lex.de\/pl\/filtry-powietrza\/ochrona-przed-wyzszym-cisnieniem-udarowym\/","name":"Ochrona przed wy\u017cszym ci\u015bnieniem udarowym - Krapf &amp; Lex","isPartOf":{"@id":"https:\/\/www.krapf-lex.de\/pl\/#website"},"datePublished":"2019-07-11T09:13:13+00:00","dateModified":"2019-07-11T09:13:24+00:00","breadcrumb":{"@id":"https:\/\/www.krapf-lex.de\/pl\/filtry-powietrza\/ochrona-przed-wyzszym-cisnieniem-udarowym\/#breadcrumb"},"inLanguage":"pl-PL","potentialAction":[{"@type":"ReadAction","target":["https:\/\/www.krapf-lex.de\/pl\/filtry-powietrza\/ochrona-przed-wyzszym-cisnieniem-udarowym\/"]}]},{"@type":"BreadcrumbList","@id":"https:\/\/www.krapf-lex.de\/pl\/filtry-powietrza\/ochrona-przed-wyzszym-cisnieniem-udarowym\/#breadcrumb","itemListElement":[{"@type":"ListItem","position":1,"name":"Startseite","item":"https:\/\/www.krapf-lex.de\/pl\/"},{"@type":"ListItem","position":2,"name":"Filtry Powietrza","item":"https:\/\/www.krapf-lex.de\/pl\/filtry-powietrza\/"},{"@type":"ListItem","position":3,"name":"Ochrona przed wy\u017cszym ci\u015bnieniem udarowym"}]},{"@type":"WebSite","@id":"https:\/\/www.krapf-lex.de\/pl\/#website","url":"https:\/\/www.krapf-lex.de\/pl\/","name":"Krapf &amp; Lex","description":"Weiden i. d. Oberpfalz","potentialAction":[{"@type":"SearchAction","target":{"@type":"EntryPoint","urlTemplate":"https:\/\/www.krapf-lex.de\/pl\/?s={search_term_string}"},"query-input":{"@type":"PropertyValueSpecification","valueRequired":true,"valueName":"search_term_string"}}],"inLanguage":"pl-PL"}]}},"_links":{"self":[{"href":"https:\/\/www.krapf-lex.de\/pl\/wp-json\/wp\/v2\/pages\/1043","targetHints":{"allow":["GET"]}}],"collection":[{"href":"https:\/\/www.krapf-lex.de\/pl\/wp-json\/wp\/v2\/pages"}],"about":[{"href":"https:\/\/www.krapf-lex.de\/pl\/wp-json\/wp\/v2\/types\/page"}],"author":[{"embeddable":true,"href":"https:\/\/www.krapf-lex.de\/pl\/wp-json\/wp\/v2\/users\/3"}],"replies":[{"embeddable":true,"href":"https:\/\/www.krapf-lex.de\/pl\/wp-json\/wp\/v2\/comments?post=1043"}],"version-history":[{"count":1,"href":"https:\/\/www.krapf-lex.de\/pl\/wp-json\/wp\/v2\/pages\/1043\/revisions"}],"predecessor-version":[{"id":1044,"href":"https:\/\/www.krapf-lex.de\/pl\/wp-json\/wp\/v2\/pages\/1043\/revisions\/1044"}],"up":[{"embeddable":true,"href":"https:\/\/www.krapf-lex.de\/pl\/wp-json\/wp\/v2\/pages\/1025"}],"wp:attachment":[{"href":"https:\/\/www.krapf-lex.de\/pl\/wp-json\/wp\/v2\/media?parent=1043"}],"curies":[{"name":"wp","href":"https:\/\/api.w.org\/{rel}","templated":true}]}}