{"id":1099,"date":"2019-07-11T11:36:44","date_gmt":"2019-07-11T09:36:44","guid":{"rendered":"http:\/\/www.krapf-lex.de\/?page_id=1099"},"modified":"2019-07-15T15:45:37","modified_gmt":"2019-07-15T13:45:37","slug":"stopka-redakcyjna","status":"publish","type":"page","link":"https:\/\/www.krapf-lex.de\/pl\/stopka-redakcyjna\/","title":{"rendered":"Stopka redakcyjna"},"content":{"rendered":"<div class=\"wpb-content-wrapper\"><p>[vc_row][vc_column width=&#8221;1\/2&#8243;][vc_column_text]<\/p>\n<h2>Informacja o firmie<\/h2>\n<h3>Wydawca:<\/h3>\n<p><b>Krapf &amp; Lex Nachf. Verkehrstechnik\u00a0GmbH &amp; Co. KG<\/b><br \/>\nSiedziba w Roding, s\u0105d miejscowy Regensburg HRA 5460<br \/>\nG\u0142\u00f3wny wsp\u00f3lnik: K&amp;L Verwaltungs-GmbH, Siedziba w Roding<br \/>\nDyrektorzy zarz\u0105dzaj\u0105cy: Dypl. In\u017c. (FH) Martin Schulz, Silvia Schulz<br \/>\nZarejestrowany w s\u0105dzie miejscowym Regensburg HBR 10246<br \/>\nNumer identyfikacji podatkowej : 255 \/ 166 \/ 51108<br \/>\nNumer rejestracyjny VAT: DE 811 390 956<\/p>\n<p>Krapf &amp; Lex Nachf. Verkehrstechnik GmbH &amp; Co. KG<br \/>\nNeuer Gstettenweg 2<br \/>\nD-93426 Roding<\/p>\n<p>Telefon: +49 (0) 94 61\u00a0\/\u00a091 23 72<br \/>\nFax: +49 (0) 94 61 \/ 91 12 75<br \/>\nInternet: <a href=\"http:\/\/www.krapf-lex.de\/\" target=\"_blank\" rel=\"noopener noreferrer\">http:\/\/www.krapf-lex.de<\/a><br \/>\nE-Mail: <a href=\"mailto:contact@krapf-lex.de\">contact(at)krapf-lex(dot)de<\/a><\/p>\n<h3>Odpowiedzialny za tre\u015b\u0107<\/h3>\n<p><b>Dypl. In\u017c. (FH) Martin Schulz<\/b><br \/>\nKrapf &amp; Lex Nachf. Verkehrstechnik GmbH &amp; Co. KG<br \/>\nStresemannstra\u00dfe 13<br \/>\nD-92637 Weiden<\/p>\n<p>Telefon: +49 (0) 9 61 \/ 6 34 84 &#8211; 50<br \/>\nFax: +49 (0) 9 61 \/ 6 34 84 &#8211; 54<br \/>\nE-Mail: <a href=\"mailto:contact@krapf-lex.de\">contact(at)krapf-lex(dot)de<\/a>[\/vc_column_text][vc_column_text]<\/p>\n<h3>Zdj\u0119cie kredyt\u00f3w<\/h3>\n<p class=\"no-margin beta\"><span class=\"grey dove-text\">Headerbild Filter Regen\u00a0<\/span><span class=\"grey mountain-mist-text\">von<\/span> <span class=\"blue bleu-de-france-text\"><a class=\"blue bleu-de-france-text\" href=\"https:\/\/stock.adobe.com\/de\/contributor\/206184451\/johnalexandr?load_type=author&amp;prev_url=detail\" data-ingest-clicktype=\"details-contributor-link\">johnalexandr<\/a>\u00a0@ stock.adobe.com<br \/>\n<\/span><span class=\"grey dove-text\">Headerbild Filter Staub\u00a0<\/span><span class=\"grey mountain-mist-text\">von<\/span> <span class=\"blue bleu-de-france-text\"><a class=\"blue bleu-de-france-text\" href=\"https:\/\/stock.adobe.com\/de\/contributor\/203424719\/allard1?load_type=author&amp;prev_url=detail\" data-ingest-clicktype=\"details-contributor-link\">allard1<\/a> @ stock.adobe.com<br \/>\nHeaderbild Filter Schnee von <\/span><span class=\"blue bleu-de-france-text\"><a class=\"blue bleu-de-france-text\" href=\"https:\/\/stock.adobe.com\/de\/contributor\/201569721\/tobias-arhelger?load_type=author&amp;prev_url=detail\" data-ingest-clicktype=\"details-contributor-link\">Tobias Arhelger<\/a><\/span><span class=\"blue bleu-de-france-text\">\u00a0<\/span><span class=\"blue bleu-de-france-text\">@ stock.adobe.com<br \/>\nHeaderbild Filter Druckschl\u00e4ge\u00a0<\/span><span class=\"grey mountain-mist-text\">von<\/span> <span class=\"blue bleu-de-france-text\"><a class=\"blue bleu-de-france-text\" href=\"https:\/\/stock.adobe.com\/de\/contributor\/200965174\/lightpoet?load_type=author&amp;prev_url=detail\" data-ingest-clicktype=\"details-contributor-link\">lightpoet<\/a> @ stock.adobe.com<br \/>\nHeaderbild Kontakt v<\/span><span class=\"grey mountain-mist-text\">on<\/span> <span class=\"blue bleu-de-france-text\"><a class=\"blue bleu-de-france-text\" href=\"https:\/\/stock.adobe.com\/de\/contributor\/200825764\/redpixel?load_type=author&amp;prev_url=detail\" data-ingest-clicktype=\"details-contributor-link\">REDPIXEL<\/a><\/span><span class=\"blue bleu-de-france-text\">\u00a0@ stock.adobe.com<br \/>\nHeaderbild Informationen\u00a0<\/span><span class=\"grey mountain-mist-text\">von<\/span> <span class=\"blue bleu-de-france-text\"><a class=\"blue bleu-de-france-text\" href=\"https:\/\/stock.adobe.com\/de\/contributor\/200417761\/bits-and-splits?load_type=author&amp;prev_url=detail\" data-ingest-clicktype=\"details-contributor-link\">Bits and Splits<\/a> @ stock.adobe.com<\/span><\/p>\n<p>[\/vc_column_text][\/vc_column][vc_column width=&#8221;1\/2&#8243;][vc_column_text]<\/p>\n<h3>Klauzula wy\u0142\u0105czenia odpowiedzialno\u015bci<\/h3>\n<p>Wszystkie informacje podane s\u0105 zgodnie z nasz\u0105 najlepsz\u0105 wiedz\u0105 i przekonaniem.<br \/>\nJe\u017celi nadal wyst\u0119puj\u0105 b\u0142\u0119dy, ubolewamy nad tym, ale nie przyjmujemy odpowiedzialno\u015bci z tego tytu\u0142u.<br \/>\nPragniemy wyra\u017anie podkre\u015bli\u0107, \u017ce stale zmieniamy informacje o naszej ofercie ze wzgl\u0119du na aktualizacj\u0119.<\/p>\n<h3>\u00a9 Copyright<\/h3>\n<p>Tre\u015b\u0107 strony www.krapf-lex.de jest chroniona prawem autorskim.<br \/>\nTe wiadomo\u015bci s\u0105 przeznaczone wy\u0142\u0105cznie dla pa\u0144stwa informacji.<br \/>\nWszelkie inne wykorzystywanie, zw\u0142aszcza przechowywanie w bazach danych, publikacja, kopiowanie i ka\u017cda forma u\u017cytku komercyjnego, jak i transmisji do trzeciej osoby &#8211; tak\u017ce w cz\u0119\u015bci lub w formie zmienionej bez zgody Krapf &amp; Lex Verkehrstechnik GmbH &amp; Co. KG &#8211; jest zabronione.<\/p>\n<h3>Klauzula wy\u0142\u0105czenia odpowiedzialno\u015bci z tytu\u0142u odsy\u0142aczy i link\u00f3w<\/h3>\n<p>W przypadku bezpo\u015brednich lub po\u015brednich odniesie\u0144 do zewn\u0119trznych stron internetowych (&#8222;hiper\u0142\u0105cze&#8221;), kt\u00f3re le\u017c\u0105 poza obszarem odpowiedzialno\u015bci autora, odpowiedzialno\u015b\u0107 taka staje si\u0119 skuteczna tylko i wy\u0142\u0105cznie w przypadku, gdy autor ma wiedz\u0119 na temat tre\u015bci i by\u0142by w stanie technicznie i w racjonalnym zakresie zapobiec u\u017cyciu w przypadku tre\u015bci niezgodnych z prawem. Autor wyja\u015bnia niniejszym wyra\u017anie, \u017ce do czasu w kt\u00f3rym linki zosta\u0142y umieszczone, \u017cadne tre\u015bci niezgodne z prawem nie zosta\u0142y rozpoznane na stronach, kt\u00f3re maj\u0105 by\u0107 powi\u0105zane. Autor nie ma wp\u0142ywu na bie\u017c\u0105cy i przysz\u0142y projekt, tre\u015bci lub autorstwo z po\u0142\u0105czonych\/powi\u0105zanych stron. Dlatego te\u017c niniejszym wyra\u017anie dystansuje si\u0119 od wszelkich tre\u015bci wszystkich po\u0142\u0105czonych\/powi\u0105zanych stron, kt\u00f3re zosta\u0142y zmienione od chwili dokonania powi\u0105zania. To stwierdzenie dotyczy wszystkich umieszczonych link\u00f3w i odno\u015bnik\u00f3w, jak r\u00f3wnie\u017c wpis\u00f3w do ksi\u0119gi go\u015bci w ksi\u0119dze go\u015bci zainstalowanej przez autora, na forach dyskusyjnych i listach mailingowych wewn\u0105trz w\u0142asnego serwisu internetowego. Za nielegalne, b\u0142\u0119dne lub niekompletne tre\u015bci, a w szczeg\u00f3lno\u015bci za szkody, kt\u00f3re wynikaj\u0105 z wykorzystania lub niewykorzystania informacji prezentowanych taki spos\u00f3b, odpowiedzialny jest sam dostawca lub strona, do kt\u00f3rej zosta\u0142o dokonane po\u0142\u0105czenie, nie za\u015b ten, kt\u00f3ry odnosi si\u0119 jedynie do konkretnej publikacji poprzez linki.[\/vc_column_text][\/vc_column][\/vc_row]<\/p>\n<\/div>","protected":false},"excerpt":{"rendered":"<p>[vc_row][vc_column width=&#8221;1\/2&#8243;][vc_column_text] Informacja o firmie Wydawca: Krapf &amp; Lex Nachf. Verkehrstechnik\u00a0GmbH &amp; Co. KG Siedziba w Roding, s\u0105d miejscowy Regensburg HRA 5460 G\u0142\u00f3wny wsp\u00f3lnik: K&amp;L Verwaltungs-GmbH, Siedziba w Roding Dyrektorzy zarz\u0105dzaj\u0105cy: Dypl. In\u017c. (FH) Martin Schulz, Silvia Schulz Zarejestrowany w s\u0105dzie miejscowym Regensburg HBR 10246 Numer identyfikacji podatkowej : 255 \/ 166 \/ 51108 Numer&hellip;<\/p>\n","protected":false},"author":3,"featured_media":0,"parent":0,"menu_order":0,"comment_status":"closed","ping_status":"closed","template":"","meta":{"footnotes":""},"class_list":["post-1099","page","type-page","status-publish","hentry","description-off"],"yoast_head":"<!-- This site is optimized with the Yoast SEO plugin v26.9 - https:\/\/yoast.com\/product\/yoast-seo-wordpress\/ -->\n<title>Stopka redakcyjna - Krapf &amp; Lex<\/title>\n<meta name=\"robots\" content=\"index, follow, max-snippet:-1, max-image-preview:large, max-video-preview:-1\" \/>\n<link rel=\"canonical\" href=\"https:\/\/www.krapf-lex.de\/pl\/stopka-redakcyjna\/\" \/>\n<meta property=\"og:locale\" content=\"pl_PL\" \/>\n<meta property=\"og:type\" content=\"article\" \/>\n<meta property=\"og:title\" content=\"Stopka redakcyjna - Krapf &amp; Lex\" \/>\n<meta property=\"og:description\" content=\"[vc_row][vc_column width=&#8221;1\/2&#8243;][vc_column_text] Informacja o firmie Wydawca: Krapf &amp; Lex Nachf. Verkehrstechnik\u00a0GmbH &amp; Co. KG Siedziba w Roding, s\u0105d miejscowy Regensburg HRA 5460 G\u0142\u00f3wny wsp\u00f3lnik: K&amp;L Verwaltungs-GmbH, Siedziba w Roding Dyrektorzy zarz\u0105dzaj\u0105cy: Dypl. In\u017c. (FH) Martin Schulz, Silvia Schulz Zarejestrowany w s\u0105dzie miejscowym Regensburg HBR 10246 Numer identyfikacji podatkowej : 255 \/ 166 \/ 51108 Numer&hellip;\" \/>\n<meta property=\"og:url\" content=\"https:\/\/www.krapf-lex.de\/pl\/stopka-redakcyjna\/\" \/>\n<meta property=\"og:site_name\" content=\"Krapf &amp; Lex\" \/>\n<meta property=\"article:modified_time\" content=\"2019-07-15T13:45:37+00:00\" \/>\n<meta name=\"twitter:card\" content=\"summary_large_image\" \/>\n<meta name=\"twitter:label1\" content=\"Szacowany czas czytania\" \/>\n\t<meta name=\"twitter:data1\" content=\"3 minuty\" \/>\n<script type=\"application\/ld+json\" class=\"yoast-schema-graph\">{\"@context\":\"https:\/\/schema.org\",\"@graph\":[{\"@type\":\"WebPage\",\"@id\":\"https:\/\/www.krapf-lex.de\/pl\/stopka-redakcyjna\/\",\"url\":\"https:\/\/www.krapf-lex.de\/pl\/stopka-redakcyjna\/\",\"name\":\"Stopka redakcyjna - Krapf &amp; Lex\",\"isPartOf\":{\"@id\":\"https:\/\/www.krapf-lex.de\/pl\/#website\"},\"datePublished\":\"2019-07-11T09:36:44+00:00\",\"dateModified\":\"2019-07-15T13:45:37+00:00\",\"breadcrumb\":{\"@id\":\"https:\/\/www.krapf-lex.de\/pl\/stopka-redakcyjna\/#breadcrumb\"},\"inLanguage\":\"pl-PL\",\"potentialAction\":[{\"@type\":\"ReadAction\",\"target\":[\"https:\/\/www.krapf-lex.de\/pl\/stopka-redakcyjna\/\"]}]},{\"@type\":\"BreadcrumbList\",\"@id\":\"https:\/\/www.krapf-lex.de\/pl\/stopka-redakcyjna\/#breadcrumb\",\"itemListElement\":[{\"@type\":\"ListItem\",\"position\":1,\"name\":\"Startseite\",\"item\":\"https:\/\/www.krapf-lex.de\/pl\/\"},{\"@type\":\"ListItem\",\"position\":2,\"name\":\"Stopka redakcyjna\"}]},{\"@type\":\"WebSite\",\"@id\":\"https:\/\/www.krapf-lex.de\/pl\/#website\",\"url\":\"https:\/\/www.krapf-lex.de\/pl\/\",\"name\":\"Krapf &amp; Lex\",\"description\":\"Weiden i. d. Oberpfalz\",\"potentialAction\":[{\"@type\":\"SearchAction\",\"target\":{\"@type\":\"EntryPoint\",\"urlTemplate\":\"https:\/\/www.krapf-lex.de\/pl\/?s={search_term_string}\"},\"query-input\":{\"@type\":\"PropertyValueSpecification\",\"valueRequired\":true,\"valueName\":\"search_term_string\"}}],\"inLanguage\":\"pl-PL\"}]}<\/script>\n<!-- \/ Yoast SEO plugin. -->","yoast_head_json":{"title":"Stopka redakcyjna - Krapf &amp; Lex","robots":{"index":"index","follow":"follow","max-snippet":"max-snippet:-1","max-image-preview":"max-image-preview:large","max-video-preview":"max-video-preview:-1"},"canonical":"https:\/\/www.krapf-lex.de\/pl\/stopka-redakcyjna\/","og_locale":"pl_PL","og_type":"article","og_title":"Stopka redakcyjna - Krapf &amp; Lex","og_description":"[vc_row][vc_column width=&#8221;1\/2&#8243;][vc_column_text] Informacja o firmie Wydawca: Krapf &amp; Lex Nachf. Verkehrstechnik\u00a0GmbH &amp; Co. KG Siedziba w Roding, s\u0105d miejscowy Regensburg HRA 5460 G\u0142\u00f3wny wsp\u00f3lnik: K&amp;L Verwaltungs-GmbH, Siedziba w Roding Dyrektorzy zarz\u0105dzaj\u0105cy: Dypl. In\u017c. (FH) Martin Schulz, Silvia Schulz Zarejestrowany w s\u0105dzie miejscowym Regensburg HBR 10246 Numer identyfikacji podatkowej : 255 \/ 166 \/ 51108 Numer&hellip;","og_url":"https:\/\/www.krapf-lex.de\/pl\/stopka-redakcyjna\/","og_site_name":"Krapf &amp; Lex","article_modified_time":"2019-07-15T13:45:37+00:00","twitter_card":"summary_large_image","twitter_misc":{"Szacowany czas czytania":"3 minuty"},"schema":{"@context":"https:\/\/schema.org","@graph":[{"@type":"WebPage","@id":"https:\/\/www.krapf-lex.de\/pl\/stopka-redakcyjna\/","url":"https:\/\/www.krapf-lex.de\/pl\/stopka-redakcyjna\/","name":"Stopka redakcyjna - Krapf &amp; Lex","isPartOf":{"@id":"https:\/\/www.krapf-lex.de\/pl\/#website"},"datePublished":"2019-07-11T09:36:44+00:00","dateModified":"2019-07-15T13:45:37+00:00","breadcrumb":{"@id":"https:\/\/www.krapf-lex.de\/pl\/stopka-redakcyjna\/#breadcrumb"},"inLanguage":"pl-PL","potentialAction":[{"@type":"ReadAction","target":["https:\/\/www.krapf-lex.de\/pl\/stopka-redakcyjna\/"]}]},{"@type":"BreadcrumbList","@id":"https:\/\/www.krapf-lex.de\/pl\/stopka-redakcyjna\/#breadcrumb","itemListElement":[{"@type":"ListItem","position":1,"name":"Startseite","item":"https:\/\/www.krapf-lex.de\/pl\/"},{"@type":"ListItem","position":2,"name":"Stopka redakcyjna"}]},{"@type":"WebSite","@id":"https:\/\/www.krapf-lex.de\/pl\/#website","url":"https:\/\/www.krapf-lex.de\/pl\/","name":"Krapf &amp; Lex","description":"Weiden i. d. Oberpfalz","potentialAction":[{"@type":"SearchAction","target":{"@type":"EntryPoint","urlTemplate":"https:\/\/www.krapf-lex.de\/pl\/?s={search_term_string}"},"query-input":{"@type":"PropertyValueSpecification","valueRequired":true,"valueName":"search_term_string"}}],"inLanguage":"pl-PL"}]}},"_links":{"self":[{"href":"https:\/\/www.krapf-lex.de\/pl\/wp-json\/wp\/v2\/pages\/1099","targetHints":{"allow":["GET"]}}],"collection":[{"href":"https:\/\/www.krapf-lex.de\/pl\/wp-json\/wp\/v2\/pages"}],"about":[{"href":"https:\/\/www.krapf-lex.de\/pl\/wp-json\/wp\/v2\/types\/page"}],"author":[{"embeddable":true,"href":"https:\/\/www.krapf-lex.de\/pl\/wp-json\/wp\/v2\/users\/3"}],"replies":[{"embeddable":true,"href":"https:\/\/www.krapf-lex.de\/pl\/wp-json\/wp\/v2\/comments?post=1099"}],"version-history":[{"count":2,"href":"https:\/\/www.krapf-lex.de\/pl\/wp-json\/wp\/v2\/pages\/1099\/revisions"}],"predecessor-version":[{"id":1257,"href":"https:\/\/www.krapf-lex.de\/pl\/wp-json\/wp\/v2\/pages\/1099\/revisions\/1257"}],"wp:attachment":[{"href":"https:\/\/www.krapf-lex.de\/pl\/wp-json\/wp\/v2\/media?parent=1099"}],"curies":[{"name":"wp","href":"https:\/\/api.w.org\/{rel}","templated":true}]}}